{"id":2440,"date":"2015-09-09T15:57:24","date_gmt":"2015-09-09T23:57:24","guid":{"rendered":"http:\/\/dharservices.com\/?page_id=2440"},"modified":"2023-12-06T15:13:59","modified_gmt":"2023-12-06T22:13:59","slug":"edilma-angel","status":"publish","type":"page","link":"https:\/\/dharservices.com\/?page_id=2440","title":{"rendered":"Edilma \u00c1ngel"},"content":{"rendered":"<p style=\"line-height: 20pt; margin: 0cm 0cm 7.5pt; text-align: left; background: white;\" align=\"center\"><span style=\"color: #0000ff;\"><span lang=\"ES\" style=\"font-size: 10.5pt; font-family: Arial, sans-serif;\"><span style=\"color: #0000ff; font-family: Arial, sans-serif;\"><span style=\"font-size: 10.5pt;\"><b><img loading=\"lazy\" decoding=\"async\" class=\" wp-image-2528 alignleft\" src=\"http:\/\/dharservices.com\/wp-content\/uploads\/2015\/09\/edilma_edited-5-238x300.png\" alt=\"edilma_edited-5\" width=\"191\" height=\"241\" srcset=\"https:\/\/dharservices.com\/wp-content\/uploads\/2015\/09\/edilma_edited-5-238x300.png 238w, https:\/\/dharservices.com\/wp-content\/uploads\/2015\/09\/edilma_edited-5-814x1024.png 814w, https:\/\/dharservices.com\/wp-content\/uploads\/2015\/09\/edilma_edited-5.png 1058w\" sizes=\"auto, (max-width: 191px) 100vw, 191px\" \/>CEO &#8211; <\/b><\/span><\/span><span style=\"color: #0000ff; font-family: Arial, sans-serif;\"><span style=\"font-size: 14px;\"><b>Director <\/b><\/span><\/span><span style=\"color: #0000ff; font-family: Arial, sans-serif;\"><span style=\"font-size: 10.5pt;\"><b>General<\/b><\/span><\/span><\/span><\/span><\/p>\n<p>Edilma \u00c1ngel, naci\u00f3 en Colombia y reside en Estados Unidos. Escritora, Psicoterapeuta y Sanadora Pr\u00e1nica.<\/p>\n<p>Se desenvolvi\u00f3 en el \u00e1mbito del turismo con experiencia en el \u00e1rea de Marketing y Ventas,\u00a0\u00a0 Planeamiento Tur\u00edstico y Gerencial. <strong>\u00a0<\/strong>Brind\u00f3 apoyo log\u00edstico en misi\u00f3n in situ, al Instituto Interamericano de Derechos Humanos (IIDH). Proporcion\u00f3 apoyo administrativo a organizaciones internacionales, entre ellas, la Inter American Foundation (IAF), en un proyecto de la Organizaci\u00f3n de las Naciones Unidas para la Agricultura y la Alimentaci\u00f3n (FAO) y otras Organizaciones no gubernamentales (ONG).<\/p>\n<p>Incursion\u00f3 en las llamadas medicinas no tradicionales como son: \u201cPranic Healing\u201d, \u201cAdvanced Pranic Healing\u201d, \u201cPranic Psychotherapy\u201d, \u201cKriyashakti\u201d, \u201cMagnified Healing\u201d, \u201cReiki\u201d, \u201cTherapy of Spiritual Response\u201d y La Sanaci\u00f3n del Cuerpo Azul.<\/p>\n<p>El amor por el arte lo plasm\u00f3 en estudios de Decoraci\u00f3n de Interiores, en la Universidad de Miami. Y asisti\u00f3 al curso: \u201cEl Arte de Escribir Novelas\u201d ofrecido por el profesor Orestes A. P\u00e9rez.<\/p>\n<p>Apoya a los seres que desean mejorar su condici\u00f3n personal y emocional. En su primer libro, Mujer de la Sombra a la Luz, ofrece sugerencias motivacionales. Expuesto en varias bibliotecas y tiendas de libros en los Estados Unidos. Se puede adquirir en:\u00a0\u00a0<a href=\"http:\/\/www.amazon.com\">www.amazon.com<\/a><\/p>\n<p><u><\/u>Pertenece al \u201cClub de Literatura\u201d que dirige la Sra. Francisca Arg\u00fcelles. Ha participado en las antolog\u00edas del club en:<\/p>\n<p>Un Horizonte Literario, 2010\/\u00a0Navegante de Palabras, 2011\/\u00a0El Espacio Infinito del Cuento, 2014\/En Washington, en la antolog\u00eda \u201cMind Ripples\u201d, 2013<\/p>\n<p>Su disciplina hace de ella un ser integral, vital y creativo, lo que le da una mayor visi\u00f3n en el campo empresarial. Es socia fundadora y directora de D\u2019har Services, Editorial Arte en Dise\u00f1o Global.<\/p>\n<p style=\"line-height: 20.0pt; background: white; margin: 0cm 0cm 7.5pt 0cm;\"><span lang=\"ES\" style=\"font-size: 10.5pt; font-family: Arial, sans-serif; color: #000000;\">\u00a0<\/span><\/p>\n","protected":false},"excerpt":{"rendered":"<p>CEO &#8211; Director General Edilma \u00c1ngel, naci\u00f3 en Colombia y reside en Estados Unidos. Escritora, Psicoterapeuta y Sanadora Pr\u00e1nica. Se desenvolvi\u00f3 en el \u00e1mbito del turismo con experiencia en el \u00e1rea de Marketing y Ventas,\u00a0\u00a0 Planeamiento Tur\u00edstico y Gerencial. \u00a0Brind\u00f3 apoyo log\u00edstico en misi\u00f3n in situ, al Instituto Interamericano de Derechos Humanos (IIDH). Proporcion\u00f3 apoyo administrativo a organizaciones internacionales, entre ellas, la Inter American Foundation (IAF), en un proyecto de la Organizaci\u00f3n de las Naciones Unidas para la Agricultura y la Alimentaci\u00f3n (FAO) y otras Organizaciones no gubernamentales (ONG). Incursion\u00f3 en las llamadas medicinas no tradicionales como son: \u201cPranic Healing\u201d, \u201cAdvanced Pranic Healing\u201d, \u201cPranic Psychotherapy\u201d, \u201cKriyashakti\u201d, \u201cMagnified Healing\u201d, \u201cReiki\u201d, \u201cTherapy of Spiritual Response\u201d y La Sanaci\u00f3n del Cuerpo Azul. El amor por el arte lo plasm\u00f3 en estudios de Decoraci\u00f3n de Interiores, en la Universidad de Miami. Y asisti\u00f3 al curso: \u201cEl Arte de Escribir Novelas\u201d ofrecido por el profesor Orestes A. P\u00e9rez. Apoya a los seres que desean mejorar su condici\u00f3n personal y emocional. En su primer libro, Mujer de la Sombra a la Luz, ofrece sugerencias motivacionales. Expuesto en varias bibliotecas y tiendas de libros en los Estados Unidos. Se puede adquirir en:\u00a0\u00a0www.amazon.com Pertenece al \u201cClub de Literatura\u201d que dirige la Sra. Francisca Arg\u00fcelles. Ha participado en las antolog\u00edas del club en: Un Horizonte Literario, 2010\/\u00a0Navegante de Palabras, 2011\/\u00a0El Espacio Infinito del Cuento, 2014\/En Washington, en la antolog\u00eda \u201cMind Ripples\u201d, 2013 Su disciplina hace de ella un ser integral, vital y creativo, lo que le da una mayor visi\u00f3n en el campo empresarial. Es socia fundadora y directora de D\u2019har Services, Editorial Arte en Dise\u00f1o Global. \u00a0<\/p>\n","protected":false},"author":1,"featured_media":0,"parent":0,"menu_order":0,"comment_status":"open","ping_status":"closed","template":"","meta":{"footnotes":""},"class_list":["post-2440","page","type-page","status-publish","hentry"],"_links":{"self":[{"href":"https:\/\/dharservices.com\/index.php?rest_route=\/wp\/v2\/pages\/2440","targetHints":{"allow":["GET"]}}],"collection":[{"href":"https:\/\/dharservices.com\/index.php?rest_route=\/wp\/v2\/pages"}],"about":[{"href":"https:\/\/dharservices.com\/index.php?rest_route=\/wp\/v2\/types\/page"}],"author":[{"embeddable":true,"href":"https:\/\/dharservices.com\/index.php?rest_route=\/wp\/v2\/users\/1"}],"replies":[{"embeddable":true,"href":"https:\/\/dharservices.com\/index.php?rest_route=%2Fwp%2Fv2%2Fcomments&post=2440"}],"version-history":[{"count":9,"href":"https:\/\/dharservices.com\/index.php?rest_route=\/wp\/v2\/pages\/2440\/revisions"}],"predecessor-version":[{"id":4213,"href":"https:\/\/dharservices.com\/index.php?rest_route=\/wp\/v2\/pages\/2440\/revisions\/4213"}],"wp:attachment":[{"href":"https:\/\/dharservices.com\/index.php?rest_route=%2Fwp%2Fv2%2Fmedia&parent=2440"}],"curies":[{"name":"wp","href":"https:\/\/api.w.org\/{rel}","templated":true}]}}