{"id":2442,"date":"2015-09-09T15:59:10","date_gmt":"2015-09-09T23:59:10","guid":{"rendered":"http:\/\/dharservices.com\/?page_id=2442"},"modified":"2016-02-25T17:10:09","modified_gmt":"2016-02-26T01:10:09","slug":"leandro-castiblanco","status":"publish","type":"page","link":"https:\/\/dharservices.com\/?page_id=2442","title":{"rendered":"Leandro Castiblanco"},"content":{"rendered":"<p><span style=\"color: #0000ff;\"><strong><img loading=\"lazy\" decoding=\"async\" class=\" wp-image-2532 alignleft\" src=\"http:\/\/dharservices.com\/wp-content\/uploads\/2015\/09\/leandro-ea-226x300.jpg\" alt=\"leandro ea\" width=\"207\" height=\"274\" srcset=\"https:\/\/dharservices.com\/wp-content\/uploads\/2015\/09\/leandro-ea-226x300.jpg 226w, https:\/\/dharservices.com\/wp-content\/uploads\/2015\/09\/leandro-ea.jpg 289w\" sizes=\"auto, (max-width: 207px) 100vw, 207px\" \/>Dise\u00f1ador Gr\u00e1fico<\/strong><\/span><\/p>\n<p><span style=\"color: #000000;\">Dise\u00f1ador gr\u00e1fico, artista e ilustrador especializado en dibujo y pintura abstracta. Catalogado como\u00a0<em>Exceptional Student<\/em>\u00a0en\u00a0<em>Miami-Dade County Public Schools.\u00a0<\/em>Termin\u00f3 parte de sus estudios en MLEC de la Florida (Estados Unidos).<\/span><\/p>\n<p><span style=\"color: #000000;\">Actualmente continua su formaci\u00f3n profesional, cuenta con clases de\u00a0<em>Honor and Avanced Placement.<\/em>\u00a0Su excelencia acad\u00e9mica y creatividad le dan a este joven artista, una gran capacidad para plasmar e interpretar en sus dise\u00f1os las ideas y sue\u00f1os del autor.<\/span><\/p>\n<p><span style=\"color: #000000;\">Es brillante en sus trabajos y cuenta con habilidad en el manejo de los programas\u00a0<em>Photoshop, Illustrator, Flash y Dreamweaver<\/em>.<\/span><\/p>\n","protected":false},"excerpt":{"rendered":"<p>Dise\u00f1ador Gr\u00e1fico Dise\u00f1ador gr\u00e1fico, artista e ilustrador especializado en dibujo y pintura abstracta. Catalogado como\u00a0Exceptional Student\u00a0en\u00a0Miami-Dade County Public Schools.\u00a0Termin\u00f3 parte de sus estudios en MLEC de la Florida (Estados Unidos). Actualmente continua su formaci\u00f3n profesional, cuenta con clases de\u00a0Honor and Avanced Placement.\u00a0Su excelencia acad\u00e9mica y creatividad le dan a este joven artista, una gran capacidad para plasmar e interpretar en sus dise\u00f1os las ideas y sue\u00f1os del autor. Es brillante en sus trabajos y cuenta con habilidad en el manejo de los programas\u00a0Photoshop, Illustrator, Flash y Dreamweaver.<\/p>\n","protected":false},"author":1,"featured_media":0,"parent":0,"menu_order":0,"comment_status":"closed","ping_status":"closed","template":"","meta":{"footnotes":""},"class_list":["post-2442","page","type-page","status-publish","hentry"],"_links":{"self":[{"href":"https:\/\/dharservices.com\/index.php?rest_route=\/wp\/v2\/pages\/2442","targetHints":{"allow":["GET"]}}],"collection":[{"href":"https:\/\/dharservices.com\/index.php?rest_route=\/wp\/v2\/pages"}],"about":[{"href":"https:\/\/dharservices.com\/index.php?rest_route=\/wp\/v2\/types\/page"}],"author":[{"embeddable":true,"href":"https:\/\/dharservices.com\/index.php?rest_route=\/wp\/v2\/users\/1"}],"replies":[{"embeddable":true,"href":"https:\/\/dharservices.com\/index.php?rest_route=%2Fwp%2Fv2%2Fcomments&post=2442"}],"version-history":[{"count":4,"href":"https:\/\/dharservices.com\/index.php?rest_route=\/wp\/v2\/pages\/2442\/revisions"}],"predecessor-version":[{"id":2535,"href":"https:\/\/dharservices.com\/index.php?rest_route=\/wp\/v2\/pages\/2442\/revisions\/2535"}],"wp:attachment":[{"href":"https:\/\/dharservices.com\/index.php?rest_route=%2Fwp%2Fv2%2Fmedia&parent=2442"}],"curies":[{"name":"wp","href":"https:\/\/api.w.org\/{rel}","templated":true}]}}