{"id":2444,"date":"2015-09-09T16:00:52","date_gmt":"2015-09-10T00:00:52","guid":{"rendered":"http:\/\/dharservices.com\/?page_id=2444"},"modified":"2016-03-10T11:30:11","modified_gmt":"2016-03-10T19:30:11","slug":"sanako-hurtado-2","status":"publish","type":"page","link":"https:\/\/dharservices.com\/?page_id=2444","title":{"rendered":"Hurtado, Sanako I."},"content":{"rendered":"<p>&nbsp;<\/p>\n<p><span style=\"color: #000000;\"><img loading=\"lazy\" decoding=\"async\" class=\"alignleft size-medium wp-image-1365\" src=\"http:\/\/dharservices.com\/wp-content\/uploads\/2012\/05\/Sanako-004-copy-286x300.jpg\" alt=\"Sanako 004 copy\" width=\"286\" height=\"300\" srcset=\"https:\/\/dharservices.com\/wp-content\/uploads\/2012\/05\/Sanako-004-copy-286x300.jpg 286w, https:\/\/dharservices.com\/wp-content\/uploads\/2012\/05\/Sanako-004-copy-976x1024.jpg 976w, https:\/\/dharservices.com\/wp-content\/uploads\/2012\/05\/Sanako-004-copy.jpg 1829w\" sizes=\"auto, (max-width: 286px) 100vw, 286px\" \/>Nac\u00ed y crec\u00ed en Venezuela \u00a0en medio de una hermosa familia que me cri\u00f3 en una mezcla de pol\u00edtica de n\u00facleo duro, vida urbana y sabidur\u00eda rural. Tengo estudios formales en Negocios con especialidad en Banco y Finanzas, Gesti\u00f3n de Proyectos, e hice una breve incursi\u00f3n por un a\u00f1o en Dise\u00f1o de Modas. Despu\u00e9s de trabajar durante un corto per\u00edodo de tiempo con un importante banco, y luego con algunas otras empresas relacionadas con las finanzas, encontr\u00e9 mi verdadera pasi\u00f3n en la vida: el estudio del concepto de Dios y el esp\u00edritu.<\/span><\/p>\n<p><span style=\"color: #000000;\">Durante los \u00faltimos cuatro a\u00f1os de mi vida, me he dedicado con entusiasmo a la comprensi\u00f3n de mi relaci\u00f3n humana y la interconexi\u00f3n con lo divino. Durante esos cuatro a\u00f1os, pas\u00e9 tres asistiendo a una importante escuela de la sabidur\u00eda antigua en el noroeste del Pac\u00edfico, me convert\u00ed en una regresionista de sanaci\u00f3n cu\u00e1ntica certificada; y tambi\u00e9n, he estado desarrollando mi propia t\u00e9cnica de sanaci\u00f3n energ\u00e9tica guiada por mi esp\u00edritu. Al d\u00eda de hoy, sigo con mi dedicaci\u00f3n para incorporar y ampliar los descubrimientos de mi viaje espiritual en mi vida d\u00eda a d\u00eda.<\/span><\/p>\n<p>Obtenlos en www.Amazon.com<\/p>\n<p><img loading=\"lazy\" decoding=\"async\" class=\"alignleft size-medium wp-image-3399\" src=\"http:\/\/dharservices.com\/wp-content\/uploads\/2016\/01\/dhar-book-web-Enchantig-1-208x300.jpg\" alt=\"dhar book web Enchantig\" width=\"208\" height=\"300\" srcset=\"https:\/\/dharservices.com\/wp-content\/uploads\/2016\/01\/dhar-book-web-Enchantig-1-208x300.jpg 208w, https:\/\/dharservices.com\/wp-content\/uploads\/2016\/01\/dhar-book-web-Enchantig-1-104x150.jpg 104w, https:\/\/dharservices.com\/wp-content\/uploads\/2016\/01\/dhar-book-web-Enchantig-1-768x1108.jpg 768w, https:\/\/dharservices.com\/wp-content\/uploads\/2016\/01\/dhar-book-web-Enchantig-1-710x1024.jpg 710w\" sizes=\"auto, (max-width: 208px) 100vw, 208px\" \/><\/p>\n<p>&nbsp;<\/p>\n<p>&nbsp;<\/p>\n<p>&nbsp;<\/p>\n<p>&nbsp;<\/p>\n<p>&nbsp;<\/p>\n<p>&nbsp;<\/p>\n<p>&nbsp;<\/p>\n<p>&nbsp;<\/p>\n<p>Obtenlo en: www.amazon.com<\/p>\n<p>Particip\u00f3 en la antolog\u00eda:<\/p>\n<p><img loading=\"lazy\" decoding=\"async\" class=\"alignleft size-medium wp-image-3382\" src=\"http:\/\/dharservices.com\/wp-content\/uploads\/2016\/01\/dhar-book-web-Mind-Ripples-208x300.jpg\" alt=\"dhar book web Mind Ripples\" width=\"208\" height=\"300\" srcset=\"https:\/\/dharservices.com\/wp-content\/uploads\/2016\/01\/dhar-book-web-Mind-Ripples-208x300.jpg 208w, https:\/\/dharservices.com\/wp-content\/uploads\/2016\/01\/dhar-book-web-Mind-Ripples-104x150.jpg 104w, https:\/\/dharservices.com\/wp-content\/uploads\/2016\/01\/dhar-book-web-Mind-Ripples-768x1108.jpg 768w, https:\/\/dharservices.com\/wp-content\/uploads\/2016\/01\/dhar-book-web-Mind-Ripples-710x1024.jpg 710w\" sizes=\"auto, (max-width: 208px) 100vw, 208px\" \/><\/p>\n","protected":false},"excerpt":{"rendered":"<p>&nbsp; Nac\u00ed y crec\u00ed en Venezuela \u00a0en medio de una hermosa familia que me cri\u00f3 en una mezcla de pol\u00edtica de n\u00facleo duro, vida urbana y sabidur\u00eda rural. Tengo estudios formales en Negocios con especialidad en Banco y Finanzas, Gesti\u00f3n de Proyectos, e hice una breve incursi\u00f3n por un a\u00f1o en Dise\u00f1o de Modas. Despu\u00e9s de trabajar durante un corto per\u00edodo de tiempo con un importante banco, y luego con algunas otras empresas relacionadas con las finanzas, encontr\u00e9 mi verdadera pasi\u00f3n en la vida: el estudio del concepto de Dios y el esp\u00edritu. Durante los \u00faltimos cuatro a\u00f1os de mi vida, me he dedicado con entusiasmo a la comprensi\u00f3n de mi relaci\u00f3n humana y la interconexi\u00f3n con lo divino. Durante esos cuatro a\u00f1os, pas\u00e9 tres asistiendo a una importante escuela de la sabidur\u00eda antigua en el noroeste del Pac\u00edfico, me convert\u00ed en una regresionista de sanaci\u00f3n cu\u00e1ntica certificada; y tambi\u00e9n, he estado desarrollando mi propia t\u00e9cnica de sanaci\u00f3n energ\u00e9tica guiada por mi esp\u00edritu. Al d\u00eda de hoy, sigo con mi dedicaci\u00f3n para incorporar y ampliar los descubrimientos de mi viaje espiritual en mi vida d\u00eda a d\u00eda. Obtenlos en www.Amazon.com &nbsp; &nbsp; &nbsp; &nbsp; &nbsp; &nbsp; &nbsp; &nbsp; Obtenlo en: www.amazon.com Particip\u00f3 en la antolog\u00eda:<\/p>\n","protected":false},"author":1,"featured_media":0,"parent":0,"menu_order":0,"comment_status":"open","ping_status":"closed","template":"","meta":{"footnotes":""},"class_list":["post-2444","page","type-page","status-publish","hentry"],"_links":{"self":[{"href":"https:\/\/dharservices.com\/index.php?rest_route=\/wp\/v2\/pages\/2444","targetHints":{"allow":["GET"]}}],"collection":[{"href":"https:\/\/dharservices.com\/index.php?rest_route=\/wp\/v2\/pages"}],"about":[{"href":"https:\/\/dharservices.com\/index.php?rest_route=\/wp\/v2\/types\/page"}],"author":[{"embeddable":true,"href":"https:\/\/dharservices.com\/index.php?rest_route=\/wp\/v2\/users\/1"}],"replies":[{"embeddable":true,"href":"https:\/\/dharservices.com\/index.php?rest_route=%2Fwp%2Fv2%2Fcomments&post=2444"}],"version-history":[{"count":9,"href":"https:\/\/dharservices.com\/index.php?rest_route=\/wp\/v2\/pages\/2444\/revisions"}],"predecessor-version":[{"id":3997,"href":"https:\/\/dharservices.com\/index.php?rest_route=\/wp\/v2\/pages\/2444\/revisions\/3997"}],"wp:attachment":[{"href":"https:\/\/dharservices.com\/index.php?rest_route=%2Fwp%2Fv2%2Fmedia&parent=2444"}],"curies":[{"name":"wp","href":"https:\/\/api.w.org\/{rel}","templated":true}]}}