{"id":2477,"date":"2015-09-16T15:32:50","date_gmt":"2015-09-16T23:32:50","guid":{"rendered":"http:\/\/dharservices.com\/?page_id=2477"},"modified":"2016-09-01T14:55:12","modified_gmt":"2016-09-01T22:55:12","slug":"concurso-latinoamericano-de-novela-corta-2016","status":"publish","type":"page","link":"https:\/\/dharservices.com\/?page_id=2477","title":{"rendered":"Concurso latinoamericano de novela corta 2016  GANADORES"},"content":{"rendered":"<p>&nbsp;<\/p>\n<p><span style=\"color: #000000;\"><span style=\"color: #0000ff;\"><strong>D\u2019har Services Editorial Arte en Dise\u00f1o Global<\/strong><\/span><\/span><\/p>\n<p><span style=\"color: #000000;\"><span style=\"color: #0000ff;\"><strong>Felicita a los ganadores y participantes <\/strong><\/span><\/span><\/p>\n<p><span style=\"color: #000000;\"><span style=\"color: #0000ff;\"><strong>del<\/strong><\/span>\u00a0<\/span><span style=\"color: #000000;\"><strong><span style=\"color: #0000ff;\">Primer Concurso Latinoamericano de Novela Corta 2016<\/span><\/strong><\/span><\/p>\n<p>Primer Puesto: Amalia Gallo con Historias en tinieblas<\/p>\n<p>Segundo Puesto: Carlos Lop\u00e9z con \u00a0Vuela al infinito<\/p>\n<p>Tercer Puesto: Maritza Trujillo con Aventuras de dos brujas y media<\/p>\n<p>Cuarto Puesto: Franciscoh con Balseros hac\u00eda la tierra prometida<\/p>\n<p>Primera mensi\u00f3n de honor: Francisca Arg\u00fcelles con\u00a0Tierra de risas y llanto<\/p>\n<p>Segunda mensi\u00f3n de honor: Lucila Per\u00e9z con Alborada<\/p>\n<p>Tercera mensi\u00f3n de honor: Carlos L. con Un sue\u00f1o<\/p>\n<p>&nbsp;<\/p>\n<p><span style=\"color: #000000;\"><strong>Premios del concurso:\u00a0<\/strong><\/span><\/p>\n<p><span style=\"color: #000000;\"><strong>Primer premio:<\/strong>\u00a0un valor de $400.00 d\u00f3lares para uso exclusivo en la publicaci\u00f3n de su nuevo libro.<\/span><\/p>\n<p><span style=\"color: #000000;\"><strong>Segundo premio:<\/strong>\u00a0un valor de $300.00 d\u00f3lares para uso exclusivo en la publicaci\u00f3n de su nuevo libro.<\/span><br \/>\n<span style=\"color: #000000;\"> <strong><br \/>\n<\/strong><strong>Tercer premio:<\/strong>\u00a0un\u00a0valor de $200.00 d\u00f3lares para uso exclusivo en la publicaci\u00f3n de su nuevo libro.<\/span><\/p>\n<p><span style=\"color: #000000;\"><strong>Cuarto premio:<\/strong>\u00a0un valor de $100.00 d\u00f3lares para uso exclusivo en la publicaci\u00f3n de su nuevo libro.<\/span><\/p>\n<p><span style=\"color: #000000;\"><strong>Menci\u00f3n de honor:<\/strong><strong>\u00a0<\/strong>Un valor de $50.00 d\u00f3lares para uso exclusivo en la publicaci\u00f3n de su nuevo libro.<\/span><\/p>\n<p><span style=\"color: #000000;\">As\u00ed mismo, el\/los autores obtendr\u00e1 nuestro servicio personalizado y podr\u00e1 descontar el valor de su premio del costo total. Ademas recibir\u00e1 los siguientes beneficios\u00a0<strong>POR SOLO $479.00 d\u00f3lares:<\/strong><\/span><\/p>\n<ul>\n<li><span style=\"color: #000000;\">Planeaci\u00f3n y elaboraci\u00f3n de artes para car\u00e1tula.<\/span><\/li>\n<li><span style=\"color: #000000;\">Planeaci\u00f3n y elaboraci\u00f3n de artes para contracar\u00e1tula.<\/span><\/li>\n<li><span style=\"color: #000000;\">Formato digital requerido para la impresi\u00f3n del texto.<\/span><\/li>\n<li><span style=\"color: #000000;\">Formato digital requerido para la impresi\u00f3n de la car\u00e1tula.<\/span><\/li>\n<li><span style=\"color: #000000;\">Formato especial para subir el libro a Internet (<strong>ISBN<\/strong>)<\/span><\/li>\n<li><span style=\"color: #000000;\">C\u00f3digo de Barra.<\/span><\/li>\n<li><span style=\"color: #000000;\"><a style=\"color: #000000;\" href=\"http:\/\/dharservices.com\/\"><strong>D\u2019har Services<\/strong><\/a>, lo ayudar\u00e1 en todo lo referente y c<\/span><span style=\"color: #000000;\">on\u00a0<a style=\"color: #000000;\" href=\"http:\/\/www.amazon.com\/\"><strong>Amazon<\/strong><\/a>\u00a0obtendr\u00e1 el beneficio de promocionar e imprimir su libro para venderlo en Estados Unidos y el resto del mundo; adicional a esto, su libro tendr\u00e1 un costo de impresi\u00f3n m\u00e1s econ\u00f3mico que cualquier imprenta tradicional.<\/span><\/li>\n<li><span style=\"color: #000000;\">Apoyo log\u00edstico completo para los datos en\u00a0<a style=\"color: #000000;\" href=\"http:\/\/www.amazon.com\/\"><strong>Amazon<\/strong><\/a>\u00a0y en\u00a0<a style=\"color: #000000;\" href=\"http:\/\/dharservices.com\/\"><strong>D\u2019har Services<\/strong><\/a>.\u00a0Se incluir\u00e1 su biograf\u00eda y fotograf\u00eda, seg\u00fan los datos que usted proporcione.<\/span><\/li>\n<\/ul>\n<p style=\"text-align: center;\"><span style=\"color: #0000ff;\"><em><strong>\u201cTodos unidos en un ideal, expandir nuestra imaginaci\u00f3n en aras de la literatura\u201d.<\/strong><\/em><\/span><\/p>\n<p><strong>\u00a0<\/strong><\/p>\n<p>&nbsp;<\/p>\n<p>&nbsp;<\/p>\n","protected":false},"excerpt":{"rendered":"<p>&nbsp; D\u2019har Services Editorial Arte en Dise\u00f1o Global Felicita a los ganadores y participantes del\u00a0Primer Concurso Latinoamericano de Novela Corta 2016 Primer Puesto: Amalia Gallo con Historias en tinieblas Segundo Puesto: Carlos Lop\u00e9z con \u00a0Vuela al infinito Tercer Puesto: Maritza Trujillo con Aventuras de dos brujas y media Cuarto Puesto: Franciscoh con Balseros hac\u00eda la tierra prometida Primera mensi\u00f3n de honor: Francisca Arg\u00fcelles con\u00a0Tierra de risas y llanto Segunda mensi\u00f3n de honor: Lucila Per\u00e9z con Alborada Tercera mensi\u00f3n de honor: Carlos L. con Un sue\u00f1o &nbsp; Premios del concurso:\u00a0 Primer premio:\u00a0un valor de $400.00 d\u00f3lares para uso exclusivo en la publicaci\u00f3n de su nuevo libro. Segundo premio:\u00a0un valor de $300.00 d\u00f3lares para uso exclusivo en la publicaci\u00f3n de su nuevo libro. Tercer premio:\u00a0un\u00a0valor de $200.00 d\u00f3lares para uso exclusivo en la publicaci\u00f3n de su nuevo libro. Cuarto premio:\u00a0un valor de $100.00 d\u00f3lares para uso exclusivo en la publicaci\u00f3n de su nuevo libro. Menci\u00f3n de honor:\u00a0Un valor de $50.00 d\u00f3lares para uso exclusivo en la publicaci\u00f3n de su nuevo libro. As\u00ed mismo, el\/los autores obtendr\u00e1 nuestro servicio personalizado y podr\u00e1 descontar el valor de su premio del costo total. Ademas recibir\u00e1 los siguientes beneficios\u00a0POR SOLO $479.00 d\u00f3lares: Planeaci\u00f3n y elaboraci\u00f3n de artes para car\u00e1tula. Planeaci\u00f3n y elaboraci\u00f3n de artes para contracar\u00e1tula. Formato digital requerido para la impresi\u00f3n del texto. Formato digital requerido para la impresi\u00f3n de la car\u00e1tula. Formato especial para subir el libro a Internet (ISBN) C\u00f3digo de Barra. D\u2019har Services, lo ayudar\u00e1 en todo lo referente y con\u00a0Amazon\u00a0obtendr\u00e1 el beneficio de promocionar e imprimir su libro para venderlo en Estados Unidos y el resto del mundo; adicional a esto, su libro tendr\u00e1 un costo de impresi\u00f3n m\u00e1s econ\u00f3mico que cualquier imprenta tradicional. Apoyo log\u00edstico completo para los datos en\u00a0Amazon\u00a0y en\u00a0D\u2019har Services.\u00a0Se incluir\u00e1 su biograf\u00eda y fotograf\u00eda, seg\u00fan los datos que usted proporcione. \u201cTodos unidos en un ideal, expandir nuestra imaginaci\u00f3n en aras de la literatura\u201d. \u00a0 &nbsp; &nbsp;<\/p>\n","protected":false},"author":1,"featured_media":0,"parent":0,"menu_order":0,"comment_status":"closed","ping_status":"closed","template":"","meta":{"footnotes":""},"class_list":["post-2477","page","type-page","status-publish","hentry"],"_links":{"self":[{"href":"https:\/\/dharservices.com\/index.php?rest_route=\/wp\/v2\/pages\/2477","targetHints":{"allow":["GET"]}}],"collection":[{"href":"https:\/\/dharservices.com\/index.php?rest_route=\/wp\/v2\/pages"}],"about":[{"href":"https:\/\/dharservices.com\/index.php?rest_route=\/wp\/v2\/types\/page"}],"author":[{"embeddable":true,"href":"https:\/\/dharservices.com\/index.php?rest_route=\/wp\/v2\/users\/1"}],"replies":[{"embeddable":true,"href":"https:\/\/dharservices.com\/index.php?rest_route=%2Fwp%2Fv2%2Fcomments&post=2477"}],"version-history":[{"count":9,"href":"https:\/\/dharservices.com\/index.php?rest_route=\/wp\/v2\/pages\/2477\/revisions"}],"predecessor-version":[{"id":4075,"href":"https:\/\/dharservices.com\/index.php?rest_route=\/wp\/v2\/pages\/2477\/revisions\/4075"}],"wp:attachment":[{"href":"https:\/\/dharservices.com\/index.php?rest_route=%2Fwp%2Fv2%2Fmedia&parent=2477"}],"curies":[{"name":"wp","href":"https:\/\/api.w.org\/{rel}","templated":true}]}}