{"id":2487,"date":"2015-09-16T15:42:44","date_gmt":"2015-09-16T23:42:44","guid":{"rendered":"http:\/\/dharservices.com\/?page_id=2487"},"modified":"2015-09-16T15:42:44","modified_gmt":"2015-09-16T23:42:44","slug":"comunicaciones-2","status":"publish","type":"page","link":"https:\/\/dharservices.com\/?page_id=2487","title":{"rendered":"Comunicaciones"},"content":{"rendered":"<p><span style=\"color: #000000;\">Elaboraci\u00f3n de art\u00edculos, cr\u00f3nicas, reportajes, entrevistas y noticias. Comunicaci\u00f3n organizacional, elaboraci\u00f3n de campa\u00f1as institucionales, realizaci\u00f3n, edici\u00f3n de videos, animaci\u00f3n, free press, correcci\u00f3n de estilo, manejo de redes sociales y redacci\u00f3n para contenidos publicitarios y de web.<\/span><\/p>\n<p><span style=\"color: #0000ff;\"><strong>Daniel Gonz\u00e1lez \u00c1ngel<\/strong><\/span><\/p>\n<p><span style=\"color: #0000ff;\"><strong>Director<\/strong><\/span><\/p>\n<p><span style=\"color: #0000ff;\"><strong><em>daniel.gonzalez@dharservices.com<\/em><\/strong><\/span><\/p>\n","protected":false},"excerpt":{"rendered":"<p>Elaboraci\u00f3n de art\u00edculos, cr\u00f3nicas, reportajes, entrevistas y noticias. Comunicaci\u00f3n organizacional, elaboraci\u00f3n de campa\u00f1as institucionales, realizaci\u00f3n, edici\u00f3n de videos, animaci\u00f3n, free press, correcci\u00f3n de estilo, manejo de redes sociales y redacci\u00f3n para contenidos publicitarios y de web. Daniel Gonz\u00e1lez \u00c1ngel Director daniel.gonzalez@dharservices.com<\/p>\n","protected":false},"author":1,"featured_media":0,"parent":0,"menu_order":0,"comment_status":"closed","ping_status":"closed","template":"","meta":{"footnotes":""},"class_list":["post-2487","page","type-page","status-publish","hentry"],"_links":{"self":[{"href":"https:\/\/dharservices.com\/index.php?rest_route=\/wp\/v2\/pages\/2487","targetHints":{"allow":["GET"]}}],"collection":[{"href":"https:\/\/dharservices.com\/index.php?rest_route=\/wp\/v2\/pages"}],"about":[{"href":"https:\/\/dharservices.com\/index.php?rest_route=\/wp\/v2\/types\/page"}],"author":[{"embeddable":true,"href":"https:\/\/dharservices.com\/index.php?rest_route=\/wp\/v2\/users\/1"}],"replies":[{"embeddable":true,"href":"https:\/\/dharservices.com\/index.php?rest_route=%2Fwp%2Fv2%2Fcomments&post=2487"}],"version-history":[{"count":1,"href":"https:\/\/dharservices.com\/index.php?rest_route=\/wp\/v2\/pages\/2487\/revisions"}],"predecessor-version":[{"id":2488,"href":"https:\/\/dharservices.com\/index.php?rest_route=\/wp\/v2\/pages\/2487\/revisions\/2488"}],"wp:attachment":[{"href":"https:\/\/dharservices.com\/index.php?rest_route=%2Fwp%2Fv2%2Fmedia&parent=2487"}],"curies":[{"name":"wp","href":"https:\/\/api.w.org\/{rel}","templated":true}]}}