{"id":2491,"date":"2015-09-16T15:57:05","date_gmt":"2015-09-16T23:57:05","guid":{"rendered":"http:\/\/dharservices.com\/?page_id=2491"},"modified":"2016-02-26T13:38:49","modified_gmt":"2016-02-26T21:38:49","slug":"editorial-2","status":"publish","type":"page","link":"https:\/\/dharservices.com\/?page_id=2491","title":{"rendered":"Editorial"},"content":{"rendered":"<p><span style=\"color: #000000;\">Nuestra compa\u00f1\u00eda respalda a los autores en sus publicaciones literarias, y la distribuci\u00f3n de sus obras en los Estados Unidos, Europa y otros pa\u00edses.<br \/>\n<\/span><\/p>\n<p><span style=\"color: #000000;\">Para la publicaci\u00f3n de sus libros ofrecemos una gama de posibilidades en precios s\u00faper econ\u00f3micos.<\/span><\/p>\n<p><span style=\"color: #000000;\"><strong>\u00a1Gracias por contactarnos!<\/strong><\/span><\/p>\n<ul>\n<li><span style=\"color: #000000;\">Dise\u00f1o de car\u00e1tula, contra car\u00e1tula y lomo, full color en tapa blanda, creamos un arte con estilo y dinamismo, donde quedar\u00e1n moldeados los sue\u00f1os del autor.<\/span><\/li>\n<li><span style=\"color: #000000;\">Maquetaci\u00f3n de libros en forma profesional, personalizamos elementos.<\/span><\/li>\n<li><span style=\"color: #000000;\">Impresi\u00f3n de su libro en papel ya sea a color \u00a0o en blanco y negro.<\/span><\/li>\n<li><span style=\"color: #000000;\">Trasformamos sus libros en formatos electr\u00f3nicos para Kindle.<\/span><\/li>\n<li><span style=\"color: #000000;\">Distribuci\u00f3n mundial de sus obra en la plataforma de Amazon, librer\u00edas y tiendas de libros afiliadas a la red como Barnes &amp; Nobles, entre otras.<\/span><\/li>\n<li><span style=\"color: #000000;\">Producci\u00f3n de su libro sobre pedidos, sin l\u00edmite de cantidad, en formato de papel y tapa blanda.<\/span><\/li>\n<li><span style=\"color: #000000;\">D\u2019har Services ofrece el servicio de apoyo log\u00edstico para enviar sus libros a Colombia, Estados Unidos, Canad\u00e1, y otras partes del mundo<\/span>.<\/li>\n<\/ul>\n<p><span style=\"color: #000000;\">Traducimos Tus obras del idioma espa\u00f1ol al ingl\u00e9s o viceversa.<\/span><\/p>\n<p><span style=\"color: #000000;\">Elaboramos los derechos de autor en las oficinas de Copyright, USA. Lo derechos quedar\u00e1 bajo tu nombre, preservamos tu patrimonio.<\/span><\/p>\n<p><span style=\"color: #000000;\">\u00bfQuiere corregir o adicionar un cap\u00edtulo a tu libro publicado? Nosotros tenemos la soluci\u00f3n.<br \/>\n<\/span><\/p>\n<p><strong><span style=\"color: #0000ff;\"><a style=\"color: #0000ff;\" href=\"mailto:info@dharservices.com\">info@dharservices.com<\/a><\/span><\/strong><\/p>\n<p>Dato Curioso:<\/p>\n<p><img loading=\"lazy\" decoding=\"async\" class=\"alignleft size-medium wp-image-1854\" src=\"https:\/\/dharservices.com\/wp-content\/uploads\/2011\/02\/Fotografia-pluma_41-300x249.jpg\" alt=\"Fotografia pluma_4\" width=\"300\" height=\"249\" srcset=\"https:\/\/dharservices.com\/wp-content\/uploads\/2011\/02\/Fotografia-pluma_41-300x249.jpg 300w, https:\/\/dharservices.com\/wp-content\/uploads\/2011\/02\/Fotografia-pluma_41-1024x852.jpg 1024w\" sizes=\"auto, (max-width: 300px) 100vw, 300px\" \/><\/p>\n<p>&nbsp;<\/p>\n<p>&nbsp;<\/p>\n<p>&nbsp;<\/p>\n<p>&nbsp;<\/p>\n<p>&nbsp;<\/p>\n<p>&nbsp;<\/p>\n<p>&nbsp;<\/p>\n<p>Fotograf\u00eda en forma de pluma, tomada sobre la casa editorial D\u2019har Services, en el estado de Washington, Estados Unidos. Un d\u00eda bello y n\u00edtido.<\/p>\n<p>La se\u00f1ora Julie Craig, escritora de nuestra familia de autores, quien arrib\u00f3 en ese instante; anunci\u00f3 que hab\u00eda una pluma sobre la casa.<\/p>\n<p>Edilma \u00c1ngel \u2013CEO\u2013, sali\u00f3 y tom\u00f3 varias fotograf\u00edas.<\/p>\n<p>Nos llamo la atenci\u00f3n que en ese momento no hab\u00eda m\u00e1s nubes y que el logotipo de la compa\u00f1\u00eda es precisamente una pluma.<\/p>\n<p>Para este d\u00eda de San Valent\u00edn, le pusimos a la fotograf\u00eda un mensaje:<\/p>\n<p>\u201cEl cielo y las nubes nos regalan una pluma para concebir nuestros sue\u00f1os\u201d.<\/p>\n<p>La compartimos con nuestra gran familia de autores.<\/p>\n<p>Para nuestra grata sorpresa, varios de ellos nos respondieron lo siguiente:<\/p>\n<p>&nbsp;<\/p>\n<p>Solamente una persona que ha ayudado a muchos a realizar sus sue\u00f1os, puede ver en las nubes un mensaje tan definido. Gracias Edilma.<\/p>\n<p>Un fuerte abrazo. Jos\u00e9<\/p>\n<p>Autor: Jos\u00e9 Caballero Blanco.<\/p>\n<p>&nbsp;<\/p>\n<p>Como le parece que en profec\u00eda, Cuando conoc\u00ed al Se\u00f1or me hab\u00eda prometido esa pluma.<\/p>\n<p>Preciosa foto. Me imagino que la estas usando como logo. Que mejor dise\u00f1ador grafico que el mismo cielo?<\/p>\n<p>Autor: Luz Marina Echevarr\u00eda<\/p>\n<p>&nbsp;<\/p>\n<p>Muy lindo, estoy maravillada. Gracias. YO<\/p>\n<p>Autor: Francis Arguelles<\/p>\n<p>&nbsp;<\/p>\n<p>WOW!,,,QUE BELLA ES LA OBRA DE DIOS,,,,,,FELICIDADES,,,MUCHAS GACIAS. BENDICIONES<br \/>\nAutor: Prisca\u00a0 Silvia Arcia<\/p>\n<p>&nbsp;<\/p>\n<p>La naturaleza es incre\u00edble con sus regalos. Gracias querida Edilma.<\/p>\n<p>Autor: Loly Triana<\/p>\n<p>&nbsp;<\/p>\n<p>Bella foto! Lo mejor del mundo para ti amiga!<\/p>\n<p>&nbsp;<\/p>\n","protected":false},"excerpt":{"rendered":"<p>Nuestra compa\u00f1\u00eda respalda a los autores en sus publicaciones literarias, y la distribuci\u00f3n de sus obras en los Estados Unidos, Europa y otros pa\u00edses. Para la publicaci\u00f3n de sus libros ofrecemos una gama de posibilidades en precios s\u00faper econ\u00f3micos. \u00a1Gracias por contactarnos! Dise\u00f1o de car\u00e1tula, contra car\u00e1tula y lomo, full color en tapa blanda, creamos un arte con estilo y dinamismo, donde quedar\u00e1n moldeados los sue\u00f1os del autor. Maquetaci\u00f3n de libros en forma profesional, personalizamos elementos. Impresi\u00f3n de su libro en papel ya sea a color \u00a0o en blanco y negro. Trasformamos sus libros en formatos electr\u00f3nicos para Kindle. Distribuci\u00f3n mundial de sus obra en la plataforma de Amazon, librer\u00edas y tiendas de libros afiliadas a la red como Barnes &amp; Nobles, entre otras. Producci\u00f3n de su libro sobre pedidos, sin l\u00edmite de cantidad, en formato de papel y tapa blanda. D\u2019har Services ofrece el servicio de apoyo log\u00edstico para enviar sus libros a Colombia, Estados Unidos, Canad\u00e1, y otras partes del mundo. Traducimos Tus obras del idioma espa\u00f1ol al ingl\u00e9s o viceversa. Elaboramos los derechos de autor en las oficinas de Copyright, USA. Lo derechos quedar\u00e1 bajo tu nombre, preservamos tu patrimonio. \u00bfQuiere corregir o adicionar un cap\u00edtulo a tu libro publicado? Nosotros tenemos la soluci\u00f3n. info@dharservices.com Dato Curioso: &nbsp; &nbsp; &nbsp; &nbsp; &nbsp; &nbsp; &nbsp; Fotograf\u00eda en forma de pluma, tomada sobre la casa editorial D\u2019har Services, en el estado de Washington, Estados Unidos. Un d\u00eda bello y n\u00edtido. La se\u00f1ora Julie Craig, escritora de nuestra familia de autores, quien arrib\u00f3 en ese instante; anunci\u00f3 que hab\u00eda una pluma sobre la casa. Edilma \u00c1ngel \u2013CEO\u2013, sali\u00f3 y tom\u00f3 varias fotograf\u00edas. Nos llamo la atenci\u00f3n que en ese momento no hab\u00eda m\u00e1s nubes y que el logotipo de la compa\u00f1\u00eda es precisamente una pluma. Para este d\u00eda de San Valent\u00edn, le pusimos a la fotograf\u00eda un mensaje: \u201cEl cielo y las nubes nos regalan una pluma para concebir nuestros sue\u00f1os\u201d. La compartimos con nuestra gran familia de autores. Para nuestra grata sorpresa, varios de ellos nos respondieron lo siguiente: &nbsp; Solamente una persona que ha ayudado a muchos a realizar sus sue\u00f1os, puede ver en las nubes un mensaje tan definido. Gracias Edilma. Un fuerte abrazo. Jos\u00e9 Autor: Jos\u00e9 Caballero Blanco. &nbsp; Como le parece que en profec\u00eda, Cuando conoc\u00ed al Se\u00f1or me hab\u00eda prometido esa pluma. Preciosa foto. Me imagino que la estas usando como logo. Que mejor dise\u00f1ador grafico que el mismo cielo? Autor: Luz Marina Echevarr\u00eda &nbsp; Muy lindo, estoy maravillada. Gracias. YO Autor: Francis Arguelles &nbsp; WOW!,,,QUE BELLA ES LA OBRA DE DIOS,,,,,,FELICIDADES,,,MUCHAS GACIAS. BENDICIONES Autor: Prisca\u00a0 Silvia Arcia &nbsp; La naturaleza es incre\u00edble con sus regalos. Gracias querida Edilma. Autor: Loly Triana &nbsp; Bella foto! Lo mejor del mundo para ti amiga! &nbsp;<\/p>\n","protected":false},"author":1,"featured_media":0,"parent":0,"menu_order":0,"comment_status":"closed","ping_status":"closed","template":"","meta":{"footnotes":""},"class_list":["post-2491","page","type-page","status-publish","hentry"],"_links":{"self":[{"href":"https:\/\/dharservices.com\/index.php?rest_route=\/wp\/v2\/pages\/2491","targetHints":{"allow":["GET"]}}],"collection":[{"href":"https:\/\/dharservices.com\/index.php?rest_route=\/wp\/v2\/pages"}],"about":[{"href":"https:\/\/dharservices.com\/index.php?rest_route=\/wp\/v2\/types\/page"}],"author":[{"embeddable":true,"href":"https:\/\/dharservices.com\/index.php?rest_route=\/wp\/v2\/users\/1"}],"replies":[{"embeddable":true,"href":"https:\/\/dharservices.com\/index.php?rest_route=%2Fwp%2Fv2%2Fcomments&post=2491"}],"version-history":[{"count":14,"href":"https:\/\/dharservices.com\/index.php?rest_route=\/wp\/v2\/pages\/2491\/revisions"}],"predecessor-version":[{"id":3964,"href":"https:\/\/dharservices.com\/index.php?rest_route=\/wp\/v2\/pages\/2491\/revisions\/3964"}],"wp:attachment":[{"href":"https:\/\/dharservices.com\/index.php?rest_route=%2Fwp%2Fv2%2Fmedia&parent=2491"}],"curies":[{"name":"wp","href":"https:\/\/api.w.org\/{rel}","templated":true}]}}