{"id":2498,"date":"2015-09-16T16:26:39","date_gmt":"2015-09-17T00:26:39","guid":{"rendered":"http:\/\/dharservices.com\/?page_id=2498"},"modified":"2016-02-01T15:48:59","modified_gmt":"2016-02-01T23:48:59","slug":"mision-2","status":"publish","type":"page","link":"https:\/\/dharservices.com\/?page_id=2498","title":{"rendered":"Misi\u00f3n"},"content":{"rendered":"<p><span style=\"color: #000000;\">Apoyar e impulsar a escritores noveles, difundir sus ideas, pensamientos y creaciones literarias a nivel nacional e internacional satisfaciendo las expectativas del autor; proporcionando servicios de calidad, soluciones innovadoras, estrat\u00e9gicas y creativas en dise\u00f1o editorial y gr\u00e1fico.<\/span><\/p>\n","protected":false},"excerpt":{"rendered":"<p>Apoyar e impulsar a escritores noveles, difundir sus ideas, pensamientos y creaciones literarias a nivel nacional e internacional satisfaciendo las expectativas del autor; proporcionando servicios de calidad, soluciones innovadoras, estrat\u00e9gicas y creativas en dise\u00f1o editorial y gr\u00e1fico.<\/p>\n","protected":false},"author":1,"featured_media":0,"parent":0,"menu_order":0,"comment_status":"closed","ping_status":"closed","template":"","meta":{"footnotes":""},"class_list":["post-2498","page","type-page","status-publish","hentry"],"_links":{"self":[{"href":"https:\/\/dharservices.com\/index.php?rest_route=\/wp\/v2\/pages\/2498","targetHints":{"allow":["GET"]}}],"collection":[{"href":"https:\/\/dharservices.com\/index.php?rest_route=\/wp\/v2\/pages"}],"about":[{"href":"https:\/\/dharservices.com\/index.php?rest_route=\/wp\/v2\/types\/page"}],"author":[{"embeddable":true,"href":"https:\/\/dharservices.com\/index.php?rest_route=\/wp\/v2\/users\/1"}],"replies":[{"embeddable":true,"href":"https:\/\/dharservices.com\/index.php?rest_route=%2Fwp%2Fv2%2Fcomments&post=2498"}],"version-history":[{"count":3,"href":"https:\/\/dharservices.com\/index.php?rest_route=\/wp\/v2\/pages\/2498\/revisions"}],"predecessor-version":[{"id":3746,"href":"https:\/\/dharservices.com\/index.php?rest_route=\/wp\/v2\/pages\/2498\/revisions\/3746"}],"wp:attachment":[{"href":"https:\/\/dharservices.com\/index.php?rest_route=%2Fwp%2Fv2%2Fmedia&parent=2498"}],"curies":[{"name":"wp","href":"https:\/\/api.w.org\/{rel}","templated":true}]}}