{"id":2505,"date":"2015-09-16T16:30:16","date_gmt":"2015-09-17T00:30:16","guid":{"rendered":"http:\/\/dharservices.com\/?page_id=2505"},"modified":"2015-09-16T16:30:16","modified_gmt":"2015-09-17T00:30:16","slug":"objetivos-2","status":"publish","type":"page","link":"https:\/\/dharservices.com\/?page_id=2505","title":{"rendered":"Objetivos"},"content":{"rendered":"<ul>\n<li><span style=\"color: #000000;\">Liderar el mercado editorial con arte y dise\u00f1o global.<\/span><\/li>\n<li><span style=\"color: #000000;\">Atraer y aumentar clientes potenciales a nivel nacional e internacional.<\/span><\/li>\n<li><span style=\"color: #000000;\">Ser una compa\u00f1\u00eda reconocida por los usuarios, por nuestra calidad en servicio, y dise\u00f1os innovadores.<\/span><\/li>\n<li><span style=\"color: #000000;\">Impulsar y ejecutar proyectos, productos y\/o servicios que satisfagan al cliente, con la nueva tecnolog\u00eda y apertura global, para obtener resultados efectivos a corto, mediano, y largo plazo.<\/span><\/li>\n<li><span style=\"color: #000000;\">Ofrecer el mejor portafolio de productos y servicios para garantizar nuestra competitividad en el mercado global.<\/span><\/li>\n<li><span style=\"color: #000000;\">Ofrecemos opciones para prosperar victoriosamente conjuntamente con el usuario.<\/span><\/li>\n<li><span style=\"color: #000000;\">Elegimos poner nuestro potencial al servicio de nuestros clientes.<\/span><\/li>\n<\/ul>\n","protected":false},"excerpt":{"rendered":"<p>Liderar el mercado editorial con arte y dise\u00f1o global. Atraer y aumentar clientes potenciales a nivel nacional e internacional. Ser una compa\u00f1\u00eda reconocida por los usuarios, por nuestra calidad en servicio, y dise\u00f1os innovadores. Impulsar y ejecutar proyectos, productos y\/o servicios que satisfagan al cliente, con la nueva tecnolog\u00eda y apertura global, para obtener resultados efectivos a corto, mediano, y largo plazo. Ofrecer el mejor portafolio de productos y servicios para garantizar nuestra competitividad en el mercado global. Ofrecemos opciones para prosperar victoriosamente conjuntamente con el usuario. Elegimos poner nuestro potencial al servicio de nuestros clientes.<\/p>\n","protected":false},"author":1,"featured_media":0,"parent":0,"menu_order":0,"comment_status":"closed","ping_status":"closed","template":"","meta":{"footnotes":""},"class_list":["post-2505","page","type-page","status-publish","hentry"],"_links":{"self":[{"href":"https:\/\/dharservices.com\/index.php?rest_route=\/wp\/v2\/pages\/2505","targetHints":{"allow":["GET"]}}],"collection":[{"href":"https:\/\/dharservices.com\/index.php?rest_route=\/wp\/v2\/pages"}],"about":[{"href":"https:\/\/dharservices.com\/index.php?rest_route=\/wp\/v2\/types\/page"}],"author":[{"embeddable":true,"href":"https:\/\/dharservices.com\/index.php?rest_route=\/wp\/v2\/users\/1"}],"replies":[{"embeddable":true,"href":"https:\/\/dharservices.com\/index.php?rest_route=%2Fwp%2Fv2%2Fcomments&post=2505"}],"version-history":[{"count":1,"href":"https:\/\/dharservices.com\/index.php?rest_route=\/wp\/v2\/pages\/2505\/revisions"}],"predecessor-version":[{"id":2506,"href":"https:\/\/dharservices.com\/index.php?rest_route=\/wp\/v2\/pages\/2505\/revisions\/2506"}],"wp:attachment":[{"href":"https:\/\/dharservices.com\/index.php?rest_route=%2Fwp%2Fv2%2Fmedia&parent=2505"}],"curies":[{"name":"wp","href":"https:\/\/api.w.org\/{rel}","templated":true}]}}