{"id":2512,"date":"2015-09-16T16:43:26","date_gmt":"2015-09-17T00:43:26","guid":{"rendered":"http:\/\/dharservices.com\/?page_id=2512"},"modified":"2016-02-26T11:33:10","modified_gmt":"2016-02-26T19:33:10","slug":"ana-betancourt","status":"publish","type":"page","link":"https:\/\/dharservices.com\/?page_id=2512","title":{"rendered":"Betancourt, Ana Georgia"},"content":{"rendered":"<p><span style=\"color: #000000;\"><img loading=\"lazy\" decoding=\"async\" class=\" wp-image-2554 alignleft\" src=\"http:\/\/dharservices.com\/wp-content\/uploads\/2015\/09\/Foto-Ana-Batancour-225x300.jpg\" alt=\"Foto Ana Batancour\" width=\"194\" height=\"259\" srcset=\"https:\/\/dharservices.com\/wp-content\/uploads\/2015\/09\/Foto-Ana-Batancour-225x300.jpg 225w, https:\/\/dharservices.com\/wp-content\/uploads\/2015\/09\/Foto-Ana-Batancour.jpg 600w\" sizes=\"auto, (max-width: 194px) 100vw, 194px\" \/>Naci\u00f3 en ciudad de la Habana, Cuba. A los quince a\u00f1os emigr\u00f3 a los Estados Unidos con su familia. La pasi\u00f3n por escribir est\u00e1 presente en ella desde peque\u00f1a. Particip\u00f3 en concursos y clubes literarios.<\/span><\/p>\n<p><span style=\"color: #000000;\">Se gradu\u00f3 de la Universidad Internacional de la Florida en el a\u00f1o 2004 con licenciatura en Espa\u00f1ol y Literatura. Un a\u00f1o despu\u00e9s termin\u00f3 su certificaci\u00f3n de maestra primaria biling\u00fce en la universidad de Saint Thomas en Houston, Texas.<\/span><\/p>\n<p><span style=\"color: #000000;\">Ejerci\u00f3 su carrera como maestra biling\u00fce primaria hasta el a\u00f1o 2012. En ese mismo a\u00f1o se mud\u00f3 para Nueva Zelanda, junto a su esposo. All\u00ed se gradu\u00f3 en la Academia Australiana Morris y recibi\u00f3 la certificaci\u00f3n de Periodista Independiente.<\/span><\/p>\n<p><span style=\"color: #000000;\">Actualmente se dedica a escribir cuentos infantiles, y art\u00edculos para algunas revistas de temas variados. Consagra parte de su tiempo, escribiendo para su blog personal \u201cAnita\u2019s Footprints\u201d.\u00a0 Es publicada en el peri\u00f3dico stuff.com de Nueva Zelanda<\/span><\/p>\n<p><span style=\"color: #000000;\">La historia <strong>\u201cLolita, Pedrito y el Acorde\u00f3n\u201d<\/strong> el segundo cuento de este libro, fue escogida para participar en los ex\u00e1menes estandarizados de espa\u00f1ol en el estado de Nuevo M\u00e9xico.<\/span><\/p>\n<p><span style=\"color: #000000;\">Planea seguir escribiendo cuentos infantiles para el agrado de ni\u00f1os y padres, en sus f\u00e1bulas busca transmitir sus vivencias y conocimiento de toda una vida.<\/span><\/p>\n<p>Obtenlo en: www.amazon.com<\/p>\n<p><img loading=\"lazy\" decoding=\"async\" class=\"alignleft size-medium wp-image-3305\" src=\"http:\/\/dharservices.com\/wp-content\/uploads\/2016\/01\/web-EL-DUENDE-GRU\u00d1ON-1-250x300.jpg\" alt=\"web - EL DUENDE GRU\u00d1ON\" width=\"250\" height=\"300\" srcset=\"https:\/\/dharservices.com\/wp-content\/uploads\/2016\/01\/web-EL-DUENDE-GRU\u00d1ON-1-250x300.jpg 250w, https:\/\/dharservices.com\/wp-content\/uploads\/2016\/01\/web-EL-DUENDE-GRU\u00d1ON-1-125x150.jpg 125w, https:\/\/dharservices.com\/wp-content\/uploads\/2016\/01\/web-EL-DUENDE-GRU\u00d1ON-1-768x921.jpg 768w, https:\/\/dharservices.com\/wp-content\/uploads\/2016\/01\/web-EL-DUENDE-GRU\u00d1ON-1-854x1024.jpg 854w\" sizes=\"auto, (max-width: 250px) 100vw, 250px\" \/><\/p>\n","protected":false},"excerpt":{"rendered":"<p>Naci\u00f3 en ciudad de la Habana, Cuba. A los quince a\u00f1os emigr\u00f3 a los Estados Unidos con su familia. La pasi\u00f3n por escribir est\u00e1 presente en ella desde peque\u00f1a. Particip\u00f3 en concursos y clubes literarios. Se gradu\u00f3 de la Universidad Internacional de la Florida en el a\u00f1o 2004 con licenciatura en Espa\u00f1ol y Literatura. Un a\u00f1o despu\u00e9s termin\u00f3 su certificaci\u00f3n de maestra primaria biling\u00fce en la universidad de Saint Thomas en Houston, Texas. Ejerci\u00f3 su carrera como maestra biling\u00fce primaria hasta el a\u00f1o 2012. En ese mismo a\u00f1o se mud\u00f3 para Nueva Zelanda, junto a su esposo. All\u00ed se gradu\u00f3 en la Academia Australiana Morris y recibi\u00f3 la certificaci\u00f3n de Periodista Independiente. Actualmente se dedica a escribir cuentos infantiles, y art\u00edculos para algunas revistas de temas variados. Consagra parte de su tiempo, escribiendo para su blog personal \u201cAnita\u2019s Footprints\u201d.\u00a0 Es publicada en el peri\u00f3dico stuff.com de Nueva Zelanda La historia \u201cLolita, Pedrito y el Acorde\u00f3n\u201d el segundo cuento de este libro, fue escogida para participar en los ex\u00e1menes estandarizados de espa\u00f1ol en el estado de Nuevo M\u00e9xico. Planea seguir escribiendo cuentos infantiles para el agrado de ni\u00f1os y padres, en sus f\u00e1bulas busca transmitir sus vivencias y conocimiento de toda una vida. Obtenlo en: www.amazon.com<\/p>\n","protected":false},"author":1,"featured_media":0,"parent":0,"menu_order":0,"comment_status":"closed","ping_status":"closed","template":"","meta":{"footnotes":""},"class_list":["post-2512","page","type-page","status-publish","hentry"],"_links":{"self":[{"href":"https:\/\/dharservices.com\/index.php?rest_route=\/wp\/v2\/pages\/2512","targetHints":{"allow":["GET"]}}],"collection":[{"href":"https:\/\/dharservices.com\/index.php?rest_route=\/wp\/v2\/pages"}],"about":[{"href":"https:\/\/dharservices.com\/index.php?rest_route=\/wp\/v2\/types\/page"}],"author":[{"embeddable":true,"href":"https:\/\/dharservices.com\/index.php?rest_route=\/wp\/v2\/users\/1"}],"replies":[{"embeddable":true,"href":"https:\/\/dharservices.com\/index.php?rest_route=%2Fwp%2Fv2%2Fcomments&post=2512"}],"version-history":[{"count":7,"href":"https:\/\/dharservices.com\/index.php?rest_route=\/wp\/v2\/pages\/2512\/revisions"}],"predecessor-version":[{"id":3860,"href":"https:\/\/dharservices.com\/index.php?rest_route=\/wp\/v2\/pages\/2512\/revisions\/3860"}],"wp:attachment":[{"href":"https:\/\/dharservices.com\/index.php?rest_route=%2Fwp%2Fv2%2Fmedia&parent=2512"}],"curies":[{"name":"wp","href":"https:\/\/api.w.org\/{rel}","templated":true}]}}