{"id":2516,"date":"2015-09-16T16:46:41","date_gmt":"2015-09-17T00:46:41","guid":{"rendered":"http:\/\/dharservices.com\/?page_id=2516"},"modified":"2017-12-13T15:33:49","modified_gmt":"2017-12-13T23:33:49","slug":"edilma-angel-2","status":"publish","type":"page","link":"https:\/\/dharservices.com\/?page_id=2516","title":{"rendered":"Angel, Edilma"},"content":{"rendered":"<p><span style=\"color: #000000;\"><img loading=\"lazy\" decoding=\"async\" class=\" wp-image-2528 alignleft\" src=\"http:\/\/dharservices.com\/wp-content\/uploads\/2015\/09\/edilma_edited-5-238x300.png\" alt=\"edilma_edited-5\" width=\"174\" height=\"219\" srcset=\"https:\/\/dharservices.com\/wp-content\/uploads\/2015\/09\/edilma_edited-5-238x300.png 238w, https:\/\/dharservices.com\/wp-content\/uploads\/2015\/09\/edilma_edited-5-814x1024.png 814w, https:\/\/dharservices.com\/wp-content\/uploads\/2015\/09\/edilma_edited-5.png 1058w\" sizes=\"auto, (max-width: 174px) 100vw, 174px\" \/>Su misi\u00f3n personal ser una ola expansiva en servicio y estimulo espiritual. llevada por esta iniciativa, escribi\u00f3 el libro\u00a0<strong><em>Mujer de la sombra a la luz<\/em><\/strong>, obra motivacional de ayuda a la mujer y para el hombre que anhele conocer m\u00e1s a la mujer. Este libro fue publicado en el a\u00f1o 2009 Su segundo libro <strong>Trastorno de Personalidad Multiple \u00a0\u00bfFicci\u00f3n o Realidad?<\/strong> en el 2016 se encuentran expuestos en varias bibliotecas del pa\u00eds. Participado con poemas y cuentos en las antolog\u00edas:\u00a0<strong><em>Un horizonte literario<\/em><\/strong>\u00a0en el a\u00f1o 2010. <\/span><span style=\"color: #000000;\"><strong>Navegante de Palabras<\/strong> en el a\u00f1o 2012. <strong>Mind Ripples<\/strong> en el a\u00f1o 2013. <\/span><span style=\"color: #000000;\"><strong>El espacio infinito del cuento<\/strong> en el a\u00f1o 2014<\/span><\/p>\n<p><span style=\"color: #000000;\">Sus libros se pueden adquirir en:\u00a0<span style=\"color: #33cccc;\"><a style=\"color: #33cccc;\" href=\"http:\/\/www.amazon.com\/\" target=\"_blank\" rel=\"noopener\"><strong>www.amazon.com<\/strong><\/a><\/span>\u00a0y\u00a0<span style=\"color: #33cccc;\"><a style=\"color: #33cccc;\" href=\"http:\/\/dharservices.com\/\" target=\"_blank\" rel=\"noopener\"><strong>www.dharservices.com<\/strong><\/a><\/span>.<\/span><\/p>\n<p><img loading=\"lazy\" decoding=\"async\" class=\"alignleft size-medium wp-image-3444\" src=\"http:\/\/dharservices.com\/wp-content\/uploads\/2016\/01\/web-MUJER-DE-LA-SOMBRA-A-LA-LUZ-01-250x300.jpg\" alt=\"web MUJER DE LA SOMBRA A LA LUZ-01\" width=\"250\" height=\"300\" srcset=\"https:\/\/dharservices.com\/wp-content\/uploads\/2016\/01\/web-MUJER-DE-LA-SOMBRA-A-LA-LUZ-01-250x300.jpg 250w, https:\/\/dharservices.com\/wp-content\/uploads\/2016\/01\/web-MUJER-DE-LA-SOMBRA-A-LA-LUZ-01-125x150.jpg 125w, https:\/\/dharservices.com\/wp-content\/uploads\/2016\/01\/web-MUJER-DE-LA-SOMBRA-A-LA-LUZ-01-768x922.jpg 768w, https:\/\/dharservices.com\/wp-content\/uploads\/2016\/01\/web-MUJER-DE-LA-SOMBRA-A-LA-LUZ-01-853x1024.jpg 853w\" sizes=\"auto, (max-width: 250px) 100vw, 250px\" \/><\/p>\n<p><img loading=\"lazy\" decoding=\"async\" class=\"alignleft size-medium wp-image-3455\" src=\"http:\/\/dharservices.com\/wp-content\/uploads\/2016\/01\/DHAR-BOOK-WEB-tRASTORNO-DE-PERSONALIDAD-M\u00daLTIMPLE-225x300.jpg\" alt=\"Imprimir\" width=\"225\" height=\"300\" srcset=\"https:\/\/dharservices.com\/wp-content\/uploads\/2016\/01\/DHAR-BOOK-WEB-tRASTORNO-DE-PERSONALIDAD-M\u00daLTIMPLE-225x300.jpg 225w, https:\/\/dharservices.com\/wp-content\/uploads\/2016\/01\/DHAR-BOOK-WEB-tRASTORNO-DE-PERSONALIDAD-M\u00daLTIMPLE-113x150.jpg 113w, https:\/\/dharservices.com\/wp-content\/uploads\/2016\/01\/DHAR-BOOK-WEB-tRASTORNO-DE-PERSONALIDAD-M\u00daLTIMPLE-768x1022.jpg 768w, https:\/\/dharservices.com\/wp-content\/uploads\/2016\/01\/DHAR-BOOK-WEB-tRASTORNO-DE-PERSONALIDAD-M\u00daLTIMPLE-770x1024.jpg 770w, https:\/\/dharservices.com\/wp-content\/uploads\/2016\/01\/DHAR-BOOK-WEB-tRASTORNO-DE-PERSONALIDAD-M\u00daLTIMPLE.jpg 1304w\" sizes=\"auto, (max-width: 225px) 100vw, 225px\" \/><\/p>\n<p>&nbsp;<\/p>\n<p><img loading=\"lazy\" decoding=\"async\" class=\"alignleft wp-image-4135\" src=\"https:\/\/dharservices.com\/wp-content\/uploads\/2017\/12\/Edilma-Cover-Nara-viajera-del-tiempo-frente-196x300.jpg\" alt=\"\" width=\"213\" height=\"326\" srcset=\"https:\/\/dharservices.com\/wp-content\/uploads\/2017\/12\/Edilma-Cover-Nara-viajera-del-tiempo-frente-196x300.jpg 196w, https:\/\/dharservices.com\/wp-content\/uploads\/2017\/12\/Edilma-Cover-Nara-viajera-del-tiempo-frente-98x150.jpg 98w, https:\/\/dharservices.com\/wp-content\/uploads\/2017\/12\/Edilma-Cover-Nara-viajera-del-tiempo-frente-768x1177.jpg 768w, https:\/\/dharservices.com\/wp-content\/uploads\/2017\/12\/Edilma-Cover-Nara-viajera-del-tiempo-frente-668x1024.jpg 668w, https:\/\/dharservices.com\/wp-content\/uploads\/2017\/12\/Edilma-Cover-Nara-viajera-del-tiempo-frente.jpg 1693w\" sizes=\"auto, (max-width: 213px) 100vw, 213px\" \/><\/p>\n<p>&nbsp;<\/p>\n<p><img loading=\"lazy\" decoding=\"async\" class=\"alignleft size-medium wp-image-4136\" src=\"https:\/\/dharservices.com\/wp-content\/uploads\/2017\/12\/Yo-elijo-cover-frente-205x300.png\" alt=\"\" width=\"205\" height=\"300\" srcset=\"https:\/\/dharservices.com\/wp-content\/uploads\/2017\/12\/Yo-elijo-cover-frente-205x300.png 205w, https:\/\/dharservices.com\/wp-content\/uploads\/2017\/12\/Yo-elijo-cover-frente-103x150.png 103w, https:\/\/dharservices.com\/wp-content\/uploads\/2017\/12\/Yo-elijo-cover-frente.png 467w\" sizes=\"auto, (max-width: 205px) 100vw, 205px\" \/><\/p>\n<p><img loading=\"lazy\" decoding=\"async\" class=\"alignleft wp-image-4139\" src=\"https:\/\/dharservices.com\/wp-content\/uploads\/2017\/12\/Ea-disssociative-cover-frente-204x300.jpg\" alt=\"\" width=\"196\" height=\"288\" srcset=\"https:\/\/dharservices.com\/wp-content\/uploads\/2017\/12\/Ea-disssociative-cover-frente-204x300.jpg 204w, https:\/\/dharservices.com\/wp-content\/uploads\/2017\/12\/Ea-disssociative-cover-frente-102x150.jpg 102w, https:\/\/dharservices.com\/wp-content\/uploads\/2017\/12\/Ea-disssociative-cover-frente-768x1127.jpg 768w, https:\/\/dharservices.com\/wp-content\/uploads\/2017\/12\/Ea-disssociative-cover-frente-698x1024.jpg 698w, https:\/\/dharservices.com\/wp-content\/uploads\/2017\/12\/Ea-disssociative-cover-frente.jpg 1532w\" sizes=\"auto, (max-width: 196px) 100vw, 196px\" \/><\/p>\n<p>&nbsp;<\/p>\n<p>&nbsp;<\/p>\n<p>&nbsp;<\/p>\n<p>&nbsp;<\/p>\n<p>&nbsp;<\/p>\n<p>&nbsp;<\/p>\n<p>&nbsp;<\/p>\n<p>&nbsp;<\/p>\n<p><img loading=\"lazy\" decoding=\"async\" class=\"wp-image-4138 alignleft\" src=\"https:\/\/dharservices.com\/wp-content\/uploads\/2017\/12\/I-choose-to-remember-cover-frente-199x300.jpg\" alt=\"\" width=\"224\" height=\"338\" srcset=\"https:\/\/dharservices.com\/wp-content\/uploads\/2017\/12\/I-choose-to-remember-cover-frente-199x300.jpg 199w, https:\/\/dharservices.com\/wp-content\/uploads\/2017\/12\/I-choose-to-remember-cover-frente-99x150.jpg 99w, https:\/\/dharservices.com\/wp-content\/uploads\/2017\/12\/I-choose-to-remember-cover-frente.jpg 398w\" sizes=\"auto, (max-width: 224px) 100vw, 224px\" \/><\/p>\n<p>&nbsp;<\/p>\n<p>&nbsp;<\/p>\n<p>&nbsp;<\/p>\n<p>&nbsp;<\/p>\n<p>&nbsp;<\/p>\n<p>&nbsp;<\/p>\n<p>&nbsp;<\/p>\n<p>&nbsp;<\/p>\n<p>&nbsp;<\/p>\n<p>Obtenlos en: www.amazon.com<\/p>\n<p>Particip\u00f3 en las antolog\u00edas:<img loading=\"lazy\" decoding=\"async\" class=\"alignleft size-medium wp-image-4124\" src=\"https:\/\/dharservices.com\/wp-content\/uploads\/2017\/12\/10-aniversario-frente-de-la-car\u00e1tula-226x300.jpg\" alt=\"\" width=\"226\" height=\"300\" srcset=\"https:\/\/dharservices.com\/wp-content\/uploads\/2017\/12\/10-aniversario-frente-de-la-car\u00e1tula-226x300.jpg 226w, https:\/\/dharservices.com\/wp-content\/uploads\/2017\/12\/10-aniversario-frente-de-la-car\u00e1tula-113x150.jpg 113w, https:\/\/dharservices.com\/wp-content\/uploads\/2017\/12\/10-aniversario-frente-de-la-car\u00e1tula.jpg 573w\" sizes=\"auto, (max-width: 226px) 100vw, 226px\" \/><\/p>\n<p><img loading=\"lazy\" decoding=\"async\" class=\"alignleft size-medium wp-image-3382\" src=\"http:\/\/dharservices.com\/wp-content\/uploads\/2016\/01\/dhar-book-web-Mind-Ripples-208x300.jpg\" alt=\"dhar book web Mind Ripples\" width=\"208\" height=\"300\" srcset=\"https:\/\/dharservices.com\/wp-content\/uploads\/2016\/01\/dhar-book-web-Mind-Ripples-208x300.jpg 208w, https:\/\/dharservices.com\/wp-content\/uploads\/2016\/01\/dhar-book-web-Mind-Ripples-104x150.jpg 104w, https:\/\/dharservices.com\/wp-content\/uploads\/2016\/01\/dhar-book-web-Mind-Ripples-768x1108.jpg 768w, https:\/\/dharservices.com\/wp-content\/uploads\/2016\/01\/dhar-book-web-Mind-Ripples-710x1024.jpg 710w\" sizes=\"auto, (max-width: 208px) 100vw, 208px\" \/><\/p>\n<p><img loading=\"lazy\" decoding=\"async\" class=\"alignleft size-medium wp-image-3396\" src=\"http:\/\/dharservices.com\/wp-content\/uploads\/2016\/01\/dhar-book-web-el-espacio-infinito-del-cuento-208x300.jpg\" alt=\"dhar book web el espacio infinito del cuento\" width=\"208\" height=\"300\" srcset=\"https:\/\/dharservices.com\/wp-content\/uploads\/2016\/01\/dhar-book-web-el-espacio-infinito-del-cuento-208x300.jpg 208w, https:\/\/dharservices.com\/wp-content\/uploads\/2016\/01\/dhar-book-web-el-espacio-infinito-del-cuento-104x150.jpg 104w, https:\/\/dharservices.com\/wp-content\/uploads\/2016\/01\/dhar-book-web-el-espacio-infinito-del-cuento-768x1108.jpg 768w, https:\/\/dharservices.com\/wp-content\/uploads\/2016\/01\/dhar-book-web-el-espacio-infinito-del-cuento-710x1024.jpg 710w\" sizes=\"auto, (max-width: 208px) 100vw, 208px\" \/><br \/>\n<img loading=\"lazy\" decoding=\"async\" class=\"alignleft size-medium wp-image-3405\" src=\"http:\/\/dharservices.com\/wp-content\/uploads\/2016\/01\/dhar-book-web-Navegantes-de-palabras-208x300.jpg\" alt=\"dhar book web Navegantes de palabras\" width=\"208\" height=\"300\" srcset=\"https:\/\/dharservices.com\/wp-content\/uploads\/2016\/01\/dhar-book-web-Navegantes-de-palabras-208x300.jpg 208w, https:\/\/dharservices.com\/wp-content\/uploads\/2016\/01\/dhar-book-web-Navegantes-de-palabras-104x150.jpg 104w, https:\/\/dharservices.com\/wp-content\/uploads\/2016\/01\/dhar-book-web-Navegantes-de-palabras-768x1108.jpg 768w, https:\/\/dharservices.com\/wp-content\/uploads\/2016\/01\/dhar-book-web-Navegantes-de-palabras-710x1024.jpg 710w\" sizes=\"auto, (max-width: 208px) 100vw, 208px\" \/><br \/>\n<img loading=\"lazy\" decoding=\"async\" class=\"alignleft size-medium wp-image-3409\" src=\"http:\/\/dharservices.com\/wp-content\/uploads\/2016\/01\/dhar-book-web-Un-horizonte-literario-208x300.jpg\" alt=\"dhar book web Un horizonte literario\" width=\"208\" height=\"300\" srcset=\"https:\/\/dharservices.com\/wp-content\/uploads\/2016\/01\/dhar-book-web-Un-horizonte-literario-208x300.jpg 208w, https:\/\/dharservices.com\/wp-content\/uploads\/2016\/01\/dhar-book-web-Un-horizonte-literario-104x150.jpg 104w, https:\/\/dharservices.com\/wp-content\/uploads\/2016\/01\/dhar-book-web-Un-horizonte-literario-768x1108.jpg 768w, https:\/\/dharservices.com\/wp-content\/uploads\/2016\/01\/dhar-book-web-Un-horizonte-literario-710x1024.jpg 710w\" sizes=\"auto, (max-width: 208px) 100vw, 208px\" \/><\/p>\n<p><img loading=\"lazy\" decoding=\"async\" class=\"alignleft size-medium wp-image-3430\" src=\"http:\/\/dharservices.com\/wp-content\/uploads\/2016\/01\/web-CERCA-MUY-CERCA-250x300.jpg\" alt=\"web - CERCA MUY CERCA\" width=\"250\" height=\"300\" srcset=\"https:\/\/dharservices.com\/wp-content\/uploads\/2016\/01\/web-CERCA-MUY-CERCA-250x300.jpg 250w, https:\/\/dharservices.com\/wp-content\/uploads\/2016\/01\/web-CERCA-MUY-CERCA-125x150.jpg 125w, https:\/\/dharservices.com\/wp-content\/uploads\/2016\/01\/web-CERCA-MUY-CERCA-768x921.jpg 768w, https:\/\/dharservices.com\/wp-content\/uploads\/2016\/01\/web-CERCA-MUY-CERCA-854x1024.jpg 854w\" sizes=\"auto, (max-width: 250px) 100vw, 250px\" \/><\/p>\n","protected":false},"excerpt":{"rendered":"<p>Su misi\u00f3n personal ser una ola expansiva en servicio y estimulo espiritual. llevada por esta iniciativa, escribi\u00f3 el libro\u00a0Mujer de la sombra a la luz, obra motivacional de ayuda a la mujer y para el hombre que anhele conocer m\u00e1s a la mujer. Este libro fue publicado en el a\u00f1o 2009 Su segundo libro Trastorno de Personalidad Multiple \u00a0\u00bfFicci\u00f3n o Realidad? en el 2016 se encuentran expuestos en varias bibliotecas del pa\u00eds. Participado con poemas y cuentos en las antolog\u00edas:\u00a0Un horizonte literario\u00a0en el a\u00f1o 2010. Navegante de Palabras en el a\u00f1o 2012. Mind Ripples en el a\u00f1o 2013. El espacio infinito del cuento en el a\u00f1o 2014 Sus libros se pueden adquirir en:\u00a0www.amazon.com\u00a0y\u00a0www.dharservices.com. &nbsp; &nbsp; &nbsp; &nbsp; &nbsp; &nbsp; &nbsp; &nbsp; &nbsp; &nbsp; &nbsp; &nbsp; &nbsp; &nbsp; &nbsp; &nbsp; &nbsp; &nbsp; &nbsp; Obtenlos en: www.amazon.com Particip\u00f3 en las antolog\u00edas:<\/p>\n","protected":false},"author":1,"featured_media":0,"parent":0,"menu_order":0,"comment_status":"closed","ping_status":"closed","template":"","meta":{"footnotes":""},"class_list":["post-2516","page","type-page","status-publish","hentry"],"_links":{"self":[{"href":"https:\/\/dharservices.com\/index.php?rest_route=\/wp\/v2\/pages\/2516","targetHints":{"allow":["GET"]}}],"collection":[{"href":"https:\/\/dharservices.com\/index.php?rest_route=\/wp\/v2\/pages"}],"about":[{"href":"https:\/\/dharservices.com\/index.php?rest_route=\/wp\/v2\/types\/page"}],"author":[{"embeddable":true,"href":"https:\/\/dharservices.com\/index.php?rest_route=\/wp\/v2\/users\/1"}],"replies":[{"embeddable":true,"href":"https:\/\/dharservices.com\/index.php?rest_route=%2Fwp%2Fv2%2Fcomments&post=2516"}],"version-history":[{"count":15,"href":"https:\/\/dharservices.com\/index.php?rest_route=\/wp\/v2\/pages\/2516\/revisions"}],"predecessor-version":[{"id":4142,"href":"https:\/\/dharservices.com\/index.php?rest_route=\/wp\/v2\/pages\/2516\/revisions\/4142"}],"wp:attachment":[{"href":"https:\/\/dharservices.com\/index.php?rest_route=%2Fwp%2Fv2%2Fmedia&parent=2516"}],"curies":[{"name":"wp","href":"https:\/\/api.w.org\/{rel}","templated":true}]}}