{"id":2619,"date":"2015-09-21T19:52:20","date_gmt":"2015-09-22T03:52:20","guid":{"rendered":"http:\/\/dharservices.com\/?page_id=2619"},"modified":"2017-03-13T12:20:01","modified_gmt":"2017-03-13T20:20:01","slug":"contacto","status":"publish","type":"page","link":"https:\/\/dharservices.com\/?page_id=2619","title":{"rendered":"Contacto"},"content":{"rendered":"<p>&nbsp;<\/p>\n<p style=\"text-align: center;\"><strong><a href=\"mailto:Info@dharservices.com\">Info@dharservices.com<\/a><\/strong><\/p>\n<p style=\"text-align: center;\"><strong>WhatsApp: 1 786 837 4567<\/strong><\/p>\n<p style=\"text-align: center;\"><strong>USA: \u00a0 360 306 5455 &#8211; 786 837 4567<\/strong><\/p>\n<p style=\"text-align: center;\"><strong>P.O. BOX 290\u00a0<\/strong><strong>YELM, WA, 98597<\/strong><\/p>\n<p style=\"text-align: center;\"><strong>USA<\/strong><\/p>\n<p style=\"text-align: center;\"><strong><a href=\"http:\/\/www.dharservices.com\">Atenci\u00f3n personalizada en ingl\u00e9s y espa\u00f1ol<\/a><\/strong><\/p>\n<p style=\"text-align: center;\"><strong>\u00a0\u00a0\u00a0\u00a0\u00a0\u00a0\u00a0\u00a0\u00a0\u00a0\u00a0\u00a0\u00a0\u00a0\u00a0\u00a0\u00a0\u00a0\u00a0\u00a0\u00a0\u00a0\u00a0\u00a0\u00a0\u00a0\u00a0\u00a0\u00a0\u00a0\u00a0\u00a0\u00a0\u00a0\u00a0\u00a0\u00a0\u00a0\u00a0\u00a0\u00a0\u00a0\u00a0\u00a0\u00a0\u00a0\u00a0\u00a0\u00a0\u00a0\u00a0\u00a0\u00a0\u00a0\u00a0\u00a0\u00a0\u00a0\u00a0\u00a0\u00a0\u00a0\u00a0\u00a0\u00a0\u00a0\u00a0\u00a0\u00a0\u00a0\u00a0\u00a0COLOMBIA: 311 541 7405\u00a0\u00a0\u00a0\u00a0\u00a0\u00a0\u00a0\u00a0\u00a0\u00a0\u00a0\u00a0\u00a0\u00a0\u00a0\u00a0\u00a0\u00a0\u00a0\u00a0\u00a0\u00a0\u00a0\u00a0\u00a0\u00a0\u00a0\u00a0\u00a0\u00a0\u00a0\u00a0\u00a0\u00a0\u00a0\u00a0\u00a0\u00a0\u00a0\u00a0\u00a0\u00a0\u00a0\u00a0\u00a0\u00a0\u00a0\u00a0\u00a0\u00a0\u00a0\u00a0\u00a0\u00a0\u00a0\u00a0\u00a0\u00a0\u00a0\u00a0\u00a0\u00a0\u00a0\u00a0\u00a0\u00a0\u00a0\u00a0\u00a0\u00a0\u00a0\u00a0\u00a0\u00a0\u00a0\u00a0\u00a0\u00a0\u00a0\u00a0\u00a0<\/strong><\/p>\n<p><img loading=\"lazy\" decoding=\"async\" class=\"size-medium wp-image-3960 alignleft\" src=\"https:\/\/dharservices.com\/wp-content\/uploads\/2015\/09\/BROSHURE-IMPRESO-2-300x204.jpg\" alt=\"BROSHURE IMPRESO-2\" width=\"300\" height=\"204\" srcset=\"https:\/\/dharservices.com\/wp-content\/uploads\/2015\/09\/BROSHURE-IMPRESO-2-300x204.jpg 300w, https:\/\/dharservices.com\/wp-content\/uploads\/2015\/09\/BROSHURE-IMPRESO-2-150x102.jpg 150w, https:\/\/dharservices.com\/wp-content\/uploads\/2015\/09\/BROSHURE-IMPRESO-2-768x521.jpg 768w, https:\/\/dharservices.com\/wp-content\/uploads\/2015\/09\/BROSHURE-IMPRESO-2-1024x695.jpg 1024w, https:\/\/dharservices.com\/wp-content\/uploads\/2015\/09\/BROSHURE-IMPRESO-2.jpg 1273w\" sizes=\"auto, (max-width: 300px) 100vw, 300px\" \/><\/p>\n<p><img loading=\"lazy\" decoding=\"async\" class=\"alignleft size-medium wp-image-3959\" src=\"https:\/\/dharservices.com\/wp-content\/uploads\/2015\/09\/BROSHURE-IMPRESO-1-300x200.jpg\" alt=\"BROSHURE IMPRESO-1\" width=\"300\" height=\"200\" srcset=\"https:\/\/dharservices.com\/wp-content\/uploads\/2015\/09\/BROSHURE-IMPRESO-1-300x200.jpg 300w, https:\/\/dharservices.com\/wp-content\/uploads\/2015\/09\/BROSHURE-IMPRESO-1-150x100.jpg 150w, https:\/\/dharservices.com\/wp-content\/uploads\/2015\/09\/BROSHURE-IMPRESO-1-768x512.jpg 768w, https:\/\/dharservices.com\/wp-content\/uploads\/2015\/09\/BROSHURE-IMPRESO-1-1024x683.jpg 1024w, https:\/\/dharservices.com\/wp-content\/uploads\/2015\/09\/BROSHURE-IMPRESO-1.jpg 1296w\" sizes=\"auto, (max-width: 300px) 100vw, 300px\" \/><\/p>\n","protected":false},"excerpt":{"rendered":"<p>&nbsp; Info@dharservices.com WhatsApp: 1 786 837 4567 USA: \u00a0 360 306 5455 &#8211; 786 837 4567 P.O. BOX 290\u00a0YELM, WA, 98597 USA Atenci\u00f3n personalizada en ingl\u00e9s y espa\u00f1ol \u00a0\u00a0\u00a0\u00a0\u00a0\u00a0\u00a0\u00a0\u00a0\u00a0\u00a0\u00a0\u00a0\u00a0\u00a0\u00a0\u00a0\u00a0\u00a0\u00a0\u00a0\u00a0\u00a0\u00a0\u00a0\u00a0\u00a0\u00a0\u00a0\u00a0\u00a0\u00a0\u00a0\u00a0\u00a0\u00a0\u00a0\u00a0\u00a0\u00a0\u00a0\u00a0\u00a0\u00a0\u00a0\u00a0\u00a0\u00a0\u00a0\u00a0\u00a0\u00a0\u00a0\u00a0\u00a0\u00a0\u00a0\u00a0\u00a0\u00a0\u00a0\u00a0\u00a0\u00a0\u00a0\u00a0\u00a0\u00a0\u00a0\u00a0\u00a0\u00a0COLOMBIA: 311 541 7405\u00a0\u00a0\u00a0\u00a0\u00a0\u00a0\u00a0\u00a0\u00a0\u00a0\u00a0\u00a0\u00a0\u00a0\u00a0\u00a0\u00a0\u00a0\u00a0\u00a0\u00a0\u00a0\u00a0\u00a0\u00a0\u00a0\u00a0\u00a0\u00a0\u00a0\u00a0\u00a0\u00a0\u00a0\u00a0\u00a0\u00a0\u00a0\u00a0\u00a0\u00a0\u00a0\u00a0\u00a0\u00a0\u00a0\u00a0\u00a0\u00a0\u00a0\u00a0\u00a0\u00a0\u00a0\u00a0\u00a0\u00a0\u00a0\u00a0\u00a0\u00a0\u00a0\u00a0\u00a0\u00a0\u00a0\u00a0\u00a0\u00a0\u00a0\u00a0\u00a0\u00a0\u00a0\u00a0\u00a0\u00a0\u00a0\u00a0\u00a0\u00a0<\/p>\n","protected":false},"author":1,"featured_media":0,"parent":0,"menu_order":0,"comment_status":"closed","ping_status":"closed","template":"","meta":{"footnotes":""},"class_list":["post-2619","page","type-page","status-publish","hentry"],"_links":{"self":[{"href":"https:\/\/dharservices.com\/index.php?rest_route=\/wp\/v2\/pages\/2619","targetHints":{"allow":["GET"]}}],"collection":[{"href":"https:\/\/dharservices.com\/index.php?rest_route=\/wp\/v2\/pages"}],"about":[{"href":"https:\/\/dharservices.com\/index.php?rest_route=\/wp\/v2\/types\/page"}],"author":[{"embeddable":true,"href":"https:\/\/dharservices.com\/index.php?rest_route=\/wp\/v2\/users\/1"}],"replies":[{"embeddable":true,"href":"https:\/\/dharservices.com\/index.php?rest_route=%2Fwp%2Fv2%2Fcomments&post=2619"}],"version-history":[{"count":17,"href":"https:\/\/dharservices.com\/index.php?rest_route=\/wp\/v2\/pages\/2619\/revisions"}],"predecessor-version":[{"id":4089,"href":"https:\/\/dharservices.com\/index.php?rest_route=\/wp\/v2\/pages\/2619\/revisions\/4089"}],"wp:attachment":[{"href":"https:\/\/dharservices.com\/index.php?rest_route=%2Fwp%2Fv2%2Fmedia&parent=2619"}],"curies":[{"name":"wp","href":"https:\/\/api.w.org\/{rel}","templated":true}]}}