{"id":2799,"date":"2016-01-16T14:59:59","date_gmt":"2016-01-16T22:59:59","guid":{"rendered":"http:\/\/dharservices.com\/?page_id=2799"},"modified":"2016-02-26T11:55:21","modified_gmt":"2016-02-26T19:55:21","slug":"maria-moreno-3","status":"publish","type":"page","link":"https:\/\/dharservices.com\/?page_id=2799","title":{"rendered":"Moreno, Maria"},"content":{"rendered":"<p><img loading=\"lazy\" decoding=\"async\" class=\"alignleft size-medium wp-image-2801\" src=\"http:\/\/dharservices.com\/wp-content\/uploads\/2016\/01\/maria-para-sin-escape-300x300.jpg\" alt=\"maria para sin escape\" width=\"300\" height=\"300\" srcset=\"https:\/\/dharservices.com\/wp-content\/uploads\/2016\/01\/maria-para-sin-escape-300x300.jpg 300w, https:\/\/dharservices.com\/wp-content\/uploads\/2016\/01\/maria-para-sin-escape-150x150.jpg 150w, https:\/\/dharservices.com\/wp-content\/uploads\/2016\/01\/maria-para-sin-escape.jpg 720w\" sizes=\"auto, (max-width: 300px) 100vw, 300px\" \/>Maria Moreno naci\u00f3 en Bogot\u00e1, Colombia. Desde ni\u00f1a escribe poemas y relatos, adem\u00e1s compone bellas letras para canciones.<\/p>\n<p>Ella expresa: \u201cDuermo tranquila, para mi vivir es emocionante, tengo amigos y no veo enemigos porque he descubierto la seguridad\u201d.<\/p>\n<p><em>\u201csin obtener nada por la experiencia adquirida, la distancia llora sobre el pozo de agua porque esta sedienta. Una mente en calma ve \u00fanicamente cada d\u00eda para que no venga la preocupaci\u00f3n. Cada circunstancia tiene su propio esfuerzo, el ser perfecto es como un espejo recibe, pero no conserva, de igual forma no hay mejor camino que el propio\u201d.<\/em><\/p>\n<p>Su primer libro titulado \u201cDescubre Tu Ser\u201d y el segundo \u201cUn Beso Mil Abrazos\u201d, fueron publicados en el 2015, con la Editorial Arte en Dise\u00f1o Global D\u2019har Services, su obra se encuentran disponible en:<a href=\"http:\/\/www.amazon.com\">www.amazon.com<\/a><\/p>\n<p>Nota curiosa: La escritora prefiere que su nombre se escriba sin la tilde.<\/p>\n<p>Obtenlos en: www.amazon.com<br \/>\n<img loading=\"lazy\" decoding=\"async\" class=\"alignleft size-medium wp-image-3770\" src=\"https:\/\/dharservices.com\/wp-content\/uploads\/2016\/02\/dhar-book-web-Sin-escape-225x300.jpg\" alt=\"dhar book web Sin escape\" width=\"225\" height=\"300\" srcset=\"https:\/\/dharservices.com\/wp-content\/uploads\/2016\/02\/dhar-book-web-Sin-escape-225x300.jpg 225w, https:\/\/dharservices.com\/wp-content\/uploads\/2016\/02\/dhar-book-web-Sin-escape-113x150.jpg 113w, https:\/\/dharservices.com\/wp-content\/uploads\/2016\/02\/dhar-book-web-Sin-escape-768x1024.jpg 768w\" sizes=\"auto, (max-width: 225px) 100vw, 225px\" \/><\/p>\n<p><img loading=\"lazy\" decoding=\"async\" class=\"alignleft size-medium wp-image-3536\" src=\"http:\/\/dharservices.com\/wp-content\/uploads\/2016\/01\/dhar-book-web-un-beso-mil-abrazos5-1-208x300.jpg\" alt=\"dhar book web un beso mil abrazos5\" width=\"208\" height=\"300\" srcset=\"https:\/\/dharservices.com\/wp-content\/uploads\/2016\/01\/dhar-book-web-un-beso-mil-abrazos5-1-208x300.jpg 208w, https:\/\/dharservices.com\/wp-content\/uploads\/2016\/01\/dhar-book-web-un-beso-mil-abrazos5-1-104x150.jpg 104w, https:\/\/dharservices.com\/wp-content\/uploads\/2016\/01\/dhar-book-web-un-beso-mil-abrazos5-1-768x1108.jpg 768w, https:\/\/dharservices.com\/wp-content\/uploads\/2016\/01\/dhar-book-web-un-beso-mil-abrazos5-1-710x1024.jpg 710w\" sizes=\"auto, (max-width: 208px) 100vw, 208px\" \/><img loading=\"lazy\" decoding=\"async\" class=\"alignleft size-medium wp-image-3394\" src=\"http:\/\/dharservices.com\/wp-content\/uploads\/2016\/01\/dhar-book-web-descubre-tu-ser-208x300.jpg\" alt=\"dhar book web descubre tu ser\" width=\"208\" height=\"300\" srcset=\"https:\/\/dharservices.com\/wp-content\/uploads\/2016\/01\/dhar-book-web-descubre-tu-ser-208x300.jpg 208w, https:\/\/dharservices.com\/wp-content\/uploads\/2016\/01\/dhar-book-web-descubre-tu-ser-104x150.jpg 104w, https:\/\/dharservices.com\/wp-content\/uploads\/2016\/01\/dhar-book-web-descubre-tu-ser-768x1108.jpg 768w, https:\/\/dharservices.com\/wp-content\/uploads\/2016\/01\/dhar-book-web-descubre-tu-ser-710x1024.jpg 710w\" sizes=\"auto, (max-width: 208px) 100vw, 208px\" \/><\/p>\n","protected":false},"excerpt":{"rendered":"<p>Maria Moreno naci\u00f3 en Bogot\u00e1, Colombia. Desde ni\u00f1a escribe poemas y relatos, adem\u00e1s compone bellas letras para canciones. Ella expresa: \u201cDuermo tranquila, para mi vivir es emocionante, tengo amigos y no veo enemigos porque he descubierto la seguridad\u201d. \u201csin obtener nada por la experiencia adquirida, la distancia llora sobre el pozo de agua porque esta sedienta. Una mente en calma ve \u00fanicamente cada d\u00eda para que no venga la preocupaci\u00f3n. Cada circunstancia tiene su propio esfuerzo, el ser perfecto es como un espejo recibe, pero no conserva, de igual forma no hay mejor camino que el propio\u201d. Su primer libro titulado \u201cDescubre Tu Ser\u201d y el segundo \u201cUn Beso Mil Abrazos\u201d, fueron publicados en el 2015, con la Editorial Arte en Dise\u00f1o Global D\u2019har Services, su obra se encuentran disponible en:www.amazon.com Nota curiosa: La escritora prefiere que su nombre se escriba sin la tilde. Obtenlos en: www.amazon.com<\/p>\n","protected":false},"author":1,"featured_media":0,"parent":0,"menu_order":0,"comment_status":"closed","ping_status":"closed","template":"","meta":{"footnotes":""},"class_list":["post-2799","page","type-page","status-publish","hentry"],"_links":{"self":[{"href":"https:\/\/dharservices.com\/index.php?rest_route=\/wp\/v2\/pages\/2799","targetHints":{"allow":["GET"]}}],"collection":[{"href":"https:\/\/dharservices.com\/index.php?rest_route=\/wp\/v2\/pages"}],"about":[{"href":"https:\/\/dharservices.com\/index.php?rest_route=\/wp\/v2\/types\/page"}],"author":[{"embeddable":true,"href":"https:\/\/dharservices.com\/index.php?rest_route=\/wp\/v2\/users\/1"}],"replies":[{"embeddable":true,"href":"https:\/\/dharservices.com\/index.php?rest_route=%2Fwp%2Fv2%2Fcomments&post=2799"}],"version-history":[{"count":6,"href":"https:\/\/dharservices.com\/index.php?rest_route=\/wp\/v2\/pages\/2799\/revisions"}],"predecessor-version":[{"id":3891,"href":"https:\/\/dharservices.com\/index.php?rest_route=\/wp\/v2\/pages\/2799\/revisions\/3891"}],"wp:attachment":[{"href":"https:\/\/dharservices.com\/index.php?rest_route=%2Fwp%2Fv2%2Fmedia&parent=2799"}],"curies":[{"name":"wp","href":"https:\/\/api.w.org\/{rel}","templated":true}]}}