{"id":2831,"date":"2016-01-16T15:32:50","date_gmt":"2016-01-16T23:32:50","guid":{"rendered":"http:\/\/dharservices.com\/?page_id=2831"},"modified":"2016-03-10T12:12:58","modified_gmt":"2016-03-10T20:12:58","slug":"julio-r-villanueva-sotomayor","status":"publish","type":"page","link":"https:\/\/dharservices.com\/?page_id=2831","title":{"rendered":"Villanueva Sotomayor, Julio R."},"content":{"rendered":"<p><img loading=\"lazy\" decoding=\"async\" class=\" wp-image-4005\" src=\"https:\/\/dharservices.com\/wp-content\/uploads\/2016\/01\/Julio-R.-Villanueva-fotograf\u00eda-246x300.jpg\" alt=\"OLYMPUS DIGITAL CAMERA\" width=\"166\" height=\"202\" srcset=\"https:\/\/dharservices.com\/wp-content\/uploads\/2016\/01\/Julio-R.-Villanueva-fotograf\u00eda-246x300.jpg 246w, https:\/\/dharservices.com\/wp-content\/uploads\/2016\/01\/Julio-R.-Villanueva-fotograf\u00eda-123x150.jpg 123w, https:\/\/dharservices.com\/wp-content\/uploads\/2016\/01\/Julio-R.-Villanueva-fotograf\u00eda-768x935.jpg 768w, https:\/\/dharservices.com\/wp-content\/uploads\/2016\/01\/Julio-R.-Villanueva-fotograf\u00eda-841x1024.jpg 841w, https:\/\/dharservices.com\/wp-content\/uploads\/2016\/01\/Julio-R.-Villanueva-fotograf\u00eda.jpg 1764w\" sizes=\"auto, (max-width: 166px) 100vw, 166px\" \/><\/p>\n<p><strong>Julio Rolando Villanueva Sotomayor<\/strong> es profesor de historia, geograf\u00eda y literatura, profesi\u00f3n y especialidades conseguidas en la Escuela Normal Superior Enrique Guzm\u00e1n y Valle y en la Universidad Nacional Mayor de San Marcos.<\/p>\n<p>En ESAN y en IPAE hizo estudios de post grado en las especialidades de Administraci\u00f3n y Organizaci\u00f3n y Gerencia Integral, respectivamente. En la Pontificia Universidad Cat\u00f3lica del Per\u00fa hizo estudios de doctorado en Educaci\u00f3n.<\/p>\n<p>Ejerci\u00f3 la docencia en educaci\u00f3n secundaria y universitaria, habiendo llegado a las m\u00e1s altas categor\u00edas y a diversos cargos y funciones.<\/p>\n<p>Paralelamente, se dedic\u00f3 a escribir textos escolares como autor de la Editorial Bru\u00f1o y de otras editoriales, habiendo publicado m\u00e1s de 80 t\u00edtulos. Desde el a\u00f1o 1994 a la fecha, ha sido ganador de 24 licitaciones del Ministerio de Educaci\u00f3n en el \u00e1rea de Ciencias Sociales, Historia, Geograf\u00eda y Econom\u00eda y en Ciencia y Ambiente para alumnos de educaci\u00f3n secundaria p\u00fablica de todo el pa\u00eds.<\/p>\n<p>Otras publicaciones han sido de cultura general, ensayos, una novela y varios cuentos. Escribe, as\u00ed mismo, art\u00edculos sobre la realidad nacional, los que son publicados en su p\u00e1gina Web bajo el t\u00edtulo de \u201cPersonal\u00edsimos\u201d. La novela\u00a0 \u201cRelumbrones en el Ande\u201d est\u00e1 en su tercera edici\u00f3n. Sus obras: \u201cS\u00edntesis del Per\u00fa\u201d y \u201cEl Tahuantinsuyu: Modelo social de propiedad curacal\u201d han sido traducidos al ingl\u00e9s.<\/p>\n<p>Con \u201cLa Rep\u00fablica\u201d y \u201cOjo\u201d ha publicado varios libros a trav\u00e9s de fasc\u00edculos, destacando: \u201cDue\u00f1os del tiempo\u201d, \u201cAtlas del Per\u00fa\u201d, \u201cHistoria del Per\u00fa antiguo\u201d e \u201cHistoria del Per\u00fa moderno\u201d, y cuyos datos han sido tomados por \u201cWikipedia\u201d y otras enciclopedias en versi\u00f3n digital. Es uno de los autores peruanos que han\u00a0 sido tomados tambi\u00e9n \u00a0en cuenta en la biblioteca digital de \u201cGoogle\u201d.<\/p>\n<p>Por a\u00f1adidura, desde el a\u00f1o 2008 se ha dedicado a publicaciones para el Plan Lector de Educaci\u00f3n Primaria y Secundaria, destacando sus biograf\u00edas, narrativas y cuentos del Per\u00fa para ni\u00f1os.<\/p>\n<p>Mantiene una p\u00e1gina WEB: <a href=\"http:\/\/www.identidad-peru.com\">www.identidad-peru.com<\/a>, donde se puede hallar m\u00e1s de cincuenta biograf\u00edas de personajes peruanos y que son de descarga gratuita. A trav\u00e9s de la misma p\u00e1gina web mantiene una permanente comunicaci\u00f3n con sus usuarios con sendas notas de la actualidad peruana y mundial.<\/p>\n<p>Obtenlo en: www.amazon.com<\/p>\n<p><img loading=\"lazy\" decoding=\"async\" class=\"alignleft size-medium wp-image-3447\" src=\"https:\/\/dharservices.com\/wp-content\/uploads\/2016\/01\/Dhar-para-web-Atlas-10-211x300.jpg\" alt=\"Dhar para web  Atlas 10\" width=\"211\" height=\"300\" srcset=\"https:\/\/dharservices.com\/wp-content\/uploads\/2016\/01\/Dhar-para-web-Atlas-10-211x300.jpg 211w, https:\/\/dharservices.com\/wp-content\/uploads\/2016\/01\/Dhar-para-web-Atlas-10-105x150.jpg 105w, https:\/\/dharservices.com\/wp-content\/uploads\/2016\/01\/Dhar-para-web-Atlas-10-768x1093.jpg 768w, https:\/\/dharservices.com\/wp-content\/uploads\/2016\/01\/Dhar-para-web-Atlas-10-720x1024.jpg 720w, https:\/\/dharservices.com\/wp-content\/uploads\/2016\/01\/Dhar-para-web-Atlas-10.jpg 1682w\" sizes=\"auto, (max-width: 211px) 100vw, 211px\" \/><\/p>\n<p>&nbsp;<\/p>\n","protected":false},"excerpt":{"rendered":"<p>Julio Rolando Villanueva Sotomayor es profesor de historia, geograf\u00eda y literatura, profesi\u00f3n y especialidades conseguidas en la Escuela Normal Superior Enrique Guzm\u00e1n y Valle y en la Universidad Nacional Mayor de San Marcos. En ESAN y en IPAE hizo estudios de post grado en las especialidades de Administraci\u00f3n y Organizaci\u00f3n y Gerencia Integral, respectivamente. En la Pontificia Universidad Cat\u00f3lica del Per\u00fa hizo estudios de doctorado en Educaci\u00f3n. Ejerci\u00f3 la docencia en educaci\u00f3n secundaria y universitaria, habiendo llegado a las m\u00e1s altas categor\u00edas y a diversos cargos y funciones. Paralelamente, se dedic\u00f3 a escribir textos escolares como autor de la Editorial Bru\u00f1o y de otras editoriales, habiendo publicado m\u00e1s de 80 t\u00edtulos. Desde el a\u00f1o 1994 a la fecha, ha sido ganador de 24 licitaciones del Ministerio de Educaci\u00f3n en el \u00e1rea de Ciencias Sociales, Historia, Geograf\u00eda y Econom\u00eda y en Ciencia y Ambiente para alumnos de educaci\u00f3n secundaria p\u00fablica de todo el pa\u00eds. Otras publicaciones han sido de cultura general, ensayos, una novela y varios cuentos. Escribe, as\u00ed mismo, art\u00edculos sobre la realidad nacional, los que son publicados en su p\u00e1gina Web bajo el t\u00edtulo de \u201cPersonal\u00edsimos\u201d. La novela\u00a0 \u201cRelumbrones en el Ande\u201d est\u00e1 en su tercera edici\u00f3n. Sus obras: \u201cS\u00edntesis del Per\u00fa\u201d y \u201cEl Tahuantinsuyu: Modelo social de propiedad curacal\u201d han sido traducidos al ingl\u00e9s. Con \u201cLa Rep\u00fablica\u201d y \u201cOjo\u201d ha publicado varios libros a trav\u00e9s de fasc\u00edculos, destacando: \u201cDue\u00f1os del tiempo\u201d, \u201cAtlas del Per\u00fa\u201d, \u201cHistoria del Per\u00fa antiguo\u201d e \u201cHistoria del Per\u00fa moderno\u201d, y cuyos datos han sido tomados por \u201cWikipedia\u201d y otras enciclopedias en versi\u00f3n digital. Es uno de los autores peruanos que han\u00a0 sido tomados tambi\u00e9n \u00a0en cuenta en la biblioteca digital de \u201cGoogle\u201d. Por a\u00f1adidura, desde el a\u00f1o 2008 se ha dedicado a publicaciones para el Plan Lector de Educaci\u00f3n Primaria y Secundaria, destacando sus biograf\u00edas, narrativas y cuentos del Per\u00fa para ni\u00f1os. Mantiene una p\u00e1gina WEB: www.identidad-peru.com, donde se puede hallar m\u00e1s de cincuenta biograf\u00edas de personajes peruanos y que son de descarga gratuita. A trav\u00e9s de la misma p\u00e1gina web mantiene una permanente comunicaci\u00f3n con sus usuarios con sendas notas de la actualidad peruana y mundial. Obtenlo en: www.amazon.com &nbsp;<\/p>\n","protected":false},"author":1,"featured_media":0,"parent":0,"menu_order":0,"comment_status":"closed","ping_status":"closed","template":"","meta":{"footnotes":""},"class_list":["post-2831","page","type-page","status-publish","hentry"],"_links":{"self":[{"href":"https:\/\/dharservices.com\/index.php?rest_route=\/wp\/v2\/pages\/2831","targetHints":{"allow":["GET"]}}],"collection":[{"href":"https:\/\/dharservices.com\/index.php?rest_route=\/wp\/v2\/pages"}],"about":[{"href":"https:\/\/dharservices.com\/index.php?rest_route=\/wp\/v2\/types\/page"}],"author":[{"embeddable":true,"href":"https:\/\/dharservices.com\/index.php?rest_route=\/wp\/v2\/users\/1"}],"replies":[{"embeddable":true,"href":"https:\/\/dharservices.com\/index.php?rest_route=%2Fwp%2Fv2%2Fcomments&post=2831"}],"version-history":[{"count":4,"href":"https:\/\/dharservices.com\/index.php?rest_route=\/wp\/v2\/pages\/2831\/revisions"}],"predecessor-version":[{"id":4006,"href":"https:\/\/dharservices.com\/index.php?rest_route=\/wp\/v2\/pages\/2831\/revisions\/4006"}],"wp:attachment":[{"href":"https:\/\/dharservices.com\/index.php?rest_route=%2Fwp%2Fv2%2Fmedia&parent=2831"}],"curies":[{"name":"wp","href":"https:\/\/api.w.org\/{rel}","templated":true}]}}