{"id":2833,"date":"2016-01-16T15:42:50","date_gmt":"2016-01-16T23:42:50","guid":{"rendered":"http:\/\/dharservices.com\/?page_id=2833"},"modified":"2017-12-13T15:17:51","modified_gmt":"2017-12-13T23:17:51","slug":"lazaro-j-abreu","status":"publish","type":"page","link":"https:\/\/dharservices.com\/?page_id=2833","title":{"rendered":"Abreu, L\u00e1zaro J."},"content":{"rendered":"<p><img loading=\"lazy\" decoding=\"async\" class=\"alignleft  wp-image-2837\" src=\"http:\/\/dharservices.com\/wp-content\/uploads\/2016\/01\/L\u00e1zaro-fotgrafia-de-el-230x300.jpg\" alt=\"L\u00e1zaro fotgrafia de el\" width=\"137\" height=\"179\" srcset=\"https:\/\/dharservices.com\/wp-content\/uploads\/2016\/01\/L\u00e1zaro-fotgrafia-de-el-230x300.jpg 230w, https:\/\/dharservices.com\/wp-content\/uploads\/2016\/01\/L\u00e1zaro-fotgrafia-de-el-115x150.jpg 115w, https:\/\/dharservices.com\/wp-content\/uploads\/2016\/01\/L\u00e1zaro-fotgrafia-de-el-768x1002.jpg 768w, https:\/\/dharservices.com\/wp-content\/uploads\/2016\/01\/L\u00e1zaro-fotgrafia-de-el-785x1024.jpg 785w, https:\/\/dharservices.com\/wp-content\/uploads\/2016\/01\/L\u00e1zaro-fotgrafia-de-el.jpg 820w\" sizes=\"auto, (max-width: 137px) 100vw, 137px\" \/>L\u00e1zaro Jes\u00fas Abreu naci\u00f3 en Agramonte, Provincia de Matanzas, Cuba el 6 de septiembre de 1938. Curs\u00f3 su bachillerato en Ciencias en el colegio Padre F\u00e9liz Varela en Col\u00f3n. Fue privado de su libertad y condenado a 9 a\u00f1os de prisi\u00f3n en 1963. En 1979 lleg\u00f3 a Estados Unidos de Am\u00e9rica como refugiado pol\u00edtico, con su esposa y dos hijas, radica en el estado de la Florida. En 1984 se gradu\u00f3 de Bachiller en Administraci\u00f3n de Negocios en la Universidad de Saint Thomas, Dean\u2019s List 1982-83.<\/p>\n<p>&nbsp;<\/p>\n<p><img loading=\"lazy\" decoding=\"async\" class=\"alignleft size-medium wp-image-4133\" src=\"https:\/\/dharservices.com\/wp-content\/uploads\/2017\/12\/lazaro-thirs-for-fredom-cover-INGLES-197x300.jpg\" alt=\"\" width=\"197\" height=\"300\" srcset=\"https:\/\/dharservices.com\/wp-content\/uploads\/2017\/12\/lazaro-thirs-for-fredom-cover-INGLES-197x300.jpg 197w, https:\/\/dharservices.com\/wp-content\/uploads\/2017\/12\/lazaro-thirs-for-fredom-cover-INGLES-99x150.jpg 99w, https:\/\/dharservices.com\/wp-content\/uploads\/2017\/12\/lazaro-thirs-for-fredom-cover-INGLES.jpg 441w\" sizes=\"auto, (max-width: 197px) 100vw, 197px\" \/><\/p>\n<p><img loading=\"lazy\" decoding=\"async\" class=\"alignleft size-medium wp-image-3426\" src=\"http:\/\/dharservices.com\/wp-content\/uploads\/2016\/01\/SEDIENTOS-DE-LIBERTAD-250x300.jpg\" alt=\"SEDIENTOS DE LIBERTAD\" width=\"250\" height=\"300\" srcset=\"https:\/\/dharservices.com\/wp-content\/uploads\/2016\/01\/SEDIENTOS-DE-LIBERTAD-250x300.jpg 250w, https:\/\/dharservices.com\/wp-content\/uploads\/2016\/01\/SEDIENTOS-DE-LIBERTAD-125x150.jpg 125w, https:\/\/dharservices.com\/wp-content\/uploads\/2016\/01\/SEDIENTOS-DE-LIBERTAD-768x922.jpg 768w, https:\/\/dharservices.com\/wp-content\/uploads\/2016\/01\/SEDIENTOS-DE-LIBERTAD-853x1024.jpg 853w\" sizes=\"auto, (max-width: 250px) 100vw, 250px\" \/><\/p>\n<p>&nbsp;<\/p>\n<p>&nbsp;<\/p>\n<p>&nbsp;<\/p>\n<p>Obtenlos en: www.amazon.com<\/p>\n<p><img loading=\"lazy\" decoding=\"async\" class=\"alignleft wp-image-4130\" src=\"https:\/\/dharservices.com\/wp-content\/uploads\/2017\/12\/lazaro-thirs-for-fredom-cover-INGLES-300x219.jpg\" alt=\"\" width=\"666\" height=\"486\" \/><\/p>\n","protected":false},"excerpt":{"rendered":"<p>L\u00e1zaro Jes\u00fas Abreu naci\u00f3 en Agramonte, Provincia de Matanzas, Cuba el 6 de septiembre de 1938. Curs\u00f3 su bachillerato en Ciencias en el colegio Padre F\u00e9liz Varela en Col\u00f3n. Fue privado de su libertad y condenado a 9 a\u00f1os de prisi\u00f3n en 1963. En 1979 lleg\u00f3 a Estados Unidos de Am\u00e9rica como refugiado pol\u00edtico, con su esposa y dos hijas, radica en el estado de la Florida. En 1984 se gradu\u00f3 de Bachiller en Administraci\u00f3n de Negocios en la Universidad de Saint Thomas, Dean\u2019s List 1982-83. &nbsp; &nbsp; &nbsp; &nbsp; Obtenlos en: www.amazon.com<\/p>\n","protected":false},"author":1,"featured_media":0,"parent":0,"menu_order":0,"comment_status":"closed","ping_status":"closed","template":"","meta":{"footnotes":""},"class_list":["post-2833","page","type-page","status-publish","hentry"],"_links":{"self":[{"href":"https:\/\/dharservices.com\/index.php?rest_route=\/wp\/v2\/pages\/2833","targetHints":{"allow":["GET"]}}],"collection":[{"href":"https:\/\/dharservices.com\/index.php?rest_route=\/wp\/v2\/pages"}],"about":[{"href":"https:\/\/dharservices.com\/index.php?rest_route=\/wp\/v2\/types\/page"}],"author":[{"embeddable":true,"href":"https:\/\/dharservices.com\/index.php?rest_route=\/wp\/v2\/users\/1"}],"replies":[{"embeddable":true,"href":"https:\/\/dharservices.com\/index.php?rest_route=%2Fwp%2Fv2%2Fcomments&post=2833"}],"version-history":[{"count":8,"href":"https:\/\/dharservices.com\/index.php?rest_route=\/wp\/v2\/pages\/2833\/revisions"}],"predecessor-version":[{"id":4134,"href":"https:\/\/dharservices.com\/index.php?rest_route=\/wp\/v2\/pages\/2833\/revisions\/4134"}],"wp:attachment":[{"href":"https:\/\/dharservices.com\/index.php?rest_route=%2Fwp%2Fv2%2Fmedia&parent=2833"}],"curies":[{"name":"wp","href":"https:\/\/api.w.org\/{rel}","templated":true}]}}