{"id":2839,"date":"2016-01-16T15:46:48","date_gmt":"2016-01-16T23:46:48","guid":{"rendered":"http:\/\/dharservices.com\/?page_id=2839"},"modified":"2016-02-26T11:42:45","modified_gmt":"2016-02-26T19:42:45","slug":"jose-angel-blanco","status":"publish","type":"page","link":"https:\/\/dharservices.com\/?page_id=2839","title":{"rendered":"Blanco, Jos\u00e9 \u00c1ngel"},"content":{"rendered":"<p><img loading=\"lazy\" decoding=\"async\" class=\"alignleft size-medium wp-image-2840\" src=\"http:\/\/dharservices.com\/wp-content\/uploads\/2016\/01\/jose-picture-274x300.jpg\" alt=\"jose picture\" width=\"274\" height=\"300\" srcset=\"https:\/\/dharservices.com\/wp-content\/uploads\/2016\/01\/jose-picture-274x300.jpg 274w, https:\/\/dharservices.com\/wp-content\/uploads\/2016\/01\/jose-picture-137x150.jpg 137w, https:\/\/dharservices.com\/wp-content\/uploads\/2016\/01\/jose-picture.jpg 312w\" sizes=\"auto, (max-width: 274px) 100vw, 274px\" \/>Lleva m\u00e1s de 35 a\u00f1os maquillando a artistas del cine y la televisi\u00f3n, y ense\u00f1ando a profesionales en el mundo de la belleza.<\/p>\n<p>Ha trabajado con : Shaklee International, Yves Rocher de Paris y Kiotis, Capill France y Mecha International.<\/p>\n<p>Imparte seminarios de maquillaje permanente, desde hace 25 a\u00f1os, y junto a Body Artist su ense\u00f1anza a transcendido a nivel internacional, y lo coloca entre los maquillistas m\u00e1s creativos del momento. Su extenso conocimiento y experiencia lo ha hecho merecedor, de una solida carrera en el mundo de la belleza.<\/p>\n<p>Jos\u00e9 Angel, es pintor retratista y uno de los educadores con m\u00e1s experiencia en el medio de la micro pigmentaci\u00f3n o implantaci\u00f3n.<\/p>\n<p>Su objetivo principal como artista educador, es ense\u00f1ar sus t\u00e9cnicas profesionalmente. Para \u00e9l es de vital importancia encontrar soluciones a corto y largo plazo, en todo lo relacionado con el mundo del maquillaje, ayuda a embellecer y mejorar la autoestima, en las personas que desean corregir su apariencia. A sus alumnos y no profesionales; los convierte en artistas de maquillaje profesional, y psic\u00f3logos de emociones, ya que todos sus clientes suben sus niveles de autoestima.<\/p>\n<p>\u00c9l ense\u00f1a las t\u00e9cnicas correctas del maquillaje y la colom\u00e9tria. Una puerta abierta para el mundo del Glamour y la belleza.<\/p>\n<p>Obtenlos en: www.amazon.com<\/p>\n<p><img loading=\"lazy\" decoding=\"async\" class=\"alignleft size-medium wp-image-3395\" src=\"http:\/\/dharservices.com\/wp-content\/uploads\/2016\/01\/dhar-book-web-discover-the-word-of-micro-208x300.jpg\" alt=\"dhar book web discover the word of micro\" width=\"208\" height=\"300\" srcset=\"https:\/\/dharservices.com\/wp-content\/uploads\/2016\/01\/dhar-book-web-discover-the-word-of-micro-208x300.jpg 208w, https:\/\/dharservices.com\/wp-content\/uploads\/2016\/01\/dhar-book-web-discover-the-word-of-micro-104x150.jpg 104w, https:\/\/dharservices.com\/wp-content\/uploads\/2016\/01\/dhar-book-web-discover-the-word-of-micro-768x1108.jpg 768w, https:\/\/dharservices.com\/wp-content\/uploads\/2016\/01\/dhar-book-web-discover-the-word-of-micro-710x1024.jpg 710w\" sizes=\"auto, (max-width: 208px) 100vw, 208px\" \/><img loading=\"lazy\" decoding=\"async\" class=\"alignleft size-medium wp-image-3306\" src=\"http:\/\/dharservices.com\/wp-content\/uploads\/2016\/01\/web-EL-MUNDO-DE-LA-PIGMENTACION-1-250x300.jpg\" alt=\"web - EL MUNDO DE LA PIGMENTACION\" width=\"250\" height=\"300\" srcset=\"https:\/\/dharservices.com\/wp-content\/uploads\/2016\/01\/web-EL-MUNDO-DE-LA-PIGMENTACION-1-250x300.jpg 250w, https:\/\/dharservices.com\/wp-content\/uploads\/2016\/01\/web-EL-MUNDO-DE-LA-PIGMENTACION-1-125x150.jpg 125w, https:\/\/dharservices.com\/wp-content\/uploads\/2016\/01\/web-EL-MUNDO-DE-LA-PIGMENTACION-1-768x921.jpg 768w, https:\/\/dharservices.com\/wp-content\/uploads\/2016\/01\/web-EL-MUNDO-DE-LA-PIGMENTACION-1-854x1024.jpg 854w\" sizes=\"auto, (max-width: 250px) 100vw, 250px\" \/><\/p>\n","protected":false},"excerpt":{"rendered":"<p>Lleva m\u00e1s de 35 a\u00f1os maquillando a artistas del cine y la televisi\u00f3n, y ense\u00f1ando a profesionales en el mundo de la belleza. Ha trabajado con : Shaklee International, Yves Rocher de Paris y Kiotis, Capill France y Mecha International. Imparte seminarios de maquillaje permanente, desde hace 25 a\u00f1os, y junto a Body Artist su ense\u00f1anza a transcendido a nivel internacional, y lo coloca entre los maquillistas m\u00e1s creativos del momento. Su extenso conocimiento y experiencia lo ha hecho merecedor, de una solida carrera en el mundo de la belleza. Jos\u00e9 Angel, es pintor retratista y uno de los educadores con m\u00e1s experiencia en el medio de la micro pigmentaci\u00f3n o implantaci\u00f3n. Su objetivo principal como artista educador, es ense\u00f1ar sus t\u00e9cnicas profesionalmente. Para \u00e9l es de vital importancia encontrar soluciones a corto y largo plazo, en todo lo relacionado con el mundo del maquillaje, ayuda a embellecer y mejorar la autoestima, en las personas que desean corregir su apariencia. A sus alumnos y no profesionales; los convierte en artistas de maquillaje profesional, y psic\u00f3logos de emociones, ya que todos sus clientes suben sus niveles de autoestima. \u00c9l ense\u00f1a las t\u00e9cnicas correctas del maquillaje y la colom\u00e9tria. Una puerta abierta para el mundo del Glamour y la belleza. Obtenlos en: www.amazon.com<\/p>\n","protected":false},"author":1,"featured_media":0,"parent":0,"menu_order":0,"comment_status":"closed","ping_status":"closed","template":"","meta":{"footnotes":""},"class_list":["post-2839","page","type-page","status-publish","hentry"],"_links":{"self":[{"href":"https:\/\/dharservices.com\/index.php?rest_route=\/wp\/v2\/pages\/2839","targetHints":{"allow":["GET"]}}],"collection":[{"href":"https:\/\/dharservices.com\/index.php?rest_route=\/wp\/v2\/pages"}],"about":[{"href":"https:\/\/dharservices.com\/index.php?rest_route=\/wp\/v2\/types\/page"}],"author":[{"embeddable":true,"href":"https:\/\/dharservices.com\/index.php?rest_route=\/wp\/v2\/users\/1"}],"replies":[{"embeddable":true,"href":"https:\/\/dharservices.com\/index.php?rest_route=%2Fwp%2Fv2%2Fcomments&post=2839"}],"version-history":[{"count":4,"href":"https:\/\/dharservices.com\/index.php?rest_route=\/wp\/v2\/pages\/2839\/revisions"}],"predecessor-version":[{"id":3877,"href":"https:\/\/dharservices.com\/index.php?rest_route=\/wp\/v2\/pages\/2839\/revisions\/3877"}],"wp:attachment":[{"href":"https:\/\/dharservices.com\/index.php?rest_route=%2Fwp%2Fv2%2Fmedia&parent=2839"}],"curies":[{"name":"wp","href":"https:\/\/api.w.org\/{rel}","templated":true}]}}