{"id":2842,"date":"2016-01-16T15:49:53","date_gmt":"2016-01-16T23:49:53","guid":{"rendered":"http:\/\/dharservices.com\/?page_id=2842"},"modified":"2016-02-26T12:03:33","modified_gmt":"2016-02-26T20:03:33","slug":"rosa-amalia-gallo","status":"publish","type":"page","link":"https:\/\/dharservices.com\/?page_id=2842","title":{"rendered":"Gallo, Rosa Amalia"},"content":{"rendered":"<p><img loading=\"lazy\" decoding=\"async\" class=\"alignleft size-medium wp-image-1316\" src=\"http:\/\/dharservices.com\/wp-content\/uploads\/2012\/05\/FOTO-212x300.jpg\" alt=\"FOTO\" width=\"212\" height=\"300\" srcset=\"https:\/\/dharservices.com\/wp-content\/uploads\/2012\/05\/FOTO-212x300.jpg 212w, https:\/\/dharservices.com\/wp-content\/uploads\/2012\/05\/FOTO.jpg 508w\" sizes=\"auto, (max-width: 212px) 100vw, 212px\" \/>Naci\u00f3 en Rosario, Argentina al sur de la provincia de Santa Fe a orillas del r\u00edo Paran\u00e1, creci\u00f3 en el seno de una familia afectiva conformada por su padre Francisco Gallo un eminente m\u00e9dico y su madre Amalia Busto una did\u00e1ctica profesora de Dibujo.<\/p>\n<p>Rosa Amalia se gradu\u00f3 como Psic\u00f3loga, en la Universidad Nacional de Rosario y fue durante muchos a\u00f1os docente en la Escuela Superior de Comercio \u201cLibertador General San Martin\u201d una importante escuela de ense\u00f1anza media, una dependencia de la universidad; all\u00ed ocup\u00f3 el cargo de asesora pedag\u00f3gica hasta su retiro. Actualmente, se dedica por entero a escribir, su gran pasi\u00f3n que desde peque\u00f1a emprendi\u00f3; en su adolescencia incursion\u00f3 en la poes\u00eda y hoy magistralmente escribe su quinta obra \u201cEl sobreviviente\u201d. \u201c<\/p>\n<p>Es orgullosa abuela de Bianca, Bruno y Dante nacidos de la uni\u00f3n de su querido hijo Adri\u00e1n Mondalportti con Amorina Martinez.<\/p>\n<p>&nbsp;<\/p>\n<p>Obtenlos en: www.amazon.com<\/p>\n<p><img loading=\"lazy\" decoding=\"async\" class=\"alignleft size-medium wp-image-3434\" src=\"http:\/\/dharservices.com\/wp-content\/uploads\/2016\/01\/web-EL-SOBREVIVIENTE-250x300.jpg\" alt=\"web - EL SOBREVIVIENTE\" width=\"250\" height=\"300\" srcset=\"https:\/\/dharservices.com\/wp-content\/uploads\/2016\/01\/web-EL-SOBREVIVIENTE-250x300.jpg 250w, https:\/\/dharservices.com\/wp-content\/uploads\/2016\/01\/web-EL-SOBREVIVIENTE-125x150.jpg 125w, https:\/\/dharservices.com\/wp-content\/uploads\/2016\/01\/web-EL-SOBREVIVIENTE-768x921.jpg 768w, https:\/\/dharservices.com\/wp-content\/uploads\/2016\/01\/web-EL-SOBREVIVIENTE-854x1024.jpg 854w\" sizes=\"auto, (max-width: 250px) 100vw, 250px\" \/><img loading=\"lazy\" decoding=\"async\" class=\"alignleft size-medium wp-image-3397\" src=\"http:\/\/dharservices.com\/wp-content\/uploads\/2016\/01\/dhar-book-web-Cartas-ardientes-208x300.jpg\" alt=\"dhar book web Cartas ardientes\" width=\"208\" height=\"300\" srcset=\"https:\/\/dharservices.com\/wp-content\/uploads\/2016\/01\/dhar-book-web-Cartas-ardientes-208x300.jpg 208w, https:\/\/dharservices.com\/wp-content\/uploads\/2016\/01\/dhar-book-web-Cartas-ardientes-104x150.jpg 104w, https:\/\/dharservices.com\/wp-content\/uploads\/2016\/01\/dhar-book-web-Cartas-ardientes-768x1108.jpg 768w, https:\/\/dharservices.com\/wp-content\/uploads\/2016\/01\/dhar-book-web-Cartas-ardientes-710x1024.jpg 710w\" sizes=\"auto, (max-width: 208px) 100vw, 208px\" \/><img loading=\"lazy\" decoding=\"async\" class=\"alignleft size-medium wp-image-3393\" src=\"http:\/\/dharservices.com\/wp-content\/uploads\/2016\/01\/dhar-book-web-del-rio-ballais-2-208x300.jpg\" alt=\"dhar book web del rio ballais 2\" width=\"208\" height=\"300\" srcset=\"https:\/\/dharservices.com\/wp-content\/uploads\/2016\/01\/dhar-book-web-del-rio-ballais-2-208x300.jpg 208w, https:\/\/dharservices.com\/wp-content\/uploads\/2016\/01\/dhar-book-web-del-rio-ballais-2-104x150.jpg 104w, https:\/\/dharservices.com\/wp-content\/uploads\/2016\/01\/dhar-book-web-del-rio-ballais-2-768x1108.jpg 768w, https:\/\/dharservices.com\/wp-content\/uploads\/2016\/01\/dhar-book-web-del-rio-ballais-2-710x1024.jpg 710w\" sizes=\"auto, (max-width: 208px) 100vw, 208px\" \/><\/p>\n","protected":false},"excerpt":{"rendered":"<p>Naci\u00f3 en Rosario, Argentina al sur de la provincia de Santa Fe a orillas del r\u00edo Paran\u00e1, creci\u00f3 en el seno de una familia afectiva conformada por su padre Francisco Gallo un eminente m\u00e9dico y su madre Amalia Busto una did\u00e1ctica profesora de Dibujo. Rosa Amalia se gradu\u00f3 como Psic\u00f3loga, en la Universidad Nacional de Rosario y fue durante muchos a\u00f1os docente en la Escuela Superior de Comercio \u201cLibertador General San Martin\u201d una importante escuela de ense\u00f1anza media, una dependencia de la universidad; all\u00ed ocup\u00f3 el cargo de asesora pedag\u00f3gica hasta su retiro. Actualmente, se dedica por entero a escribir, su gran pasi\u00f3n que desde peque\u00f1a emprendi\u00f3; en su adolescencia incursion\u00f3 en la poes\u00eda y hoy magistralmente escribe su quinta obra \u201cEl sobreviviente\u201d. \u201c Es orgullosa abuela de Bianca, Bruno y Dante nacidos de la uni\u00f3n de su querido hijo Adri\u00e1n Mondalportti con Amorina Martinez. &nbsp; Obtenlos en: www.amazon.com<\/p>\n","protected":false},"author":1,"featured_media":0,"parent":0,"menu_order":0,"comment_status":"closed","ping_status":"closed","template":"","meta":{"footnotes":""},"class_list":["post-2842","page","type-page","status-publish","hentry"],"_links":{"self":[{"href":"https:\/\/dharservices.com\/index.php?rest_route=\/wp\/v2\/pages\/2842","targetHints":{"allow":["GET"]}}],"collection":[{"href":"https:\/\/dharservices.com\/index.php?rest_route=\/wp\/v2\/pages"}],"about":[{"href":"https:\/\/dharservices.com\/index.php?rest_route=\/wp\/v2\/types\/page"}],"author":[{"embeddable":true,"href":"https:\/\/dharservices.com\/index.php?rest_route=\/wp\/v2\/users\/1"}],"replies":[{"embeddable":true,"href":"https:\/\/dharservices.com\/index.php?rest_route=%2Fwp%2Fv2%2Fcomments&post=2842"}],"version-history":[{"count":6,"href":"https:\/\/dharservices.com\/index.php?rest_route=\/wp\/v2\/pages\/2842\/revisions"}],"predecessor-version":[{"id":3902,"href":"https:\/\/dharservices.com\/index.php?rest_route=\/wp\/v2\/pages\/2842\/revisions\/3902"}],"wp:attachment":[{"href":"https:\/\/dharservices.com\/index.php?rest_route=%2Fwp%2Fv2%2Fmedia&parent=2842"}],"curies":[{"name":"wp","href":"https:\/\/api.w.org\/{rel}","templated":true}]}}