{"id":2856,"date":"2016-01-16T16:24:00","date_gmt":"2016-01-17T00:24:00","guid":{"rendered":"http:\/\/dharservices.com\/?page_id=2856"},"modified":"2016-02-26T11:43:47","modified_gmt":"2016-02-26T19:43:47","slug":"jose-manuel-gutierrez","status":"publish","type":"page","link":"https:\/\/dharservices.com\/?page_id=2856","title":{"rendered":"Guti\u00e9rrez, Jos\u00e9 Manuel"},"content":{"rendered":"<p><img loading=\"lazy\" decoding=\"async\" class=\"alignleft size-medium wp-image-2857\" src=\"http:\/\/dharservices.com\/wp-content\/uploads\/2016\/01\/Jose-manuel-Gutierrez-fotografia-300x274.jpg\" alt=\"Jose manuel Gutierrez fotografia\" width=\"300\" height=\"274\" srcset=\"https:\/\/dharservices.com\/wp-content\/uploads\/2016\/01\/Jose-manuel-Gutierrez-fotografia-300x274.jpg 300w, https:\/\/dharservices.com\/wp-content\/uploads\/2016\/01\/Jose-manuel-Gutierrez-fotografia-150x137.jpg 150w, https:\/\/dharservices.com\/wp-content\/uploads\/2016\/01\/Jose-manuel-Gutierrez-fotografia.jpg 340w\" sizes=\"auto, (max-width: 300px) 100vw, 300px\" \/>Naci\u00f3 en <em>Camag\u00fcey, Cuba, Graduado de Tecnolog\u00eda<\/em> y Administraci\u00f3n de las Innovaciones, es<em> Master en Administraci\u00f3n de Empresas, <\/em>maestro en Ciencias especializado en Ingenier\u00eda Tecnol\u00f3gica; con amplia experiencia en consultor\u00eda empresarial y de an\u00e1lisis de negocios.<\/p>\n<p>Hace parte de un equipo altamente especializado, integrado por sus colegas:<\/p>\n<p>El Profesor <strong>Omar Betancourt<\/strong>, inventor creativo y &#8220;padre&#8221; de la idea, quien ostenta una categor\u00eda cient\u00edfica en Ingenier\u00eda Agr\u00edcola, coordinador de diversos proyectos internacionales.<\/p>\n<p>El Doctor en Ciencias <strong>Manuel Tejeda<\/strong>. Empresario y consultor de negocios, Con fuerte visi\u00f3n empresarial para cumplir los objetivos trazados<\/p>\n<p>Juntos desarrollan el programa <strong>TTube<\/strong> una invenci\u00f3n importante que patrocina la Divisi\u00f3n de Negocios de Tecnolog\u00eda de <a href=\"http:\/\/www.smartprodev.com\/\"><strong>Smart Projects Development<\/strong><\/a> (Desarrollo de Proyectos Inteligentes), corporaci\u00f3n localizada en Miami, Florida, Estados Unidos.<\/p>\n<p>Obt\u00e9n este libro en: www.amazon.com<\/p>\n<p><img loading=\"lazy\" decoding=\"async\" class=\"alignleft size-medium wp-image-3411\" src=\"http:\/\/dharservices.com\/wp-content\/uploads\/2016\/01\/dhar-book-web-semblanza-del-domino-208x300.jpg\" alt=\"dhar book web semblanza del domino\" width=\"208\" height=\"300\" srcset=\"https:\/\/dharservices.com\/wp-content\/uploads\/2016\/01\/dhar-book-web-semblanza-del-domino-208x300.jpg 208w, https:\/\/dharservices.com\/wp-content\/uploads\/2016\/01\/dhar-book-web-semblanza-del-domino-104x150.jpg 104w, https:\/\/dharservices.com\/wp-content\/uploads\/2016\/01\/dhar-book-web-semblanza-del-domino-768x1108.jpg 768w, https:\/\/dharservices.com\/wp-content\/uploads\/2016\/01\/dhar-book-web-semblanza-del-domino-710x1024.jpg 710w\" sizes=\"auto, (max-width: 208px) 100vw, 208px\" \/><\/p>\n","protected":false},"excerpt":{"rendered":"<p>Naci\u00f3 en Camag\u00fcey, Cuba, Graduado de Tecnolog\u00eda y Administraci\u00f3n de las Innovaciones, es Master en Administraci\u00f3n de Empresas, maestro en Ciencias especializado en Ingenier\u00eda Tecnol\u00f3gica; con amplia experiencia en consultor\u00eda empresarial y de an\u00e1lisis de negocios. Hace parte de un equipo altamente especializado, integrado por sus colegas: El Profesor Omar Betancourt, inventor creativo y &#8220;padre&#8221; de la idea, quien ostenta una categor\u00eda cient\u00edfica en Ingenier\u00eda Agr\u00edcola, coordinador de diversos proyectos internacionales. El Doctor en Ciencias Manuel Tejeda. Empresario y consultor de negocios, Con fuerte visi\u00f3n empresarial para cumplir los objetivos trazados Juntos desarrollan el programa TTube una invenci\u00f3n importante que patrocina la Divisi\u00f3n de Negocios de Tecnolog\u00eda de Smart Projects Development (Desarrollo de Proyectos Inteligentes), corporaci\u00f3n localizada en Miami, Florida, Estados Unidos. Obt\u00e9n este libro en: www.amazon.com<\/p>\n","protected":false},"author":1,"featured_media":0,"parent":0,"menu_order":0,"comment_status":"closed","ping_status":"closed","template":"","meta":{"footnotes":""},"class_list":["post-2856","page","type-page","status-publish","hentry"],"_links":{"self":[{"href":"https:\/\/dharservices.com\/index.php?rest_route=\/wp\/v2\/pages\/2856","targetHints":{"allow":["GET"]}}],"collection":[{"href":"https:\/\/dharservices.com\/index.php?rest_route=\/wp\/v2\/pages"}],"about":[{"href":"https:\/\/dharservices.com\/index.php?rest_route=\/wp\/v2\/types\/page"}],"author":[{"embeddable":true,"href":"https:\/\/dharservices.com\/index.php?rest_route=\/wp\/v2\/users\/1"}],"replies":[{"embeddable":true,"href":"https:\/\/dharservices.com\/index.php?rest_route=%2Fwp%2Fv2%2Fcomments&post=2856"}],"version-history":[{"count":4,"href":"https:\/\/dharservices.com\/index.php?rest_route=\/wp\/v2\/pages\/2856\/revisions"}],"predecessor-version":[{"id":3879,"href":"https:\/\/dharservices.com\/index.php?rest_route=\/wp\/v2\/pages\/2856\/revisions\/3879"}],"wp:attachment":[{"href":"https:\/\/dharservices.com\/index.php?rest_route=%2Fwp%2Fv2%2Fmedia&parent=2856"}],"curies":[{"name":"wp","href":"https:\/\/api.w.org\/{rel}","templated":true}]}}