{"id":2865,"date":"2016-01-16T16:38:09","date_gmt":"2016-01-17T00:38:09","guid":{"rendered":"http:\/\/dharservices.com\/?page_id=2865"},"modified":"2016-02-26T11:47:51","modified_gmt":"2016-02-26T19:47:51","slug":"loly-triana","status":"publish","type":"page","link":"https:\/\/dharservices.com\/?page_id=2865","title":{"rendered":"Triana, Loly"},"content":{"rendered":"<p><img loading=\"lazy\" decoding=\"async\" class=\"alignleft size-medium wp-image-2867\" src=\"http:\/\/dharservices.com\/wp-content\/uploads\/2016\/01\/Loly-Triana-fotografia-209x300.jpg\" alt=\"Loly Triana fotografia\" width=\"209\" height=\"300\" srcset=\"https:\/\/dharservices.com\/wp-content\/uploads\/2016\/01\/Loly-Triana-fotografia-209x300.jpg 209w, https:\/\/dharservices.com\/wp-content\/uploads\/2016\/01\/Loly-Triana-fotografia-105x150.jpg 105w, https:\/\/dharservices.com\/wp-content\/uploads\/2016\/01\/Loly-Triana-fotografia.jpg 529w\" sizes=\"auto, (max-width: 209px) 100vw, 209px\" \/>Loly Triana: Naci\u00f3 en la ciudad de Mor\u00f3n, entonces provincia de Canag\u00fcey, Cuba, un d\u00eda de domingo del mes de julio de 1948. Mi padre fue obrero y mi madre maestra de primaria y m\u00e1s tarde, graduada de Filosof\u00eda y Letras en la Universidad de La Habana, por estudios libres, por lo que crec\u00ed en un hogar donde el estudio, la lectura y la pr\u00e1ctica religiosa, de la denominaci\u00f3n Episcopal, eran pr\u00e1cticamente el centro de actividades. En un colegio Episcopal del pueblo \u201cLa Trinidad\u201d estudi\u00e9 toda la ense\u00f1anza primaria elemental hasta s\u00e9ptimo grado en que fueron intervenidos los colegios privados.<\/p>\n<p>La Segunda ense\u00f1anza media, octavo y noveno grados, los curs\u00e9 en la escuela p\u00fablica \u201cSalvador Cisneros\u201d y el Pre Universitario en el Instituto de Mor\u00f3n, \u201cJos\u00e9 A. Echever\u00eda\u201d.<\/p>\n<p>Desde mi adolescencia me inclin\u00e9 a estudiar la carrera de Arquitectura, la cual matriculo al terminar al terminar el Bachillerato (Pre universitario). Despu\u00e9s de graduada ejerc\u00ed la profesi\u00f3n en empresas estatales durante 26 a\u00f1os.<\/p>\n<p><img loading=\"lazy\" decoding=\"async\" class=\"alignleft size-medium wp-image-3443\" src=\"http:\/\/dharservices.com\/wp-content\/uploads\/2016\/01\/webLUISA-Y-FELIPE-01-250x300.jpg\" alt=\"webLUISA Y FELIPE-01\" width=\"250\" height=\"300\" srcset=\"https:\/\/dharservices.com\/wp-content\/uploads\/2016\/01\/webLUISA-Y-FELIPE-01-250x300.jpg 250w, https:\/\/dharservices.com\/wp-content\/uploads\/2016\/01\/webLUISA-Y-FELIPE-01-125x150.jpg 125w, https:\/\/dharservices.com\/wp-content\/uploads\/2016\/01\/webLUISA-Y-FELIPE-01-768x922.jpg 768w, https:\/\/dharservices.com\/wp-content\/uploads\/2016\/01\/webLUISA-Y-FELIPE-01-853x1024.jpg 853w\" sizes=\"auto, (max-width: 250px) 100vw, 250px\" \/><img loading=\"lazy\" decoding=\"async\" class=\"alignleft size-medium wp-image-3375\" src=\"http:\/\/dharservices.com\/wp-content\/uploads\/2016\/01\/dhar-book-web-de-amor-y-locura-208x300.jpg\" alt=\"dhar book web de amor y locura\" width=\"208\" height=\"300\" srcset=\"https:\/\/dharservices.com\/wp-content\/uploads\/2016\/01\/dhar-book-web-de-amor-y-locura-208x300.jpg 208w, https:\/\/dharservices.com\/wp-content\/uploads\/2016\/01\/dhar-book-web-de-amor-y-locura-104x150.jpg 104w, https:\/\/dharservices.com\/wp-content\/uploads\/2016\/01\/dhar-book-web-de-amor-y-locura-768x1108.jpg 768w, https:\/\/dharservices.com\/wp-content\/uploads\/2016\/01\/dhar-book-web-de-amor-y-locura-710x1024.jpg 710w\" sizes=\"auto, (max-width: 208px) 100vw, 208px\" \/><\/p>\n<p>&nbsp;<\/p>\n<p>&nbsp;<\/p>\n<p>&nbsp;<\/p>\n<p>&nbsp;<\/p>\n<p>&nbsp;<\/p>\n<p>&nbsp;<\/p>\n<p>&nbsp;<\/p>\n<p>&nbsp;<\/p>\n<p>Obtenlos en: www.amazon.com<\/p>\n<p>Particip\u00f3 en las antolog\u00edas:<\/p>\n<p><img loading=\"lazy\" decoding=\"async\" class=\"alignleft size-medium wp-image-3430\" src=\"http:\/\/dharservices.com\/wp-content\/uploads\/2016\/01\/web-CERCA-MUY-CERCA-250x300.jpg\" alt=\"web - CERCA MUY CERCA\" width=\"250\" height=\"300\" srcset=\"https:\/\/dharservices.com\/wp-content\/uploads\/2016\/01\/web-CERCA-MUY-CERCA-250x300.jpg 250w, https:\/\/dharservices.com\/wp-content\/uploads\/2016\/01\/web-CERCA-MUY-CERCA-125x150.jpg 125w, https:\/\/dharservices.com\/wp-content\/uploads\/2016\/01\/web-CERCA-MUY-CERCA-768x921.jpg 768w, https:\/\/dharservices.com\/wp-content\/uploads\/2016\/01\/web-CERCA-MUY-CERCA-854x1024.jpg 854w\" sizes=\"auto, (max-width: 250px) 100vw, 250px\" \/><img loading=\"lazy\" decoding=\"async\" class=\"alignleft size-medium wp-image-3396\" src=\"http:\/\/dharservices.com\/wp-content\/uploads\/2016\/01\/dhar-book-web-el-espacio-infinito-del-cuento-208x300.jpg\" alt=\"dhar book web el espacio infinito del cuento\" width=\"208\" height=\"300\" srcset=\"https:\/\/dharservices.com\/wp-content\/uploads\/2016\/01\/dhar-book-web-el-espacio-infinito-del-cuento-208x300.jpg 208w, https:\/\/dharservices.com\/wp-content\/uploads\/2016\/01\/dhar-book-web-el-espacio-infinito-del-cuento-104x150.jpg 104w, https:\/\/dharservices.com\/wp-content\/uploads\/2016\/01\/dhar-book-web-el-espacio-infinito-del-cuento-768x1108.jpg 768w, https:\/\/dharservices.com\/wp-content\/uploads\/2016\/01\/dhar-book-web-el-espacio-infinito-del-cuento-710x1024.jpg 710w\" sizes=\"auto, (max-width: 208px) 100vw, 208px\" \/><\/p>\n","protected":false},"excerpt":{"rendered":"<p>Loly Triana: Naci\u00f3 en la ciudad de Mor\u00f3n, entonces provincia de Canag\u00fcey, Cuba, un d\u00eda de domingo del mes de julio de 1948. Mi padre fue obrero y mi madre maestra de primaria y m\u00e1s tarde, graduada de Filosof\u00eda y Letras en la Universidad de La Habana, por estudios libres, por lo que crec\u00ed en un hogar donde el estudio, la lectura y la pr\u00e1ctica religiosa, de la denominaci\u00f3n Episcopal, eran pr\u00e1cticamente el centro de actividades. En un colegio Episcopal del pueblo \u201cLa Trinidad\u201d estudi\u00e9 toda la ense\u00f1anza primaria elemental hasta s\u00e9ptimo grado en que fueron intervenidos los colegios privados. La Segunda ense\u00f1anza media, octavo y noveno grados, los curs\u00e9 en la escuela p\u00fablica \u201cSalvador Cisneros\u201d y el Pre Universitario en el Instituto de Mor\u00f3n, \u201cJos\u00e9 A. Echever\u00eda\u201d. Desde mi adolescencia me inclin\u00e9 a estudiar la carrera de Arquitectura, la cual matriculo al terminar al terminar el Bachillerato (Pre universitario). Despu\u00e9s de graduada ejerc\u00ed la profesi\u00f3n en empresas estatales durante 26 a\u00f1os. &nbsp; &nbsp; &nbsp; &nbsp; &nbsp; &nbsp; &nbsp; &nbsp; Obtenlos en: www.amazon.com Particip\u00f3 en las antolog\u00edas:<\/p>\n","protected":false},"author":1,"featured_media":0,"parent":0,"menu_order":0,"comment_status":"closed","ping_status":"closed","template":"","meta":{"footnotes":""},"class_list":["post-2865","page","type-page","status-publish","hentry"],"_links":{"self":[{"href":"https:\/\/dharservices.com\/index.php?rest_route=\/wp\/v2\/pages\/2865","targetHints":{"allow":["GET"]}}],"collection":[{"href":"https:\/\/dharservices.com\/index.php?rest_route=\/wp\/v2\/pages"}],"about":[{"href":"https:\/\/dharservices.com\/index.php?rest_route=\/wp\/v2\/types\/page"}],"author":[{"embeddable":true,"href":"https:\/\/dharservices.com\/index.php?rest_route=\/wp\/v2\/users\/1"}],"replies":[{"embeddable":true,"href":"https:\/\/dharservices.com\/index.php?rest_route=%2Fwp%2Fv2%2Fcomments&post=2865"}],"version-history":[{"count":6,"href":"https:\/\/dharservices.com\/index.php?rest_route=\/wp\/v2\/pages\/2865\/revisions"}],"predecessor-version":[{"id":3885,"href":"https:\/\/dharservices.com\/index.php?rest_route=\/wp\/v2\/pages\/2865\/revisions\/3885"}],"wp:attachment":[{"href":"https:\/\/dharservices.com\/index.php?rest_route=%2Fwp%2Fv2%2Fmedia&parent=2865"}],"curies":[{"name":"wp","href":"https:\/\/api.w.org\/{rel}","templated":true}]}}