{"id":2870,"date":"2016-01-16T16:48:10","date_gmt":"2016-01-17T00:48:10","guid":{"rendered":"http:\/\/dharservices.com\/?page_id=2870"},"modified":"2017-12-13T15:53:55","modified_gmt":"2017-12-13T23:53:55","slug":"angel-alejandro-milian-castaneda","status":"publish","type":"page","link":"https:\/\/dharservices.com\/?page_id=2870","title":{"rendered":"Milian Casta\u00f1eda, Alejandro"},"content":{"rendered":"<p><img loading=\"lazy\" decoding=\"async\" class=\"alignleft size-medium wp-image-2871\" src=\"http:\/\/dharservices.com\/wp-content\/uploads\/2016\/01\/fotografia-alejandro-200x300.jpg\" alt=\"fotografia alejandro\" width=\"200\" height=\"300\" srcset=\"https:\/\/dharservices.com\/wp-content\/uploads\/2016\/01\/fotografia-alejandro-200x300.jpg 200w, https:\/\/dharservices.com\/wp-content\/uploads\/2016\/01\/fotografia-alejandro-100x150.jpg 100w, https:\/\/dharservices.com\/wp-content\/uploads\/2016\/01\/fotografia-alejandro.jpg 374w\" sizes=\"auto, (max-width: 200px) 100vw, 200px\" \/>Naci\u00f3 en la Ciudad de la Habana, Cuba, el 22 de octubre de 1984. Se gradu\u00f3 en la Escuela Nacional de Arte de Cuba en el a\u00f1o 2004<\/p>\n<p>Sus logros en la Escena Cubana:<\/p>\n<p>*Premio a Mejor Actor en el a\u00f1o 2010<\/p>\n<p>*Nominaci\u00f3n a Mejor Puesta en Escena del 2011<\/p>\n<p>En su primer espect\u00e1culo dirigido. La versi\u00f3n del<\/p>\n<p>Musical Cats, de Andrew Lloyd Webber.<\/p>\n<p>Alejandro Mili\u00e1n, adem\u00e1s de incursionar en el mundo del espect\u00e1culo, ha participado en cursos de Dramaturgia y desempe\u00f1ado varios cargos como Asistente de Direcci\u00f3n.<\/p>\n<p>Con la pasi\u00f3n de Artista, y entrega de su alma, nos regala hoy una muestra de su obra.<\/p>\n<p>Obtenlos en: www.amazon.com<\/p>\n<p><img loading=\"lazy\" decoding=\"async\" class=\"alignleft size-medium wp-image-4143\" src=\"https:\/\/dharservices.com\/wp-content\/uploads\/2017\/12\/alejandro-cover-204x300.jpg\" alt=\"\" width=\"204\" height=\"300\" srcset=\"https:\/\/dharservices.com\/wp-content\/uploads\/2017\/12\/alejandro-cover-204x300.jpg 204w, https:\/\/dharservices.com\/wp-content\/uploads\/2017\/12\/alejandro-cover-102x150.jpg 102w, https:\/\/dharservices.com\/wp-content\/uploads\/2017\/12\/alejandro-cover.jpg 447w\" sizes=\"auto, (max-width: 204px) 100vw, 204px\" \/><\/p>\n<p><img loading=\"lazy\" decoding=\"async\" class=\"alignleft size-medium wp-image-3401\" src=\"http:\/\/dharservices.com\/wp-content\/uploads\/2016\/01\/dhar-book-web-poemas-y-una-mujer-de-cristal-208x300.jpg\" alt=\"dhar book web poemas y una mujer de cristal\" width=\"208\" height=\"300\" srcset=\"https:\/\/dharservices.com\/wp-content\/uploads\/2016\/01\/dhar-book-web-poemas-y-una-mujer-de-cristal-208x300.jpg 208w, https:\/\/dharservices.com\/wp-content\/uploads\/2016\/01\/dhar-book-web-poemas-y-una-mujer-de-cristal-104x150.jpg 104w, https:\/\/dharservices.com\/wp-content\/uploads\/2016\/01\/dhar-book-web-poemas-y-una-mujer-de-cristal-768x1108.jpg 768w, https:\/\/dharservices.com\/wp-content\/uploads\/2016\/01\/dhar-book-web-poemas-y-una-mujer-de-cristal-710x1024.jpg 710w\" sizes=\"auto, (max-width: 208px) 100vw, 208px\" \/><\/p>\n","protected":false},"excerpt":{"rendered":"<p>Naci\u00f3 en la Ciudad de la Habana, Cuba, el 22 de octubre de 1984. Se gradu\u00f3 en la Escuela Nacional de Arte de Cuba en el a\u00f1o 2004 Sus logros en la Escena Cubana: *Premio a Mejor Actor en el a\u00f1o 2010 *Nominaci\u00f3n a Mejor Puesta en Escena del 2011 En su primer espect\u00e1culo dirigido. La versi\u00f3n del Musical Cats, de Andrew Lloyd Webber. Alejandro Mili\u00e1n, adem\u00e1s de incursionar en el mundo del espect\u00e1culo, ha participado en cursos de Dramaturgia y desempe\u00f1ado varios cargos como Asistente de Direcci\u00f3n. Con la pasi\u00f3n de Artista, y entrega de su alma, nos regala hoy una muestra de su obra. Obtenlos en: www.amazon.com<\/p>\n","protected":false},"author":1,"featured_media":0,"parent":0,"menu_order":0,"comment_status":"closed","ping_status":"closed","template":"","meta":{"footnotes":""},"class_list":["post-2870","page","type-page","status-publish","hentry"],"_links":{"self":[{"href":"https:\/\/dharservices.com\/index.php?rest_route=\/wp\/v2\/pages\/2870","targetHints":{"allow":["GET"]}}],"collection":[{"href":"https:\/\/dharservices.com\/index.php?rest_route=\/wp\/v2\/pages"}],"about":[{"href":"https:\/\/dharservices.com\/index.php?rest_route=\/wp\/v2\/types\/page"}],"author":[{"embeddable":true,"href":"https:\/\/dharservices.com\/index.php?rest_route=\/wp\/v2\/users\/1"}],"replies":[{"embeddable":true,"href":"https:\/\/dharservices.com\/index.php?rest_route=%2Fwp%2Fv2%2Fcomments&post=2870"}],"version-history":[{"count":5,"href":"https:\/\/dharservices.com\/index.php?rest_route=\/wp\/v2\/pages\/2870\/revisions"}],"predecessor-version":[{"id":4144,"href":"https:\/\/dharservices.com\/index.php?rest_route=\/wp\/v2\/pages\/2870\/revisions\/4144"}],"wp:attachment":[{"href":"https:\/\/dharservices.com\/index.php?rest_route=%2Fwp%2Fv2%2Fmedia&parent=2870"}],"curies":[{"name":"wp","href":"https:\/\/api.w.org\/{rel}","templated":true}]}}