{"id":2876,"date":"2016-01-16T17:02:21","date_gmt":"2016-01-17T01:02:21","guid":{"rendered":"http:\/\/dharservices.com\/?page_id=2876"},"modified":"2016-02-26T11:32:41","modified_gmt":"2016-02-26T19:32:41","slug":"amparo-laucirica","status":"publish","type":"page","link":"https:\/\/dharservices.com\/?page_id=2876","title":{"rendered":"Laucirica, Amparo"},"content":{"rendered":"<p><img loading=\"lazy\" decoding=\"async\" class=\"alignleft size-medium wp-image-2877\" src=\"http:\/\/dharservices.com\/wp-content\/uploads\/2016\/01\/amparo-laucirica-antlogia-copy_edited-2-206x300.jpg\" alt=\"amparo laucirica antlogia copy_edited-2\" width=\"206\" height=\"300\" srcset=\"https:\/\/dharservices.com\/wp-content\/uploads\/2016\/01\/amparo-laucirica-antlogia-copy_edited-2-206x300.jpg 206w, https:\/\/dharservices.com\/wp-content\/uploads\/2016\/01\/amparo-laucirica-antlogia-copy_edited-2-103x150.jpg 103w, https:\/\/dharservices.com\/wp-content\/uploads\/2016\/01\/amparo-laucirica-antlogia-copy_edited-2.jpg 448w\" sizes=\"auto, (max-width: 206px) 100vw, 206px\" \/>Naci\u00f3 en La Habana, Cuba, curs\u00f3 estudios de magisterio. Trabaj\u00f3 en dibujos animados y en corte y edici\u00f3n en el ICAIC (Instituto Cubano del Arte y la Industria Cinematogr\u00e1ficos). Sali\u00f3 para el exilio con su familia en noviembre de 1972. Vivi\u00f3 en Espa\u00f1a dos a\u00f1os, donde trabaj\u00f3 como editora de pel\u00edculas y como dise\u00f1adora de papel tapiz. Al llegar a los Estados Unidos trabaj\u00f3 en New York como dise\u00f1adora textil.<\/p>\n<p>La Sra. Laucirica siempre sinti\u00f3 gran afici\u00f3n hacia la literatura. Escribe cuentos y poemas, y ha participado en antolog\u00edas. Ha recibido premios por su actividad literaria. Tambi\u00e9n se destaca en el mundo de la pintura y sus bellas obras han sido premiadas en varias exhibiciones.<\/p>\n<p>Actualmente participa en grupos de inter\u00e9s literario.<\/p>\n<p>Algunos de su trabajo de filmograf\u00edas: <em>Cada f\u00e1brica una escuela<\/em> (1961), <em>Alicia en los pa\u00edses maravillosos<\/em> (1962), <em>Congreso por la paz<\/em> (1962), <em>Con los pobres de la tierra <\/em>(1962), <em>Coser y ense\u00f1ar<\/em> (1962), <em>H\u00e9roes del trabajo<\/em> (1962), <em>Ismaelillo<\/em> (1962), <em>Tiempos de pioneros<\/em> (1962), <em>Zafra heroica<\/em> (1962), <em>Construyendo <\/em>(1963, <em>Esta es mi trinchera<\/em> (1963), <em>Palmas cubanas<\/em> (1963), <em>Pueblo por pueblo<\/em> (1964), <em>Superstici\u00f3n<\/em> (1964), <em>Benedo Fuentes<\/em> (1965), <em>Discriminaci\u00f3n racial<\/em> (1965), <em>Los estudiantes y el trabajo agr\u00edcola<\/em> (1965), <em>\u00bfQu\u00e9 es lo bello?<\/em> (1965), <em>Sobre Luis G\u00f3mez<\/em> (1965), <em>Caminos del saber<\/em> (1966), <em>La llamada del ni\u00f1o<\/em> (1966), <em>El cimarr\u00f3n<\/em> (1967), <em>Gonzalo Roig<\/em> (1968), <em>Sal\u00f3n de Mayo<\/em> (1968), <em>El zool\u00f3gico<\/em> (1968), <em>Mangle rojo <\/em>(1969), <em>Escena de los muelles<\/em> (1970).<\/p>\n<p><img loading=\"lazy\" decoding=\"async\" class=\"alignleft size-medium wp-image-3407\" src=\"http:\/\/dharservices.com\/wp-content\/uploads\/2016\/01\/dhar-book-web-Relatos-para-escapar-208x300.jpg\" alt=\"dhar book web Relatos para escapar\" width=\"208\" height=\"300\" srcset=\"https:\/\/dharservices.com\/wp-content\/uploads\/2016\/01\/dhar-book-web-Relatos-para-escapar-208x300.jpg 208w, https:\/\/dharservices.com\/wp-content\/uploads\/2016\/01\/dhar-book-web-Relatos-para-escapar-104x150.jpg 104w, https:\/\/dharservices.com\/wp-content\/uploads\/2016\/01\/dhar-book-web-Relatos-para-escapar-768x1108.jpg 768w, https:\/\/dharservices.com\/wp-content\/uploads\/2016\/01\/dhar-book-web-Relatos-para-escapar-710x1024.jpg 710w\" sizes=\"auto, (max-width: 208px) 100vw, 208px\" \/><\/p>\n<p>&nbsp;<\/p>\n<p>&nbsp;<\/p>\n<p>&nbsp;<\/p>\n<p>&nbsp;<\/p>\n<p>&nbsp;<\/p>\n<p>&nbsp;<\/p>\n<p>&nbsp;<\/p>\n<p>Obtenlo en: www.amazon.com<\/p>\n<p>&nbsp;<\/p>\n<p>Particip\u00f3 en la antalog\u00eda:<\/p>\n<p><img loading=\"lazy\" decoding=\"async\" class=\"alignleft size-medium wp-image-3396\" src=\"http:\/\/dharservices.com\/wp-content\/uploads\/2016\/01\/dhar-book-web-el-espacio-infinito-del-cuento-208x300.jpg\" alt=\"dhar book web el espacio infinito del cuento\" width=\"208\" height=\"300\" srcset=\"https:\/\/dharservices.com\/wp-content\/uploads\/2016\/01\/dhar-book-web-el-espacio-infinito-del-cuento-208x300.jpg 208w, https:\/\/dharservices.com\/wp-content\/uploads\/2016\/01\/dhar-book-web-el-espacio-infinito-del-cuento-104x150.jpg 104w, https:\/\/dharservices.com\/wp-content\/uploads\/2016\/01\/dhar-book-web-el-espacio-infinito-del-cuento-768x1108.jpg 768w, https:\/\/dharservices.com\/wp-content\/uploads\/2016\/01\/dhar-book-web-el-espacio-infinito-del-cuento-710x1024.jpg 710w\" sizes=\"auto, (max-width: 208px) 100vw, 208px\" \/><\/p>\n","protected":false},"excerpt":{"rendered":"<p>Naci\u00f3 en La Habana, Cuba, curs\u00f3 estudios de magisterio. Trabaj\u00f3 en dibujos animados y en corte y edici\u00f3n en el ICAIC (Instituto Cubano del Arte y la Industria Cinematogr\u00e1ficos). Sali\u00f3 para el exilio con su familia en noviembre de 1972. Vivi\u00f3 en Espa\u00f1a dos a\u00f1os, donde trabaj\u00f3 como editora de pel\u00edculas y como dise\u00f1adora de papel tapiz. Al llegar a los Estados Unidos trabaj\u00f3 en New York como dise\u00f1adora textil. La Sra. Laucirica siempre sinti\u00f3 gran afici\u00f3n hacia la literatura. Escribe cuentos y poemas, y ha participado en antolog\u00edas. Ha recibido premios por su actividad literaria. Tambi\u00e9n se destaca en el mundo de la pintura y sus bellas obras han sido premiadas en varias exhibiciones. Actualmente participa en grupos de inter\u00e9s literario. Algunos de su trabajo de filmograf\u00edas: Cada f\u00e1brica una escuela (1961), Alicia en los pa\u00edses maravillosos (1962), Congreso por la paz (1962), Con los pobres de la tierra (1962), Coser y ense\u00f1ar (1962), H\u00e9roes del trabajo (1962), Ismaelillo (1962), Tiempos de pioneros (1962), Zafra heroica (1962), Construyendo (1963, Esta es mi trinchera (1963), Palmas cubanas (1963), Pueblo por pueblo (1964), Superstici\u00f3n (1964), Benedo Fuentes (1965), Discriminaci\u00f3n racial (1965), Los estudiantes y el trabajo agr\u00edcola (1965), \u00bfQu\u00e9 es lo bello? (1965), Sobre Luis G\u00f3mez (1965), Caminos del saber (1966), La llamada del ni\u00f1o (1966), El cimarr\u00f3n (1967), Gonzalo Roig (1968), Sal\u00f3n de Mayo (1968), El zool\u00f3gico (1968), Mangle rojo (1969), Escena de los muelles (1970). &nbsp; &nbsp; &nbsp; &nbsp; &nbsp; &nbsp; &nbsp; Obtenlo en: www.amazon.com &nbsp; Particip\u00f3 en la antalog\u00eda:<\/p>\n","protected":false},"author":1,"featured_media":0,"parent":0,"menu_order":0,"comment_status":"closed","ping_status":"closed","template":"","meta":{"footnotes":""},"class_list":["post-2876","page","type-page","status-publish","hentry"],"_links":{"self":[{"href":"https:\/\/dharservices.com\/index.php?rest_route=\/wp\/v2\/pages\/2876","targetHints":{"allow":["GET"]}}],"collection":[{"href":"https:\/\/dharservices.com\/index.php?rest_route=\/wp\/v2\/pages"}],"about":[{"href":"https:\/\/dharservices.com\/index.php?rest_route=\/wp\/v2\/types\/page"}],"author":[{"embeddable":true,"href":"https:\/\/dharservices.com\/index.php?rest_route=\/wp\/v2\/users\/1"}],"replies":[{"embeddable":true,"href":"https:\/\/dharservices.com\/index.php?rest_route=%2Fwp%2Fv2%2Fcomments&post=2876"}],"version-history":[{"count":5,"href":"https:\/\/dharservices.com\/index.php?rest_route=\/wp\/v2\/pages\/2876\/revisions"}],"predecessor-version":[{"id":3859,"href":"https:\/\/dharservices.com\/index.php?rest_route=\/wp\/v2\/pages\/2876\/revisions\/3859"}],"wp:attachment":[{"href":"https:\/\/dharservices.com\/index.php?rest_route=%2Fwp%2Fv2%2Fmedia&parent=2876"}],"curies":[{"name":"wp","href":"https:\/\/api.w.org\/{rel}","templated":true}]}}