{"id":2909,"date":"2016-01-16T18:00:12","date_gmt":"2016-01-17T02:00:12","guid":{"rendered":"http:\/\/dharservices.com\/?page_id=2909"},"modified":"2016-02-26T11:29:55","modified_gmt":"2016-02-26T19:29:55","slug":"aida-r-tinoco","status":"publish","type":"page","link":"https:\/\/dharservices.com\/?page_id=2909","title":{"rendered":"Tinoco, Aida R."},"content":{"rendered":"<p><img loading=\"lazy\" decoding=\"async\" class=\"alignleft wp-image-2910\" src=\"http:\/\/dharservices.com\/wp-content\/uploads\/2016\/01\/Aida-fotografia-285x300.jpg\" alt=\"Aida fotografia\" width=\"175\" height=\"184\" srcset=\"https:\/\/dharservices.com\/wp-content\/uploads\/2016\/01\/Aida-fotografia-285x300.jpg 285w, https:\/\/dharservices.com\/wp-content\/uploads\/2016\/01\/Aida-fotografia-143x150.jpg 143w, https:\/\/dharservices.com\/wp-content\/uploads\/2016\/01\/Aida-fotografia-768x808.jpg 768w, https:\/\/dharservices.com\/wp-content\/uploads\/2016\/01\/Aida-fotografia-973x1024.jpg 973w, https:\/\/dharservices.com\/wp-content\/uploads\/2016\/01\/Aida-fotografia.jpg 1140w\" sizes=\"auto, (max-width: 175px) 100vw, 175px\" \/>Colombiana, nacida en Barranquilla, actualmente vive en Miami, USA.<\/p>\n<p>Sus poes\u00edas son producto de una fuente inspiradora que la acompa\u00f1\u00f3 desde muy ni\u00f1a, rodeando su entorno de una gama de sensaciones, colores y hasta de melod\u00edas, sumergi\u00e9ndome as\u00ed en grandes momentos especiales donde flu\u00edan frases y palabras que plasmaba en cualquier lugar y hora del d\u00eda.<\/p>\n<p>&nbsp;<\/p>\n<p><img loading=\"lazy\" decoding=\"async\" class=\"size-medium wp-image-1802 alignleft\" src=\"http:\/\/dharservices.com\/wp-content\/uploads\/2013\/08\/caratula-frente-s-198x300.jpg\" alt=\"caratula frente s\" width=\"198\" height=\"300\" srcset=\"https:\/\/dharservices.com\/wp-content\/uploads\/2013\/08\/caratula-frente-s-198x300.jpg 198w, https:\/\/dharservices.com\/wp-content\/uploads\/2013\/08\/caratula-frente-s-677x1024.jpg 677w, https:\/\/dharservices.com\/wp-content\/uploads\/2013\/08\/caratula-frente-s.jpg 1691w\" sizes=\"auto, (max-width: 198px) 100vw, 198px\" \/><\/p>\n<p>&nbsp;<\/p>\n<p>&nbsp;<\/p>\n<p>&nbsp;<\/p>\n<p>&nbsp;<\/p>\n<p>&nbsp;<\/p>\n<p>&nbsp;<\/p>\n<p>Obtenlo en: www.amazon.com<\/p>\n<p>&nbsp;<\/p>\n<p>Particip\u00f3 en la antolog\u00eda:<\/p>\n<p><img loading=\"lazy\" decoding=\"async\" class=\"alignleft size-medium wp-image-3409\" src=\"http:\/\/dharservices.com\/wp-content\/uploads\/2016\/01\/dhar-book-web-Un-horizonte-literario-208x300.jpg\" alt=\"dhar book web Un horizonte literario\" width=\"208\" height=\"300\" srcset=\"https:\/\/dharservices.com\/wp-content\/uploads\/2016\/01\/dhar-book-web-Un-horizonte-literario-208x300.jpg 208w, https:\/\/dharservices.com\/wp-content\/uploads\/2016\/01\/dhar-book-web-Un-horizonte-literario-104x150.jpg 104w, https:\/\/dharservices.com\/wp-content\/uploads\/2016\/01\/dhar-book-web-Un-horizonte-literario-768x1108.jpg 768w, https:\/\/dharservices.com\/wp-content\/uploads\/2016\/01\/dhar-book-web-Un-horizonte-literario-710x1024.jpg 710w\" sizes=\"auto, (max-width: 208px) 100vw, 208px\" \/><\/p>\n","protected":false},"excerpt":{"rendered":"<p>Colombiana, nacida en Barranquilla, actualmente vive en Miami, USA. Sus poes\u00edas son producto de una fuente inspiradora que la acompa\u00f1\u00f3 desde muy ni\u00f1a, rodeando su entorno de una gama de sensaciones, colores y hasta de melod\u00edas, sumergi\u00e9ndome as\u00ed en grandes momentos especiales donde flu\u00edan frases y palabras que plasmaba en cualquier lugar y hora del d\u00eda. &nbsp; &nbsp; &nbsp; &nbsp; &nbsp; &nbsp; &nbsp; Obtenlo en: www.amazon.com &nbsp; Particip\u00f3 en la antolog\u00eda:<\/p>\n","protected":false},"author":1,"featured_media":0,"parent":0,"menu_order":0,"comment_status":"closed","ping_status":"closed","template":"","meta":{"footnotes":""},"class_list":["post-2909","page","type-page","status-publish","hentry"],"_links":{"self":[{"href":"https:\/\/dharservices.com\/index.php?rest_route=\/wp\/v2\/pages\/2909","targetHints":{"allow":["GET"]}}],"collection":[{"href":"https:\/\/dharservices.com\/index.php?rest_route=\/wp\/v2\/pages"}],"about":[{"href":"https:\/\/dharservices.com\/index.php?rest_route=\/wp\/v2\/types\/page"}],"author":[{"embeddable":true,"href":"https:\/\/dharservices.com\/index.php?rest_route=\/wp\/v2\/users\/1"}],"replies":[{"embeddable":true,"href":"https:\/\/dharservices.com\/index.php?rest_route=%2Fwp%2Fv2%2Fcomments&post=2909"}],"version-history":[{"count":5,"href":"https:\/\/dharservices.com\/index.php?rest_route=\/wp\/v2\/pages\/2909\/revisions"}],"predecessor-version":[{"id":3855,"href":"https:\/\/dharservices.com\/index.php?rest_route=\/wp\/v2\/pages\/2909\/revisions\/3855"}],"wp:attachment":[{"href":"https:\/\/dharservices.com\/index.php?rest_route=%2Fwp%2Fv2%2Fmedia&parent=2909"}],"curies":[{"name":"wp","href":"https:\/\/api.w.org\/{rel}","templated":true}]}}