{"id":2915,"date":"2016-01-16T18:05:55","date_gmt":"2016-01-17T02:05:55","guid":{"rendered":"http:\/\/dharservices.com\/?page_id=2915"},"modified":"2016-02-26T11:33:57","modified_gmt":"2016-02-26T19:33:57","slug":"armando-luis-lacaci","status":"publish","type":"page","link":"https:\/\/dharservices.com\/?page_id=2915","title":{"rendered":"Lacaci, Armando Luis"},"content":{"rendered":"<p><img loading=\"lazy\" decoding=\"async\" class=\"alignleft size-medium wp-image-791\" src=\"http:\/\/dharservices.com\/wp-content\/uploads\/2011\/03\/IMGP5691-250x300.jpg\" alt=\"IMGP5691\" width=\"250\" height=\"300\" srcset=\"https:\/\/dharservices.com\/wp-content\/uploads\/2011\/03\/IMGP5691-250x300.jpg 250w, https:\/\/dharservices.com\/wp-content\/uploads\/2011\/03\/IMGP5691-150x180.jpg 150w, https:\/\/dharservices.com\/wp-content\/uploads\/2011\/03\/IMGP5691-853x1024.jpg 853w, https:\/\/dharservices.com\/wp-content\/uploads\/2011\/03\/IMGP5691.jpg 960w\" sizes=\"auto, (max-width: 250px) 100vw, 250px\" \/>Nac\u00ed el 7 de diciembre de 1968, en La Habana, Cuba<\/p>\n<p>Que no me vean poeta,<br \/>\npues no soy un escritor,<br \/>\npor s\u00f3lo dedicarle versos<br \/>\na la vida y el amor;<br \/>\ntrato en cada poes\u00eda<br \/>\nuna historia y situaci\u00f3n,<br \/>\ncon todo mi sentimiento,<br \/>\nla verdad y su raz\u00f3n.<\/p>\n<p>En cada frase y comentario<br \/>\ny hasta en cada reflexi\u00f3n,<br \/>\nhe abierto mi alma<br \/>\ncon infinita pasi\u00f3n;<br \/>\nmi objetivo es s\u00f3lo uno,<br \/>\nel mensaje y la lecci\u00f3n,<br \/>\nque humildemente ofrezco<br \/>\ndesde mi coraz\u00f3n.<\/p>\n<p><img loading=\"lazy\" decoding=\"async\" class=\"size-medium wp-image-3428 alignnone\" src=\"http:\/\/dharservices.com\/wp-content\/uploads\/2016\/01\/web-a-mi-hijo-250x300.jpg\" alt=\"web - a mi hijo\" width=\"250\" height=\"300\" srcset=\"https:\/\/dharservices.com\/wp-content\/uploads\/2016\/01\/web-a-mi-hijo-250x300.jpg 250w, https:\/\/dharservices.com\/wp-content\/uploads\/2016\/01\/web-a-mi-hijo-125x150.jpg 125w, https:\/\/dharservices.com\/wp-content\/uploads\/2016\/01\/web-a-mi-hijo-768x921.jpg 768w, https:\/\/dharservices.com\/wp-content\/uploads\/2016\/01\/web-a-mi-hijo-854x1024.jpg 854w\" sizes=\"auto, (max-width: 250px) 100vw, 250px\" \/><\/p>\n<p>Obtenlo en: www.amazon.com<\/p>\n<p>Particip\u00f3 en la antolog\u00eda Un Horizonte Literario<\/p>\n<p><img loading=\"lazy\" decoding=\"async\" class=\"alignleft size-medium wp-image-3409\" src=\"http:\/\/dharservices.com\/wp-content\/uploads\/2016\/01\/dhar-book-web-Un-horizonte-literario-208x300.jpg\" alt=\"dhar book web Un horizonte literario\" width=\"208\" height=\"300\" srcset=\"https:\/\/dharservices.com\/wp-content\/uploads\/2016\/01\/dhar-book-web-Un-horizonte-literario-208x300.jpg 208w, https:\/\/dharservices.com\/wp-content\/uploads\/2016\/01\/dhar-book-web-Un-horizonte-literario-104x150.jpg 104w, https:\/\/dharservices.com\/wp-content\/uploads\/2016\/01\/dhar-book-web-Un-horizonte-literario-768x1108.jpg 768w, https:\/\/dharservices.com\/wp-content\/uploads\/2016\/01\/dhar-book-web-Un-horizonte-literario-710x1024.jpg 710w\" sizes=\"auto, (max-width: 208px) 100vw, 208px\" \/><\/p>\n","protected":false},"excerpt":{"rendered":"<p>Nac\u00ed el 7 de diciembre de 1968, en La Habana, Cuba Que no me vean poeta, pues no soy un escritor, por s\u00f3lo dedicarle versos a la vida y el amor; trato en cada poes\u00eda una historia y situaci\u00f3n, con todo mi sentimiento, la verdad y su raz\u00f3n. En cada frase y comentario y hasta en cada reflexi\u00f3n, he abierto mi alma con infinita pasi\u00f3n; mi objetivo es s\u00f3lo uno, el mensaje y la lecci\u00f3n, que humildemente ofrezco desde mi coraz\u00f3n. Obtenlo en: www.amazon.com Particip\u00f3 en la antolog\u00eda Un Horizonte Literario<\/p>\n","protected":false},"author":1,"featured_media":0,"parent":0,"menu_order":0,"comment_status":"closed","ping_status":"closed","template":"","meta":{"footnotes":""},"class_list":["post-2915","page","type-page","status-publish","hentry"],"_links":{"self":[{"href":"https:\/\/dharservices.com\/index.php?rest_route=\/wp\/v2\/pages\/2915","targetHints":{"allow":["GET"]}}],"collection":[{"href":"https:\/\/dharservices.com\/index.php?rest_route=\/wp\/v2\/pages"}],"about":[{"href":"https:\/\/dharservices.com\/index.php?rest_route=\/wp\/v2\/types\/page"}],"author":[{"embeddable":true,"href":"https:\/\/dharservices.com\/index.php?rest_route=\/wp\/v2\/users\/1"}],"replies":[{"embeddable":true,"href":"https:\/\/dharservices.com\/index.php?rest_route=%2Fwp%2Fv2%2Fcomments&post=2915"}],"version-history":[{"count":10,"href":"https:\/\/dharservices.com\/index.php?rest_route=\/wp\/v2\/pages\/2915\/revisions"}],"predecessor-version":[{"id":3862,"href":"https:\/\/dharservices.com\/index.php?rest_route=\/wp\/v2\/pages\/2915\/revisions\/3862"}],"wp:attachment":[{"href":"https:\/\/dharservices.com\/index.php?rest_route=%2Fwp%2Fv2%2Fmedia&parent=2915"}],"curies":[{"name":"wp","href":"https:\/\/api.w.org\/{rel}","templated":true}]}}