{"id":2920,"date":"2016-01-16T18:14:33","date_gmt":"2016-01-17T02:14:33","guid":{"rendered":"http:\/\/dharservices.com\/?page_id=2920"},"modified":"2016-02-26T11:38:20","modified_gmt":"2016-02-26T19:38:20","slug":"hugo-blanco","status":"publish","type":"page","link":"https:\/\/dharservices.com\/?page_id=2920","title":{"rendered":"Blanco, Hugo"},"content":{"rendered":"<p><img loading=\"lazy\" decoding=\"async\" class=\"alignleft size-medium wp-image-811\" src=\"http:\/\/dharservices.com\/wp-content\/uploads\/2011\/03\/IMGP5675-250x300.jpg\" alt=\"IMGP5675\" width=\"250\" height=\"300\" srcset=\"https:\/\/dharservices.com\/wp-content\/uploads\/2011\/03\/IMGP5675-250x300.jpg 250w, https:\/\/dharservices.com\/wp-content\/uploads\/2011\/03\/IMGP5675-150x180.jpg 150w, https:\/\/dharservices.com\/wp-content\/uploads\/2011\/03\/IMGP5675-853x1024.jpg 853w, https:\/\/dharservices.com\/wp-content\/uploads\/2011\/03\/IMGP5675.jpg 960w\" sizes=\"auto, (max-width: 250px) 100vw, 250px\" \/>Naci\u00f3 en La Habana, Cuba, en 1942. Curs\u00f3 estudios en la Universidad de La Habana, gradu\u00e1ndose como Ingeniero Electricista.<\/p>\n<p>En cuanto a la literatura, ha incursionado en dos g\u00e9neros muy importantes: el cuento y la novela. Es tan prol\u00edfera su obra, que, hasta la fecha, tiene escritas cuatro novelas: \u201cVivencias\u201d, \u201cUn Padre Es Muchos Padres\u201d, \u201cEgo\u00edsmo\u201d y \u201cConvergencia\u201d; en las cuales su sagaz pluma perfila con maestr\u00eda, los estados psicol\u00f3gicos de los personajes, llenos de gran carga emocional y realismo.<\/p>\n<p>&nbsp;<\/p>\n<p>Particip\u00f3 en las antolog\u00edas:<\/p>\n<p>&nbsp;<\/p>\n<p><img loading=\"lazy\" decoding=\"async\" class=\"alignleft size-medium wp-image-3430\" src=\"http:\/\/dharservices.com\/wp-content\/uploads\/2016\/01\/web-CERCA-MUY-CERCA-250x300.jpg\" alt=\"web - CERCA MUY CERCA\" width=\"250\" height=\"300\" srcset=\"https:\/\/dharservices.com\/wp-content\/uploads\/2016\/01\/web-CERCA-MUY-CERCA-250x300.jpg 250w, https:\/\/dharservices.com\/wp-content\/uploads\/2016\/01\/web-CERCA-MUY-CERCA-125x150.jpg 125w, https:\/\/dharservices.com\/wp-content\/uploads\/2016\/01\/web-CERCA-MUY-CERCA-768x921.jpg 768w, https:\/\/dharservices.com\/wp-content\/uploads\/2016\/01\/web-CERCA-MUY-CERCA-854x1024.jpg 854w\" sizes=\"auto, (max-width: 250px) 100vw, 250px\" \/><img loading=\"lazy\" decoding=\"async\" class=\"alignleft size-medium wp-image-3409\" src=\"http:\/\/dharservices.com\/wp-content\/uploads\/2016\/01\/dhar-book-web-Un-horizonte-literario-208x300.jpg\" alt=\"dhar book web Un horizonte literario\" width=\"208\" height=\"300\" srcset=\"https:\/\/dharservices.com\/wp-content\/uploads\/2016\/01\/dhar-book-web-Un-horizonte-literario-208x300.jpg 208w, https:\/\/dharservices.com\/wp-content\/uploads\/2016\/01\/dhar-book-web-Un-horizonte-literario-104x150.jpg 104w, https:\/\/dharservices.com\/wp-content\/uploads\/2016\/01\/dhar-book-web-Un-horizonte-literario-768x1108.jpg 768w, https:\/\/dharservices.com\/wp-content\/uploads\/2016\/01\/dhar-book-web-Un-horizonte-literario-710x1024.jpg 710w\" sizes=\"auto, (max-width: 208px) 100vw, 208px\" \/><img loading=\"lazy\" decoding=\"async\" class=\"alignleft size-medium wp-image-3405\" src=\"http:\/\/dharservices.com\/wp-content\/uploads\/2016\/01\/dhar-book-web-Navegantes-de-palabras-208x300.jpg\" alt=\"dhar book web Navegantes de palabras\" width=\"208\" height=\"300\" srcset=\"https:\/\/dharservices.com\/wp-content\/uploads\/2016\/01\/dhar-book-web-Navegantes-de-palabras-208x300.jpg 208w, https:\/\/dharservices.com\/wp-content\/uploads\/2016\/01\/dhar-book-web-Navegantes-de-palabras-104x150.jpg 104w, https:\/\/dharservices.com\/wp-content\/uploads\/2016\/01\/dhar-book-web-Navegantes-de-palabras-768x1108.jpg 768w, https:\/\/dharservices.com\/wp-content\/uploads\/2016\/01\/dhar-book-web-Navegantes-de-palabras-710x1024.jpg 710w\" sizes=\"auto, (max-width: 208px) 100vw, 208px\" \/><img loading=\"lazy\" decoding=\"async\" class=\"alignleft size-medium wp-image-3396\" src=\"http:\/\/dharservices.com\/wp-content\/uploads\/2016\/01\/dhar-book-web-el-espacio-infinito-del-cuento-208x300.jpg\" alt=\"dhar book web el espacio infinito del cuento\" width=\"208\" height=\"300\" srcset=\"https:\/\/dharservices.com\/wp-content\/uploads\/2016\/01\/dhar-book-web-el-espacio-infinito-del-cuento-208x300.jpg 208w, https:\/\/dharservices.com\/wp-content\/uploads\/2016\/01\/dhar-book-web-el-espacio-infinito-del-cuento-104x150.jpg 104w, https:\/\/dharservices.com\/wp-content\/uploads\/2016\/01\/dhar-book-web-el-espacio-infinito-del-cuento-768x1108.jpg 768w, https:\/\/dharservices.com\/wp-content\/uploads\/2016\/01\/dhar-book-web-el-espacio-infinito-del-cuento-710x1024.jpg 710w\" sizes=\"auto, (max-width: 208px) 100vw, 208px\" \/><\/p>\n","protected":false},"excerpt":{"rendered":"<p>Naci\u00f3 en La Habana, Cuba, en 1942. Curs\u00f3 estudios en la Universidad de La Habana, gradu\u00e1ndose como Ingeniero Electricista. En cuanto a la literatura, ha incursionado en dos g\u00e9neros muy importantes: el cuento y la novela. Es tan prol\u00edfera su obra, que, hasta la fecha, tiene escritas cuatro novelas: \u201cVivencias\u201d, \u201cUn Padre Es Muchos Padres\u201d, \u201cEgo\u00edsmo\u201d y \u201cConvergencia\u201d; en las cuales su sagaz pluma perfila con maestr\u00eda, los estados psicol\u00f3gicos de los personajes, llenos de gran carga emocional y realismo. &nbsp; Particip\u00f3 en las antolog\u00edas: &nbsp;<\/p>\n","protected":false},"author":1,"featured_media":0,"parent":0,"menu_order":0,"comment_status":"closed","ping_status":"closed","template":"","meta":{"footnotes":""},"class_list":["post-2920","page","type-page","status-publish","hentry"],"_links":{"self":[{"href":"https:\/\/dharservices.com\/index.php?rest_route=\/wp\/v2\/pages\/2920","targetHints":{"allow":["GET"]}}],"collection":[{"href":"https:\/\/dharservices.com\/index.php?rest_route=\/wp\/v2\/pages"}],"about":[{"href":"https:\/\/dharservices.com\/index.php?rest_route=\/wp\/v2\/types\/page"}],"author":[{"embeddable":true,"href":"https:\/\/dharservices.com\/index.php?rest_route=\/wp\/v2\/users\/1"}],"replies":[{"embeddable":true,"href":"https:\/\/dharservices.com\/index.php?rest_route=%2Fwp%2Fv2%2Fcomments&post=2920"}],"version-history":[{"count":5,"href":"https:\/\/dharservices.com\/index.php?rest_route=\/wp\/v2\/pages\/2920\/revisions"}],"predecessor-version":[{"id":3871,"href":"https:\/\/dharservices.com\/index.php?rest_route=\/wp\/v2\/pages\/2920\/revisions\/3871"}],"wp:attachment":[{"href":"https:\/\/dharservices.com\/index.php?rest_route=%2Fwp%2Fv2%2Fmedia&parent=2920"}],"curies":[{"name":"wp","href":"https:\/\/api.w.org\/{rel}","templated":true}]}}