{"id":2924,"date":"2016-01-16T18:19:38","date_gmt":"2016-01-17T02:19:38","guid":{"rendered":"http:\/\/dharservices.com\/?page_id=2924"},"modified":"2016-02-26T11:43:21","modified_gmt":"2016-02-26T19:43:21","slug":"jose-caballero-blanco","status":"publish","type":"page","link":"https:\/\/dharservices.com\/?page_id=2924","title":{"rendered":"Caballero Blanco, Jos\u00e9"},"content":{"rendered":"<p><img loading=\"lazy\" decoding=\"async\" class=\"alignleft size-medium wp-image-1926\" src=\"http:\/\/dharservices.com\/wp-content\/uploads\/2011\/11\/photo-15_edited-2-235x300.jpg\" alt=\"photo 15_edited-2\" width=\"235\" height=\"300\" srcset=\"https:\/\/dharservices.com\/wp-content\/uploads\/2011\/11\/photo-15_edited-2-235x300.jpg 235w, https:\/\/dharservices.com\/wp-content\/uploads\/2011\/11\/photo-15_edited-2.jpg 344w\" sizes=\"auto, (max-width: 235px) 100vw, 235px\" \/>Jos\u00e9 Caballero Blanco naci\u00f3 en Cuba y Reside en los Estados Unidos, es ganador de dos menciones en los concursos Lincoln-Mart\u00ed de poes\u00eda \u00ab2009 y 2010\u00bb.<\/p>\n<p>Menci\u00f3n de Honor en el Primer Concurso Latinoamericano Virtual de Poes\u00eda de la Editorial Virtual D\u2019har Services \u00ab2011\u00bb<\/p>\n<p>Tiene publicado tres libros:<\/p>\n<p>APRENDIZ DE POETA.<\/p>\n<p>UMAP. Una Muerte a Plazos. \u00abSus memorias de los campos de trabajos forzados, en su natal Cuba\u00bb<\/p>\n<p>PRECIOSA donde el autor plasma su amor por los animales y narra la vida de Preciosa.<\/p>\n<p>Los cuales se encuentra en www.amazon.com y <a href=\"http:\/\/www.dharservices.com\">www.dharservices.com<\/a><\/p>\n<p>Asiste al \u201cClub de Literatura\u201d de Francisca Arg\u00fcelles y ha participado en las antolog\u00eda \u201cUn Horizonte Literario\u201d 2010<\/p>\n<p>\u201cNavegante de palabras\u201d en el 2012<\/p>\n<p>Desde su juventud los poemas han sido refugio en situaciones dif\u00edciles de su vida.<\/p>\n<p>Particip\u00f3 en la revista Mujer, con cuentos cortos, art\u00edculos y poemas.<\/p>\n<p>El manifiesta que, \u201cEscribir es mi terapia\u201d, haciendo versos es como aprovecha la extensi\u00f3n de su licencia\u00a0para vivir dada por Dios.<\/p>\n<p><img loading=\"lazy\" decoding=\"async\" class=\"alignleft size-medium wp-image-3402\" src=\"http:\/\/dharservices.com\/wp-content\/uploads\/2016\/01\/dhar-book-web-Preciosa-208x300.jpg\" alt=\"dhar book web Preciosa\" width=\"208\" height=\"300\" srcset=\"https:\/\/dharservices.com\/wp-content\/uploads\/2016\/01\/dhar-book-web-Preciosa-208x300.jpg 208w, https:\/\/dharservices.com\/wp-content\/uploads\/2016\/01\/dhar-book-web-Preciosa-104x150.jpg 104w, https:\/\/dharservices.com\/wp-content\/uploads\/2016\/01\/dhar-book-web-Preciosa-768x1108.jpg 768w, https:\/\/dharservices.com\/wp-content\/uploads\/2016\/01\/dhar-book-web-Preciosa-710x1024.jpg 710w\" sizes=\"auto, (max-width: 208px) 100vw, 208px\" \/><img loading=\"lazy\" decoding=\"async\" class=\"alignleft size-medium wp-image-3381\" src=\"http:\/\/dharservices.com\/wp-content\/uploads\/2016\/01\/dhar-book-web-Una-muerte-a-plazos-208x300.jpg\" alt=\"dhar book web Una muerte a plazos\" width=\"208\" height=\"300\" srcset=\"https:\/\/dharservices.com\/wp-content\/uploads\/2016\/01\/dhar-book-web-Una-muerte-a-plazos-208x300.jpg 208w, https:\/\/dharservices.com\/wp-content\/uploads\/2016\/01\/dhar-book-web-Una-muerte-a-plazos-104x150.jpg 104w, https:\/\/dharservices.com\/wp-content\/uploads\/2016\/01\/dhar-book-web-Una-muerte-a-plazos-768x1108.jpg 768w, https:\/\/dharservices.com\/wp-content\/uploads\/2016\/01\/dhar-book-web-Una-muerte-a-plazos-710x1024.jpg 710w\" sizes=\"auto, (max-width: 208px) 100vw, 208px\" \/><\/p>\n<p>&nbsp;<\/p>\n<p>&nbsp;<\/p>\n<p>&nbsp;<\/p>\n<p>&nbsp;<\/p>\n<p>&nbsp;<\/p>\n<p>&nbsp;<\/p>\n<p>&nbsp;<\/p>\n<p>&nbsp;<\/p>\n<p>Obtenlos en: www.amazon.com<\/p>\n<p>Particip\u00f3 en las antolog\u00edas:<\/p>\n<p><img loading=\"lazy\" decoding=\"async\" class=\"alignleft size-medium wp-image-3430\" src=\"http:\/\/dharservices.com\/wp-content\/uploads\/2016\/01\/web-CERCA-MUY-CERCA-250x300.jpg\" alt=\"web - CERCA MUY CERCA\" width=\"250\" height=\"300\" srcset=\"https:\/\/dharservices.com\/wp-content\/uploads\/2016\/01\/web-CERCA-MUY-CERCA-250x300.jpg 250w, https:\/\/dharservices.com\/wp-content\/uploads\/2016\/01\/web-CERCA-MUY-CERCA-125x150.jpg 125w, https:\/\/dharservices.com\/wp-content\/uploads\/2016\/01\/web-CERCA-MUY-CERCA-768x921.jpg 768w, https:\/\/dharservices.com\/wp-content\/uploads\/2016\/01\/web-CERCA-MUY-CERCA-854x1024.jpg 854w\" sizes=\"auto, (max-width: 250px) 100vw, 250px\" \/><img loading=\"lazy\" decoding=\"async\" class=\"alignleft size-medium wp-image-3405\" src=\"http:\/\/dharservices.com\/wp-content\/uploads\/2016\/01\/dhar-book-web-Navegantes-de-palabras-208x300.jpg\" alt=\"dhar book web Navegantes de palabras\" width=\"208\" height=\"300\" srcset=\"https:\/\/dharservices.com\/wp-content\/uploads\/2016\/01\/dhar-book-web-Navegantes-de-palabras-208x300.jpg 208w, https:\/\/dharservices.com\/wp-content\/uploads\/2016\/01\/dhar-book-web-Navegantes-de-palabras-104x150.jpg 104w, https:\/\/dharservices.com\/wp-content\/uploads\/2016\/01\/dhar-book-web-Navegantes-de-palabras-768x1108.jpg 768w, https:\/\/dharservices.com\/wp-content\/uploads\/2016\/01\/dhar-book-web-Navegantes-de-palabras-710x1024.jpg 710w\" sizes=\"auto, (max-width: 208px) 100vw, 208px\" \/><img loading=\"lazy\" decoding=\"async\" class=\"alignleft size-medium wp-image-3396\" src=\"http:\/\/dharservices.com\/wp-content\/uploads\/2016\/01\/dhar-book-web-el-espacio-infinito-del-cuento-208x300.jpg\" alt=\"dhar book web el espacio infinito del cuento\" width=\"208\" height=\"300\" srcset=\"https:\/\/dharservices.com\/wp-content\/uploads\/2016\/01\/dhar-book-web-el-espacio-infinito-del-cuento-208x300.jpg 208w, https:\/\/dharservices.com\/wp-content\/uploads\/2016\/01\/dhar-book-web-el-espacio-infinito-del-cuento-104x150.jpg 104w, https:\/\/dharservices.com\/wp-content\/uploads\/2016\/01\/dhar-book-web-el-espacio-infinito-del-cuento-768x1108.jpg 768w, https:\/\/dharservices.com\/wp-content\/uploads\/2016\/01\/dhar-book-web-el-espacio-infinito-del-cuento-710x1024.jpg 710w\" sizes=\"auto, (max-width: 208px) 100vw, 208px\" \/><img loading=\"lazy\" decoding=\"async\" class=\"alignleft size-medium wp-image-3409\" src=\"http:\/\/dharservices.com\/wp-content\/uploads\/2016\/01\/dhar-book-web-Un-horizonte-literario-208x300.jpg\" alt=\"dhar book web Un horizonte literario\" width=\"208\" height=\"300\" srcset=\"https:\/\/dharservices.com\/wp-content\/uploads\/2016\/01\/dhar-book-web-Un-horizonte-literario-208x300.jpg 208w, https:\/\/dharservices.com\/wp-content\/uploads\/2016\/01\/dhar-book-web-Un-horizonte-literario-104x150.jpg 104w, https:\/\/dharservices.com\/wp-content\/uploads\/2016\/01\/dhar-book-web-Un-horizonte-literario-768x1108.jpg 768w, https:\/\/dharservices.com\/wp-content\/uploads\/2016\/01\/dhar-book-web-Un-horizonte-literario-710x1024.jpg 710w\" sizes=\"auto, (max-width: 208px) 100vw, 208px\" \/><\/p>\n","protected":false},"excerpt":{"rendered":"<p>Jos\u00e9 Caballero Blanco naci\u00f3 en Cuba y Reside en los Estados Unidos, es ganador de dos menciones en los concursos Lincoln-Mart\u00ed de poes\u00eda \u00ab2009 y 2010\u00bb. Menci\u00f3n de Honor en el Primer Concurso Latinoamericano Virtual de Poes\u00eda de la Editorial Virtual D\u2019har Services \u00ab2011\u00bb Tiene publicado tres libros: APRENDIZ DE POETA. UMAP. Una Muerte a Plazos. \u00abSus memorias de los campos de trabajos forzados, en su natal Cuba\u00bb PRECIOSA donde el autor plasma su amor por los animales y narra la vida de Preciosa. Los cuales se encuentra en www.amazon.com y www.dharservices.com Asiste al \u201cClub de Literatura\u201d de Francisca Arg\u00fcelles y ha participado en las antolog\u00eda \u201cUn Horizonte Literario\u201d 2010 \u201cNavegante de palabras\u201d en el 2012 Desde su juventud los poemas han sido refugio en situaciones dif\u00edciles de su vida. Particip\u00f3 en la revista Mujer, con cuentos cortos, art\u00edculos y poemas. El manifiesta que, \u201cEscribir es mi terapia\u201d, haciendo versos es como aprovecha la extensi\u00f3n de su licencia\u00a0para vivir dada por Dios. &nbsp; &nbsp; &nbsp; &nbsp; &nbsp; &nbsp; &nbsp; &nbsp; Obtenlos en: www.amazon.com Particip\u00f3 en las antolog\u00edas:<\/p>\n","protected":false},"author":1,"featured_media":0,"parent":0,"menu_order":0,"comment_status":"closed","ping_status":"closed","template":"","meta":{"footnotes":""},"class_list":["post-2924","page","type-page","status-publish","hentry"],"_links":{"self":[{"href":"https:\/\/dharservices.com\/index.php?rest_route=\/wp\/v2\/pages\/2924","targetHints":{"allow":["GET"]}}],"collection":[{"href":"https:\/\/dharservices.com\/index.php?rest_route=\/wp\/v2\/pages"}],"about":[{"href":"https:\/\/dharservices.com\/index.php?rest_route=\/wp\/v2\/types\/page"}],"author":[{"embeddable":true,"href":"https:\/\/dharservices.com\/index.php?rest_route=\/wp\/v2\/users\/1"}],"replies":[{"embeddable":true,"href":"https:\/\/dharservices.com\/index.php?rest_route=%2Fwp%2Fv2%2Fcomments&post=2924"}],"version-history":[{"count":5,"href":"https:\/\/dharservices.com\/index.php?rest_route=\/wp\/v2\/pages\/2924\/revisions"}],"predecessor-version":[{"id":3878,"href":"https:\/\/dharservices.com\/index.php?rest_route=\/wp\/v2\/pages\/2924\/revisions\/3878"}],"wp:attachment":[{"href":"https:\/\/dharservices.com\/index.php?rest_route=%2Fwp%2Fv2%2Fmedia&parent=2924"}],"curies":[{"name":"wp","href":"https:\/\/api.w.org\/{rel}","templated":true}]}}