{"id":2929,"date":"2016-01-16T19:11:16","date_gmt":"2016-01-17T03:11:16","guid":{"rendered":"http:\/\/dharservices.com\/?page_id=2929"},"modified":"2016-02-26T11:57:29","modified_gmt":"2016-02-26T19:57:29","slug":"miguel-martin-farto","status":"publish","type":"page","link":"https:\/\/dharservices.com\/?page_id=2929","title":{"rendered":"Farto, Miguel Mart\u00edn"},"content":{"rendered":"<p><img loading=\"lazy\" decoding=\"async\" class=\"alignleft size-full wp-image-867\" src=\"http:\/\/dharservices.com\/wp-content\/uploads\/2011\/03\/autor-website.jpg\" alt=\"autor website\" width=\"215\" height=\"227\" \/>Naci\u00f3 en Remedios-Cuba, en 1949. Es graduado de doctor en medicina y especialista en Ginecolog\u00eda y Obstetricia, escritor e investigador del floklor de su pa\u00eds. Actualmente vive en los EE.UU. y es gu\u00eda de la Ense\u00f1anza Ray Sol, continuaci\u00f3n de la obra Saint Germain-Conny Mendez. Ha publicado los siguientes libros: La Parrandita (1979), La Carpa de las Fiestas (1984), Las Parrandas Remedianas (1988), Seraf\u00edn Reloj\u00edn (1992), El Secreto del Arco Iris (1999), Las Aventuras del Kio KI (1999), Peripecia de Do\u00f1a Ovulo y Don Espermatozoide(2000), El Pirata Barba Trampa(2000), Las Parrandas Remedianas en Cuba y en la Di\u00e1spora (2005), El Remedios que llevo dentro (2005), El M\u00e1gico Rayo (2005), El Tesorro del Kio Ki (2009).<\/p>\n<p>Email miguelfarto@yahoo.com<\/p>\n","protected":false},"excerpt":{"rendered":"<p>Naci\u00f3 en Remedios-Cuba, en 1949. Es graduado de doctor en medicina y especialista en Ginecolog\u00eda y Obstetricia, escritor e investigador del floklor de su pa\u00eds. Actualmente vive en los EE.UU. y es gu\u00eda de la Ense\u00f1anza Ray Sol, continuaci\u00f3n de la obra Saint Germain-Conny Mendez. Ha publicado los siguientes libros: La Parrandita (1979), La Carpa de las Fiestas (1984), Las Parrandas Remedianas (1988), Seraf\u00edn Reloj\u00edn (1992), El Secreto del Arco Iris (1999), Las Aventuras del Kio KI (1999), Peripecia de Do\u00f1a Ovulo y Don Espermatozoide(2000), El Pirata Barba Trampa(2000), Las Parrandas Remedianas en Cuba y en la Di\u00e1spora (2005), El Remedios que llevo dentro (2005), El M\u00e1gico Rayo (2005), El Tesorro del Kio Ki (2009). Email miguelfarto@yahoo.com<\/p>\n","protected":false},"author":1,"featured_media":0,"parent":0,"menu_order":0,"comment_status":"closed","ping_status":"closed","template":"","meta":{"footnotes":""},"class_list":["post-2929","page","type-page","status-publish","hentry"],"_links":{"self":[{"href":"https:\/\/dharservices.com\/index.php?rest_route=\/wp\/v2\/pages\/2929","targetHints":{"allow":["GET"]}}],"collection":[{"href":"https:\/\/dharservices.com\/index.php?rest_route=\/wp\/v2\/pages"}],"about":[{"href":"https:\/\/dharservices.com\/index.php?rest_route=\/wp\/v2\/types\/page"}],"author":[{"embeddable":true,"href":"https:\/\/dharservices.com\/index.php?rest_route=\/wp\/v2\/users\/1"}],"replies":[{"embeddable":true,"href":"https:\/\/dharservices.com\/index.php?rest_route=%2Fwp%2Fv2%2Fcomments&post=2929"}],"version-history":[{"count":3,"href":"https:\/\/dharservices.com\/index.php?rest_route=\/wp\/v2\/pages\/2929\/revisions"}],"predecessor-version":[{"id":3894,"href":"https:\/\/dharservices.com\/index.php?rest_route=\/wp\/v2\/pages\/2929\/revisions\/3894"}],"wp:attachment":[{"href":"https:\/\/dharservices.com\/index.php?rest_route=%2Fwp%2Fv2%2Fmedia&parent=2929"}],"curies":[{"name":"wp","href":"https:\/\/api.w.org\/{rel}","templated":true}]}}