{"id":2935,"date":"2016-01-16T18:36:15","date_gmt":"2016-01-17T02:36:15","guid":{"rendered":"http:\/\/dharservices.com\/?page_id=2935"},"modified":"2016-02-26T11:48:44","modified_gmt":"2016-02-26T19:48:44","slug":"luis-gutierrez","status":"publish","type":"page","link":"https:\/\/dharservices.com\/?page_id=2935","title":{"rendered":"Guti\u00e9rrez, Luis"},"content":{"rendered":"<p><img loading=\"lazy\" decoding=\"async\" class=\"alignleft size-medium wp-image-831\" src=\"http:\/\/dharservices.com\/wp-content\/uploads\/2011\/03\/IMGP5676-300x202.jpg\" alt=\"IMGP5676\" width=\"300\" height=\"202\" srcset=\"https:\/\/dharservices.com\/wp-content\/uploads\/2011\/03\/IMGP5676-300x202.jpg 300w, https:\/\/dharservices.com\/wp-content\/uploads\/2011\/03\/IMGP5676-1024x691.jpg 1024w, https:\/\/dharservices.com\/wp-content\/uploads\/2011\/03\/IMGP5676.jpg 1280w\" sizes=\"auto, (max-width: 300px) 100vw, 300px\" \/>Naci\u00f3 en Cuba y a edad temprana inici\u00f3 mi actividad literaria, participando de talleres literarios en mi natal Ciudad de la habana.<br \/>\nEn 1990 y 1991 gan\u00f3 los concursos de relatos de los talleres literarios en la Habana Vieja, municipio en el que resid\u00eda. Tambi\u00e9n por esa fecha colabor\u00f3 con el Diario \u201cTribuna De La Habana\u201d.<br \/>\nAs\u00ed mismo en 1992 obtuvo menci\u00f3n en el primer concurso de relatos \u201cCirilo Villaverde\u201d y tambi\u00e9n en el concurso de cuentos del Municipio Guanabacoa.<br \/>\nEn 1993 emigr\u00f3 a los Estados Unidos, donde resido actualmente.<br \/>\nParticip\u00f3 en Talleres literarios y frecuento al \u201cClub de Literatura\u201d de Francisca Arg\u00fcelles.<\/p>\n<p>Particip\u00f3 en las antolog\u00edas:<\/p>\n<p><img loading=\"lazy\" decoding=\"async\" class=\"alignleft size-medium wp-image-3430\" src=\"http:\/\/dharservices.com\/wp-content\/uploads\/2016\/01\/web-CERCA-MUY-CERCA-250x300.jpg\" alt=\"web - CERCA MUY CERCA\" width=\"250\" height=\"300\" srcset=\"https:\/\/dharservices.com\/wp-content\/uploads\/2016\/01\/web-CERCA-MUY-CERCA-250x300.jpg 250w, https:\/\/dharservices.com\/wp-content\/uploads\/2016\/01\/web-CERCA-MUY-CERCA-125x150.jpg 125w, https:\/\/dharservices.com\/wp-content\/uploads\/2016\/01\/web-CERCA-MUY-CERCA-768x921.jpg 768w, https:\/\/dharservices.com\/wp-content\/uploads\/2016\/01\/web-CERCA-MUY-CERCA-854x1024.jpg 854w\" sizes=\"auto, (max-width: 250px) 100vw, 250px\" \/><img loading=\"lazy\" decoding=\"async\" class=\"alignleft size-medium wp-image-3409\" src=\"http:\/\/dharservices.com\/wp-content\/uploads\/2016\/01\/dhar-book-web-Un-horizonte-literario-208x300.jpg\" alt=\"dhar book web Un horizonte literario\" width=\"208\" height=\"300\" srcset=\"https:\/\/dharservices.com\/wp-content\/uploads\/2016\/01\/dhar-book-web-Un-horizonte-literario-208x300.jpg 208w, https:\/\/dharservices.com\/wp-content\/uploads\/2016\/01\/dhar-book-web-Un-horizonte-literario-104x150.jpg 104w, https:\/\/dharservices.com\/wp-content\/uploads\/2016\/01\/dhar-book-web-Un-horizonte-literario-768x1108.jpg 768w, https:\/\/dharservices.com\/wp-content\/uploads\/2016\/01\/dhar-book-web-Un-horizonte-literario-710x1024.jpg 710w\" sizes=\"auto, (max-width: 208px) 100vw, 208px\" \/><img loading=\"lazy\" decoding=\"async\" class=\"alignleft size-medium wp-image-3405\" src=\"http:\/\/dharservices.com\/wp-content\/uploads\/2016\/01\/dhar-book-web-Navegantes-de-palabras-208x300.jpg\" alt=\"dhar book web Navegantes de palabras\" width=\"208\" height=\"300\" srcset=\"https:\/\/dharservices.com\/wp-content\/uploads\/2016\/01\/dhar-book-web-Navegantes-de-palabras-208x300.jpg 208w, https:\/\/dharservices.com\/wp-content\/uploads\/2016\/01\/dhar-book-web-Navegantes-de-palabras-104x150.jpg 104w, https:\/\/dharservices.com\/wp-content\/uploads\/2016\/01\/dhar-book-web-Navegantes-de-palabras-768x1108.jpg 768w, https:\/\/dharservices.com\/wp-content\/uploads\/2016\/01\/dhar-book-web-Navegantes-de-palabras-710x1024.jpg 710w\" sizes=\"auto, (max-width: 208px) 100vw, 208px\" \/><img loading=\"lazy\" decoding=\"async\" class=\"alignleft size-medium wp-image-3396\" src=\"http:\/\/dharservices.com\/wp-content\/uploads\/2016\/01\/dhar-book-web-el-espacio-infinito-del-cuento-208x300.jpg\" alt=\"dhar book web el espacio infinito del cuento\" width=\"208\" height=\"300\" srcset=\"https:\/\/dharservices.com\/wp-content\/uploads\/2016\/01\/dhar-book-web-el-espacio-infinito-del-cuento-208x300.jpg 208w, https:\/\/dharservices.com\/wp-content\/uploads\/2016\/01\/dhar-book-web-el-espacio-infinito-del-cuento-104x150.jpg 104w, https:\/\/dharservices.com\/wp-content\/uploads\/2016\/01\/dhar-book-web-el-espacio-infinito-del-cuento-768x1108.jpg 768w, https:\/\/dharservices.com\/wp-content\/uploads\/2016\/01\/dhar-book-web-el-espacio-infinito-del-cuento-710x1024.jpg 710w\" sizes=\"auto, (max-width: 208px) 100vw, 208px\" \/><\/p>\n","protected":false},"excerpt":{"rendered":"<p>Naci\u00f3 en Cuba y a edad temprana inici\u00f3 mi actividad literaria, participando de talleres literarios en mi natal Ciudad de la habana. En 1990 y 1991 gan\u00f3 los concursos de relatos de los talleres literarios en la Habana Vieja, municipio en el que resid\u00eda. Tambi\u00e9n por esa fecha colabor\u00f3 con el Diario \u201cTribuna De La Habana\u201d. As\u00ed mismo en 1992 obtuvo menci\u00f3n en el primer concurso de relatos \u201cCirilo Villaverde\u201d y tambi\u00e9n en el concurso de cuentos del Municipio Guanabacoa. En 1993 emigr\u00f3 a los Estados Unidos, donde resido actualmente. Particip\u00f3 en Talleres literarios y frecuento al \u201cClub de Literatura\u201d de Francisca Arg\u00fcelles. Particip\u00f3 en las antolog\u00edas:<\/p>\n","protected":false},"author":1,"featured_media":0,"parent":0,"menu_order":0,"comment_status":"closed","ping_status":"closed","template":"","meta":{"footnotes":""},"class_list":["post-2935","page","type-page","status-publish","hentry"],"_links":{"self":[{"href":"https:\/\/dharservices.com\/index.php?rest_route=\/wp\/v2\/pages\/2935","targetHints":{"allow":["GET"]}}],"collection":[{"href":"https:\/\/dharservices.com\/index.php?rest_route=\/wp\/v2\/pages"}],"about":[{"href":"https:\/\/dharservices.com\/index.php?rest_route=\/wp\/v2\/types\/page"}],"author":[{"embeddable":true,"href":"https:\/\/dharservices.com\/index.php?rest_route=\/wp\/v2\/users\/1"}],"replies":[{"embeddable":true,"href":"https:\/\/dharservices.com\/index.php?rest_route=%2Fwp%2Fv2%2Fcomments&post=2935"}],"version-history":[{"count":4,"href":"https:\/\/dharservices.com\/index.php?rest_route=\/wp\/v2\/pages\/2935\/revisions"}],"predecessor-version":[{"id":3886,"href":"https:\/\/dharservices.com\/index.php?rest_route=\/wp\/v2\/pages\/2935\/revisions\/3886"}],"wp:attachment":[{"href":"https:\/\/dharservices.com\/index.php?rest_route=%2Fwp%2Fv2%2Fmedia&parent=2935"}],"curies":[{"name":"wp","href":"https:\/\/api.w.org\/{rel}","templated":true}]}}