{"id":2937,"date":"2016-01-16T18:37:19","date_gmt":"2016-01-17T02:37:19","guid":{"rendered":"http:\/\/dharservices.com\/?page_id=2937"},"modified":"2016-02-26T11:37:19","modified_gmt":"2016-02-26T19:37:19","slug":"fernan-fernandez","status":"publish","type":"page","link":"https:\/\/dharservices.com\/?page_id=2937","title":{"rendered":"Fern\u00e1ndez, Fern\u00e1n"},"content":{"rendered":"<p><img loading=\"lazy\" decoding=\"async\" class=\"alignleft size-medium wp-image-807\" src=\"http:\/\/dharservices.com\/wp-content\/uploads\/2011\/03\/IMGP5765-250x300.jpg\" alt=\"IMGP5765\" width=\"250\" height=\"300\" srcset=\"https:\/\/dharservices.com\/wp-content\/uploads\/2011\/03\/IMGP5765-250x300.jpg 250w, https:\/\/dharservices.com\/wp-content\/uploads\/2011\/03\/IMGP5765-150x180.jpg 150w, https:\/\/dharservices.com\/wp-content\/uploads\/2011\/03\/IMGP5765-853x1024.jpg 853w, https:\/\/dharservices.com\/wp-content\/uploads\/2011\/03\/IMGP5765.jpg 960w\" sizes=\"auto, (max-width: 250px) 100vw, 250px\" \/>Naci\u00f3 en 1952 en Banes, Cuba. Sali\u00f3 de Cuba en 1962 en la llamada \u201cOperaci\u00f3n Pedro Pan\u201d. Con escasos 9 a\u00f1os junto a su hermano Luisito de 11, fueron separados de su familia, amigos y su bella isla.<br \/>\nGraduado de St. Thomas University en Miami con un BA en Comunicaciones y una Maestr\u00eda en Administraci\u00f3n. Trabajo a\u00f1os en la industria farmac\u00e9utica como representante de ventas. En la actualidad es profesor en Carlos Albizu University y Everest Institute.<br \/>\nEst\u00e1 en el proceso de publicar un libro en ingles sobre el legado de los cubanos-americanos en Estados Unidos desde los 1800s hasta la actualidad.<\/p>\n<p>Particip\u00f3 en la antolog\u00eda:<\/p>\n<p><img loading=\"lazy\" decoding=\"async\" class=\"alignleft size-medium wp-image-3409\" src=\"http:\/\/dharservices.com\/wp-content\/uploads\/2016\/01\/dhar-book-web-Un-horizonte-literario-208x300.jpg\" alt=\"dhar book web Un horizonte literario\" width=\"208\" height=\"300\" srcset=\"https:\/\/dharservices.com\/wp-content\/uploads\/2016\/01\/dhar-book-web-Un-horizonte-literario-208x300.jpg 208w, https:\/\/dharservices.com\/wp-content\/uploads\/2016\/01\/dhar-book-web-Un-horizonte-literario-104x150.jpg 104w, https:\/\/dharservices.com\/wp-content\/uploads\/2016\/01\/dhar-book-web-Un-horizonte-literario-768x1108.jpg 768w, https:\/\/dharservices.com\/wp-content\/uploads\/2016\/01\/dhar-book-web-Un-horizonte-literario-710x1024.jpg 710w\" sizes=\"auto, (max-width: 208px) 100vw, 208px\" \/><\/p>\n","protected":false},"excerpt":{"rendered":"<p>Naci\u00f3 en 1952 en Banes, Cuba. Sali\u00f3 de Cuba en 1962 en la llamada \u201cOperaci\u00f3n Pedro Pan\u201d. Con escasos 9 a\u00f1os junto a su hermano Luisito de 11, fueron separados de su familia, amigos y su bella isla. Graduado de St. Thomas University en Miami con un BA en Comunicaciones y una Maestr\u00eda en Administraci\u00f3n. Trabajo a\u00f1os en la industria farmac\u00e9utica como representante de ventas. En la actualidad es profesor en Carlos Albizu University y Everest Institute. Est\u00e1 en el proceso de publicar un libro en ingles sobre el legado de los cubanos-americanos en Estados Unidos desde los 1800s hasta la actualidad. Particip\u00f3 en la antolog\u00eda:<\/p>\n","protected":false},"author":1,"featured_media":0,"parent":0,"menu_order":0,"comment_status":"closed","ping_status":"closed","template":"","meta":{"footnotes":""},"class_list":["post-2937","page","type-page","status-publish","hentry"],"_links":{"self":[{"href":"https:\/\/dharservices.com\/index.php?rest_route=\/wp\/v2\/pages\/2937","targetHints":{"allow":["GET"]}}],"collection":[{"href":"https:\/\/dharservices.com\/index.php?rest_route=\/wp\/v2\/pages"}],"about":[{"href":"https:\/\/dharservices.com\/index.php?rest_route=\/wp\/v2\/types\/page"}],"author":[{"embeddable":true,"href":"https:\/\/dharservices.com\/index.php?rest_route=\/wp\/v2\/users\/1"}],"replies":[{"embeddable":true,"href":"https:\/\/dharservices.com\/index.php?rest_route=%2Fwp%2Fv2%2Fcomments&post=2937"}],"version-history":[{"count":3,"href":"https:\/\/dharservices.com\/index.php?rest_route=\/wp\/v2\/pages\/2937\/revisions"}],"predecessor-version":[{"id":3869,"href":"https:\/\/dharservices.com\/index.php?rest_route=\/wp\/v2\/pages\/2937\/revisions\/3869"}],"wp:attachment":[{"href":"https:\/\/dharservices.com\/index.php?rest_route=%2Fwp%2Fv2%2Fmedia&parent=2937"}],"curies":[{"name":"wp","href":"https:\/\/api.w.org\/{rel}","templated":true}]}}