{"id":2943,"date":"2016-01-16T18:40:40","date_gmt":"2016-01-17T02:40:40","guid":{"rendered":"http:\/\/dharservices.com\/?page_id=2943"},"modified":"2016-03-10T11:46:13","modified_gmt":"2016-03-10T19:46:13","slug":"yanilen-mora","status":"publish","type":"page","link":"https:\/\/dharservices.com\/?page_id=2943","title":{"rendered":"Mola, Yanilen"},"content":{"rendered":"<p><img loading=\"lazy\" decoding=\"async\" class=\"alignleft size-full wp-image-862\" src=\"http:\/\/dharservices.com\/wp-content\/uploads\/2011\/03\/DSC_0371-copy.jpg\" alt=\"DSC_0371 copy\" width=\"200\" height=\"270\" \/>Le apasionan todas las manifestaciones del arte: la literatura, la m\u00fasica, la pintura\u2026Disfruta de todas ellas, pero escribir, es una de sus actividades favoritas, es como volcar sinceramente todo lo que siente y piense sin censuras o cr\u00edticas.<\/p>\n<p>&nbsp;<\/p>\n<p>Particip\u00f3 en las antolog\u00edas: Obtenlo en www.amazon.com<\/p>\n<p><img loading=\"lazy\" decoding=\"async\" class=\"alignleft size-medium wp-image-3409\" src=\"http:\/\/dharservices.com\/wp-content\/uploads\/2016\/01\/dhar-book-web-Un-horizonte-literario-208x300.jpg\" alt=\"dhar book web Un horizonte literario\" width=\"208\" height=\"300\" srcset=\"https:\/\/dharservices.com\/wp-content\/uploads\/2016\/01\/dhar-book-web-Un-horizonte-literario-208x300.jpg 208w, https:\/\/dharservices.com\/wp-content\/uploads\/2016\/01\/dhar-book-web-Un-horizonte-literario-104x150.jpg 104w, https:\/\/dharservices.com\/wp-content\/uploads\/2016\/01\/dhar-book-web-Un-horizonte-literario-768x1108.jpg 768w, https:\/\/dharservices.com\/wp-content\/uploads\/2016\/01\/dhar-book-web-Un-horizonte-literario-710x1024.jpg 710w\" sizes=\"auto, (max-width: 208px) 100vw, 208px\" \/><\/p>\n<p>&nbsp;<\/p>\n","protected":false},"excerpt":{"rendered":"<p>Le apasionan todas las manifestaciones del arte: la literatura, la m\u00fasica, la pintura\u2026Disfruta de todas ellas, pero escribir, es una de sus actividades favoritas, es como volcar sinceramente todo lo que siente y piense sin censuras o cr\u00edticas. &nbsp; Particip\u00f3 en las antolog\u00edas: Obtenlo en www.amazon.com &nbsp;<\/p>\n","protected":false},"author":1,"featured_media":0,"parent":0,"menu_order":0,"comment_status":"closed","ping_status":"closed","template":"","meta":{"footnotes":""},"class_list":["post-2943","page","type-page","status-publish","hentry"],"_links":{"self":[{"href":"https:\/\/dharservices.com\/index.php?rest_route=\/wp\/v2\/pages\/2943","targetHints":{"allow":["GET"]}}],"collection":[{"href":"https:\/\/dharservices.com\/index.php?rest_route=\/wp\/v2\/pages"}],"about":[{"href":"https:\/\/dharservices.com\/index.php?rest_route=\/wp\/v2\/types\/page"}],"author":[{"embeddable":true,"href":"https:\/\/dharservices.com\/index.php?rest_route=\/wp\/v2\/users\/1"}],"replies":[{"embeddable":true,"href":"https:\/\/dharservices.com\/index.php?rest_route=%2Fwp%2Fv2%2Fcomments&post=2943"}],"version-history":[{"count":5,"href":"https:\/\/dharservices.com\/index.php?rest_route=\/wp\/v2\/pages\/2943\/revisions"}],"predecessor-version":[{"id":3999,"href":"https:\/\/dharservices.com\/index.php?rest_route=\/wp\/v2\/pages\/2943\/revisions\/3999"}],"wp:attachment":[{"href":"https:\/\/dharservices.com\/index.php?rest_route=%2Fwp%2Fv2%2Fmedia&parent=2943"}],"curies":[{"name":"wp","href":"https:\/\/api.w.org\/{rel}","templated":true}]}}