{"id":2950,"date":"2016-01-16T18:44:57","date_gmt":"2016-01-17T02:44:57","guid":{"rendered":"http:\/\/dharservices.com\/?page_id=2950"},"modified":"2016-03-10T11:53:24","modified_gmt":"2016-03-10T19:53:24","slug":"irma-perez","status":"publish","type":"page","link":"https:\/\/dharservices.com\/?page_id=2950","title":{"rendered":"P\u00e9rez, Irma"},"content":{"rendered":"<p><img loading=\"lazy\" decoding=\"async\" class=\"alignleft size-full wp-image-1929\" src=\"http:\/\/dharservices.com\/wp-content\/uploads\/2013\/03\/fotos-de-Vivian-sin-arreglar_edited-5.jpg\" alt=\"fotos de Vivian sin arreglar_edited-5\" width=\"154\" height=\"188\" \/>Naci\u00f3 en Matanzas, Cuba, el 9 de Marzo de 1959. Curs\u00f3 sus primeros a\u00f1os de estudios en su ciudad natal en Matanzas. Continu\u00f3 sus estudios superiores en la escuela \u201cM\u00e1ximo Gorki\u201d en Ciudad de La Habana, donde se gradu\u00f3 de Profesora de Idioma Ruso.<br \/>\nActualmente participa en el Club de Literatura dirigido por Francisca Arg\u00fcelles. En el Club \u201cAtenea\u201d de Orestes P\u00e9rez y en la Sociedad de Poetas y Escritores\u201d, dirigido por la escritora Az\u00e1lea Carrillo.\u201d Ha participado en diferentes concursos de cuentos y poes\u00edas.<\/p>\n<p>Particip\u00f3 en las antolog\u00edas que se encuentr\u00e1n a continuaci\u00f3n:<\/p>\n<p>Se pueden obtener en:www.amazon.com<\/p>\n<p><img loading=\"lazy\" decoding=\"async\" class=\"alignleft size-medium wp-image-3430\" src=\"http:\/\/dharservices.com\/wp-content\/uploads\/2016\/01\/web-CERCA-MUY-CERCA-250x300.jpg\" alt=\"web - CERCA MUY CERCA\" width=\"250\" height=\"300\" srcset=\"https:\/\/dharservices.com\/wp-content\/uploads\/2016\/01\/web-CERCA-MUY-CERCA-250x300.jpg 250w, https:\/\/dharservices.com\/wp-content\/uploads\/2016\/01\/web-CERCA-MUY-CERCA-125x150.jpg 125w, https:\/\/dharservices.com\/wp-content\/uploads\/2016\/01\/web-CERCA-MUY-CERCA-768x921.jpg 768w, https:\/\/dharservices.com\/wp-content\/uploads\/2016\/01\/web-CERCA-MUY-CERCA-854x1024.jpg 854w\" sizes=\"auto, (max-width: 250px) 100vw, 250px\" \/><img loading=\"lazy\" decoding=\"async\" class=\"alignleft size-medium wp-image-3409\" src=\"http:\/\/dharservices.com\/wp-content\/uploads\/2016\/01\/dhar-book-web-Un-horizonte-literario-208x300.jpg\" alt=\"dhar book web Un horizonte literario\" width=\"208\" height=\"300\" srcset=\"https:\/\/dharservices.com\/wp-content\/uploads\/2016\/01\/dhar-book-web-Un-horizonte-literario-208x300.jpg 208w, https:\/\/dharservices.com\/wp-content\/uploads\/2016\/01\/dhar-book-web-Un-horizonte-literario-104x150.jpg 104w, https:\/\/dharservices.com\/wp-content\/uploads\/2016\/01\/dhar-book-web-Un-horizonte-literario-768x1108.jpg 768w, https:\/\/dharservices.com\/wp-content\/uploads\/2016\/01\/dhar-book-web-Un-horizonte-literario-710x1024.jpg 710w\" sizes=\"auto, (max-width: 208px) 100vw, 208px\" \/><img loading=\"lazy\" decoding=\"async\" class=\"alignleft size-medium wp-image-3405\" src=\"http:\/\/dharservices.com\/wp-content\/uploads\/2016\/01\/dhar-book-web-Navegantes-de-palabras-208x300.jpg\" alt=\"dhar book web Navegantes de palabras\" width=\"208\" height=\"300\" srcset=\"https:\/\/dharservices.com\/wp-content\/uploads\/2016\/01\/dhar-book-web-Navegantes-de-palabras-208x300.jpg 208w, https:\/\/dharservices.com\/wp-content\/uploads\/2016\/01\/dhar-book-web-Navegantes-de-palabras-104x150.jpg 104w, https:\/\/dharservices.com\/wp-content\/uploads\/2016\/01\/dhar-book-web-Navegantes-de-palabras-768x1108.jpg 768w, https:\/\/dharservices.com\/wp-content\/uploads\/2016\/01\/dhar-book-web-Navegantes-de-palabras-710x1024.jpg 710w\" sizes=\"auto, (max-width: 208px) 100vw, 208px\" \/><img loading=\"lazy\" decoding=\"async\" class=\"alignleft size-medium wp-image-3396\" src=\"http:\/\/dharservices.com\/wp-content\/uploads\/2016\/01\/dhar-book-web-el-espacio-infinito-del-cuento-208x300.jpg\" alt=\"dhar book web el espacio infinito del cuento\" width=\"208\" height=\"300\" srcset=\"https:\/\/dharservices.com\/wp-content\/uploads\/2016\/01\/dhar-book-web-el-espacio-infinito-del-cuento-208x300.jpg 208w, https:\/\/dharservices.com\/wp-content\/uploads\/2016\/01\/dhar-book-web-el-espacio-infinito-del-cuento-104x150.jpg 104w, https:\/\/dharservices.com\/wp-content\/uploads\/2016\/01\/dhar-book-web-el-espacio-infinito-del-cuento-768x1108.jpg 768w, https:\/\/dharservices.com\/wp-content\/uploads\/2016\/01\/dhar-book-web-el-espacio-infinito-del-cuento-710x1024.jpg 710w\" sizes=\"auto, (max-width: 208px) 100vw, 208px\" \/><\/p>\n","protected":false},"excerpt":{"rendered":"<p>Naci\u00f3 en Matanzas, Cuba, el 9 de Marzo de 1959. Curs\u00f3 sus primeros a\u00f1os de estudios en su ciudad natal en Matanzas. Continu\u00f3 sus estudios superiores en la escuela \u201cM\u00e1ximo Gorki\u201d en Ciudad de La Habana, donde se gradu\u00f3 de Profesora de Idioma Ruso. Actualmente participa en el Club de Literatura dirigido por Francisca Arg\u00fcelles. En el Club \u201cAtenea\u201d de Orestes P\u00e9rez y en la Sociedad de Poetas y Escritores\u201d, dirigido por la escritora Az\u00e1lea Carrillo.\u201d Ha participado en diferentes concursos de cuentos y poes\u00edas. Particip\u00f3 en las antolog\u00edas que se encuentr\u00e1n a continuaci\u00f3n: Se pueden obtener en:www.amazon.com<\/p>\n","protected":false},"author":1,"featured_media":0,"parent":0,"menu_order":0,"comment_status":"closed","ping_status":"closed","template":"","meta":{"footnotes":""},"class_list":["post-2950","page","type-page","status-publish","hentry"],"_links":{"self":[{"href":"https:\/\/dharservices.com\/index.php?rest_route=\/wp\/v2\/pages\/2950","targetHints":{"allow":["GET"]}}],"collection":[{"href":"https:\/\/dharservices.com\/index.php?rest_route=\/wp\/v2\/pages"}],"about":[{"href":"https:\/\/dharservices.com\/index.php?rest_route=\/wp\/v2\/types\/page"}],"author":[{"embeddable":true,"href":"https:\/\/dharservices.com\/index.php?rest_route=\/wp\/v2\/users\/1"}],"replies":[{"embeddable":true,"href":"https:\/\/dharservices.com\/index.php?rest_route=%2Fwp%2Fv2%2Fcomments&post=2950"}],"version-history":[{"count":6,"href":"https:\/\/dharservices.com\/index.php?rest_route=\/wp\/v2\/pages\/2950\/revisions"}],"predecessor-version":[{"id":4002,"href":"https:\/\/dharservices.com\/index.php?rest_route=\/wp\/v2\/pages\/2950\/revisions\/4002"}],"wp:attachment":[{"href":"https:\/\/dharservices.com\/index.php?rest_route=%2Fwp%2Fv2%2Fmedia&parent=2950"}],"curies":[{"name":"wp","href":"https:\/\/api.w.org\/{rel}","templated":true}]}}