{"id":2956,"date":"2016-01-16T18:48:07","date_gmt":"2016-01-17T02:48:07","guid":{"rendered":"http:\/\/dharservices.com\/?page_id=2956"},"modified":"2016-02-26T11:45:03","modified_gmt":"2016-02-26T19:45:03","slug":"juana-rippes","status":"publish","type":"page","link":"https:\/\/dharservices.com\/?page_id=2956","title":{"rendered":"Rippes, Juana"},"content":{"rendered":"<p><img loading=\"lazy\" decoding=\"async\" class=\"alignleft size-medium wp-image-823\" src=\"http:\/\/dharservices.com\/wp-content\/uploads\/2011\/03\/IMGP5747-300x202.jpg\" alt=\"IMGP5747\" width=\"300\" height=\"202\" srcset=\"https:\/\/dharservices.com\/wp-content\/uploads\/2011\/03\/IMGP5747-300x202.jpg 300w, https:\/\/dharservices.com\/wp-content\/uploads\/2011\/03\/IMGP5747-1024x691.jpg 1024w, https:\/\/dharservices.com\/wp-content\/uploads\/2011\/03\/IMGP5747.jpg 1280w\" sizes=\"auto, (max-width: 300px) 100vw, 300px\" \/>Naci\u00f3 el 27 de Diciembre de 1926 en la Habana. Su car\u00e1cter dulce y alegre da un brillo especial a su mirada.<\/p>\n<p>Estudio Publicidad en la Universidad Mas\u00f3nica \u201cJos\u00e9 Mart\u00ed\u201d y se licenci\u00f3 en Filosof\u00eda y Letras en la Universidad de la Habana, donde tambi\u00e9n aprendi\u00f3 Biblioteconom\u00eda, en su trayectoria profesional fue redactora de textos publicitarios en la Organizaci\u00f3n T\u00e9cnica Publicitaria Latinoamericana \u00abOTPLA\u00bb, trabajo en la Biblioteca Nacional de la Habana. Al emigrar a los Estados Unidos revalid\u00f3 su t\u00edtulo y se dedic\u00f3 a la ense\u00f1anza hasta su jubilaci\u00f3n.<\/p>\n<p>Particip\u00f3 en las antolog\u00edas:<\/p>\n<p><img loading=\"lazy\" decoding=\"async\" class=\"alignleft size-medium wp-image-3409\" src=\"http:\/\/dharservices.com\/wp-content\/uploads\/2016\/01\/dhar-book-web-Un-horizonte-literario-208x300.jpg\" alt=\"dhar book web Un horizonte literario\" width=\"208\" height=\"300\" srcset=\"https:\/\/dharservices.com\/wp-content\/uploads\/2016\/01\/dhar-book-web-Un-horizonte-literario-208x300.jpg 208w, https:\/\/dharservices.com\/wp-content\/uploads\/2016\/01\/dhar-book-web-Un-horizonte-literario-104x150.jpg 104w, https:\/\/dharservices.com\/wp-content\/uploads\/2016\/01\/dhar-book-web-Un-horizonte-literario-768x1108.jpg 768w, https:\/\/dharservices.com\/wp-content\/uploads\/2016\/01\/dhar-book-web-Un-horizonte-literario-710x1024.jpg 710w\" sizes=\"auto, (max-width: 208px) 100vw, 208px\" \/><img loading=\"lazy\" decoding=\"async\" class=\"alignleft size-medium wp-image-3405\" src=\"http:\/\/dharservices.com\/wp-content\/uploads\/2016\/01\/dhar-book-web-Navegantes-de-palabras-208x300.jpg\" alt=\"dhar book web Navegantes de palabras\" width=\"208\" height=\"300\" srcset=\"https:\/\/dharservices.com\/wp-content\/uploads\/2016\/01\/dhar-book-web-Navegantes-de-palabras-208x300.jpg 208w, https:\/\/dharservices.com\/wp-content\/uploads\/2016\/01\/dhar-book-web-Navegantes-de-palabras-104x150.jpg 104w, https:\/\/dharservices.com\/wp-content\/uploads\/2016\/01\/dhar-book-web-Navegantes-de-palabras-768x1108.jpg 768w, https:\/\/dharservices.com\/wp-content\/uploads\/2016\/01\/dhar-book-web-Navegantes-de-palabras-710x1024.jpg 710w\" sizes=\"auto, (max-width: 208px) 100vw, 208px\" \/><\/p>\n","protected":false},"excerpt":{"rendered":"<p>Naci\u00f3 el 27 de Diciembre de 1926 en la Habana. Su car\u00e1cter dulce y alegre da un brillo especial a su mirada. Estudio Publicidad en la Universidad Mas\u00f3nica \u201cJos\u00e9 Mart\u00ed\u201d y se licenci\u00f3 en Filosof\u00eda y Letras en la Universidad de la Habana, donde tambi\u00e9n aprendi\u00f3 Biblioteconom\u00eda, en su trayectoria profesional fue redactora de textos publicitarios en la Organizaci\u00f3n T\u00e9cnica Publicitaria Latinoamericana \u00abOTPLA\u00bb, trabajo en la Biblioteca Nacional de la Habana. Al emigrar a los Estados Unidos revalid\u00f3 su t\u00edtulo y se dedic\u00f3 a la ense\u00f1anza hasta su jubilaci\u00f3n. Particip\u00f3 en las antolog\u00edas:<\/p>\n","protected":false},"author":1,"featured_media":0,"parent":0,"menu_order":0,"comment_status":"closed","ping_status":"closed","template":"","meta":{"footnotes":""},"class_list":["post-2956","page","type-page","status-publish","hentry"],"_links":{"self":[{"href":"https:\/\/dharservices.com\/index.php?rest_route=\/wp\/v2\/pages\/2956","targetHints":{"allow":["GET"]}}],"collection":[{"href":"https:\/\/dharservices.com\/index.php?rest_route=\/wp\/v2\/pages"}],"about":[{"href":"https:\/\/dharservices.com\/index.php?rest_route=\/wp\/v2\/types\/page"}],"author":[{"embeddable":true,"href":"https:\/\/dharservices.com\/index.php?rest_route=\/wp\/v2\/users\/1"}],"replies":[{"embeddable":true,"href":"https:\/\/dharservices.com\/index.php?rest_route=%2Fwp%2Fv2%2Fcomments&post=2956"}],"version-history":[{"count":3,"href":"https:\/\/dharservices.com\/index.php?rest_route=\/wp\/v2\/pages\/2956\/revisions"}],"predecessor-version":[{"id":3881,"href":"https:\/\/dharservices.com\/index.php?rest_route=\/wp\/v2\/pages\/2956\/revisions\/3881"}],"wp:attachment":[{"href":"https:\/\/dharservices.com\/index.php?rest_route=%2Fwp%2Fv2%2Fmedia&parent=2956"}],"curies":[{"name":"wp","href":"https:\/\/api.w.org\/{rel}","templated":true}]}}