{"id":2958,"date":"2016-01-16T18:49:17","date_gmt":"2016-01-17T02:49:17","guid":{"rendered":"http:\/\/dharservices.com\/?page_id=2958"},"modified":"2016-03-10T11:58:13","modified_gmt":"2016-03-10T19:58:13","slug":"isabel-riveron","status":"publish","type":"page","link":"https:\/\/dharservices.com\/?page_id=2958","title":{"rendered":"Riveron, Isabel"},"content":{"rendered":"<p><img loading=\"lazy\" decoding=\"async\" class=\"alignleft size-medium wp-image-1353\" src=\"http:\/\/dharservices.com\/wp-content\/uploads\/2012\/05\/Isabel-Riveron-207x300.jpg\" alt=\"Isabel Riveron\" width=\"207\" height=\"300\" srcset=\"https:\/\/dharservices.com\/wp-content\/uploads\/2012\/05\/Isabel-Riveron-207x300.jpg 207w, https:\/\/dharservices.com\/wp-content\/uploads\/2012\/05\/Isabel-Riveron.jpg 244w\" sizes=\"auto, (max-width: 207px) 100vw, 207px\" \/>Naci\u00f3 en Banes, Oriente, Cuba un 4 de febrero del siglo pasado. Amante del arte desde muy peque\u00f1a, coincidiendo con el fallecimiento de su abuela, comenz\u00f3 a escribir.<\/p>\n<p>A comienzo de 1960, emigra junto a su familia a Nueva York.<br \/>\nPertenece al Club de Literatura de Francisca Arguelles, en Miami, donde reside con su esposo e hija desde 1968.<\/p>\n<p>Autodidacta. Su obra, mayormente poes\u00eda, ha estado salvajemente in\u00e9dita \u00abseg\u00fan sus palabras\u00bb hasta ahora ve la luz en este libro<\/p>\n<p>Particip\u00f3 en las antolog\u00edas:<\/p>\n<p><img loading=\"lazy\" decoding=\"async\" class=\"alignleft size-medium wp-image-3430\" src=\"http:\/\/dharservices.com\/wp-content\/uploads\/2016\/01\/web-CERCA-MUY-CERCA-250x300.jpg\" alt=\"web - CERCA MUY CERCA\" width=\"250\" height=\"300\" srcset=\"https:\/\/dharservices.com\/wp-content\/uploads\/2016\/01\/web-CERCA-MUY-CERCA-250x300.jpg 250w, https:\/\/dharservices.com\/wp-content\/uploads\/2016\/01\/web-CERCA-MUY-CERCA-125x150.jpg 125w, https:\/\/dharservices.com\/wp-content\/uploads\/2016\/01\/web-CERCA-MUY-CERCA-768x921.jpg 768w, https:\/\/dharservices.com\/wp-content\/uploads\/2016\/01\/web-CERCA-MUY-CERCA-854x1024.jpg 854w\" sizes=\"auto, (max-width: 250px) 100vw, 250px\" \/><img loading=\"lazy\" decoding=\"async\" class=\"alignleft size-medium wp-image-3405\" src=\"http:\/\/dharservices.com\/wp-content\/uploads\/2016\/01\/dhar-book-web-Navegantes-de-palabras-208x300.jpg\" alt=\"dhar book web Navegantes de palabras\" width=\"208\" height=\"300\" srcset=\"https:\/\/dharservices.com\/wp-content\/uploads\/2016\/01\/dhar-book-web-Navegantes-de-palabras-208x300.jpg 208w, https:\/\/dharservices.com\/wp-content\/uploads\/2016\/01\/dhar-book-web-Navegantes-de-palabras-104x150.jpg 104w, https:\/\/dharservices.com\/wp-content\/uploads\/2016\/01\/dhar-book-web-Navegantes-de-palabras-768x1108.jpg 768w, https:\/\/dharservices.com\/wp-content\/uploads\/2016\/01\/dhar-book-web-Navegantes-de-palabras-710x1024.jpg 710w\" sizes=\"auto, (max-width: 208px) 100vw, 208px\" \/><img loading=\"lazy\" decoding=\"async\" class=\"alignleft size-medium wp-image-3396\" src=\"http:\/\/dharservices.com\/wp-content\/uploads\/2016\/01\/dhar-book-web-el-espacio-infinito-del-cuento-208x300.jpg\" alt=\"dhar book web el espacio infinito del cuento\" width=\"208\" height=\"300\" srcset=\"https:\/\/dharservices.com\/wp-content\/uploads\/2016\/01\/dhar-book-web-el-espacio-infinito-del-cuento-208x300.jpg 208w, https:\/\/dharservices.com\/wp-content\/uploads\/2016\/01\/dhar-book-web-el-espacio-infinito-del-cuento-104x150.jpg 104w, https:\/\/dharservices.com\/wp-content\/uploads\/2016\/01\/dhar-book-web-el-espacio-infinito-del-cuento-768x1108.jpg 768w, https:\/\/dharservices.com\/wp-content\/uploads\/2016\/01\/dhar-book-web-el-espacio-infinito-del-cuento-710x1024.jpg 710w\" sizes=\"auto, (max-width: 208px) 100vw, 208px\" \/><\/p>\n","protected":false},"excerpt":{"rendered":"<p>Naci\u00f3 en Banes, Oriente, Cuba un 4 de febrero del siglo pasado. Amante del arte desde muy peque\u00f1a, coincidiendo con el fallecimiento de su abuela, comenz\u00f3 a escribir. A comienzo de 1960, emigra junto a su familia a Nueva York. Pertenece al Club de Literatura de Francisca Arguelles, en Miami, donde reside con su esposo e hija desde 1968. Autodidacta. Su obra, mayormente poes\u00eda, ha estado salvajemente in\u00e9dita \u00abseg\u00fan sus palabras\u00bb hasta ahora ve la luz en este libro Particip\u00f3 en las antolog\u00edas:<\/p>\n","protected":false},"author":1,"featured_media":0,"parent":0,"menu_order":0,"comment_status":"closed","ping_status":"closed","template":"","meta":{"footnotes":""},"class_list":["post-2958","page","type-page","status-publish","hentry"],"_links":{"self":[{"href":"https:\/\/dharservices.com\/index.php?rest_route=\/wp\/v2\/pages\/2958","targetHints":{"allow":["GET"]}}],"collection":[{"href":"https:\/\/dharservices.com\/index.php?rest_route=\/wp\/v2\/pages"}],"about":[{"href":"https:\/\/dharservices.com\/index.php?rest_route=\/wp\/v2\/types\/page"}],"author":[{"embeddable":true,"href":"https:\/\/dharservices.com\/index.php?rest_route=\/wp\/v2\/users\/1"}],"replies":[{"embeddable":true,"href":"https:\/\/dharservices.com\/index.php?rest_route=%2Fwp%2Fv2%2Fcomments&post=2958"}],"version-history":[{"count":4,"href":"https:\/\/dharservices.com\/index.php?rest_route=\/wp\/v2\/pages\/2958\/revisions"}],"predecessor-version":[{"id":4003,"href":"https:\/\/dharservices.com\/index.php?rest_route=\/wp\/v2\/pages\/2958\/revisions\/4003"}],"wp:attachment":[{"href":"https:\/\/dharservices.com\/index.php?rest_route=%2Fwp%2Fv2%2Fmedia&parent=2958"}],"curies":[{"name":"wp","href":"https:\/\/api.w.org\/{rel}","templated":true}]}}