{"id":2960,"date":"2016-01-16T18:50:30","date_gmt":"2016-01-17T02:50:30","guid":{"rendered":"http:\/\/dharservices.com\/?page_id=2960"},"modified":"2016-02-26T11:36:50","modified_gmt":"2016-02-26T19:36:50","slug":"enrique-rodriguez","status":"publish","type":"page","link":"https:\/\/dharservices.com\/?page_id=2960","title":{"rendered":"Rodr\u00edguez, Enrique"},"content":{"rendered":"<p><img loading=\"lazy\" decoding=\"async\" class=\"alignleft size-medium wp-image-1532\" src=\"http:\/\/dharservices.com\/wp-content\/uploads\/2012\/08\/Yo-25-pequena-300x224.jpg\" alt=\"Yo 25 pequena\" width=\"300\" height=\"224\" srcset=\"https:\/\/dharservices.com\/wp-content\/uploads\/2012\/08\/Yo-25-pequena-300x224.jpg 300w, https:\/\/dharservices.com\/wp-content\/uploads\/2012\/08\/Yo-25-pequena.jpg 314w\" sizes=\"auto, (max-width: 300px) 100vw, 300px\" \/>MD en Medicina Tradicional y Msc en Ciencias M\u00e9dicas Bioenerg\u00e9ticas, miembro activo de la Health Experts Leadership Providers.<br \/>\nLic. en Pedagog\u00eda especialista en Historia del ISPEJV-Habana, Profesor de Filosof\u00eda y funcionario de la Instituci\u00f3n Nueva Era, Kriyaban de la SELF yoga.<br \/>\nFue Profesor Instructor en el Pedag\u00f3gico Superior y la Universidad de Ciencias M\u00e9dicas de la Habana.<br \/>\nHa escrito numerosos art\u00edculos y ensayos, por lo cual ha sido invitado a presentar sus ponencias en m\u00e1s de doce congresos internacionales.<\/p>\n<p>&nbsp;<\/p>\n<p>Obt\u00e9n este libro en: www.amazon.com<\/p>\n<p><img loading=\"lazy\" decoding=\"async\" class=\"alignleft size-medium wp-image-3377\" src=\"http:\/\/dharservices.com\/wp-content\/uploads\/2016\/01\/dhar-book-web-Lobods-al-acecho-208x300.jpg\" alt=\"dhar book web Lobods al acecho\" width=\"208\" height=\"300\" srcset=\"https:\/\/dharservices.com\/wp-content\/uploads\/2016\/01\/dhar-book-web-Lobods-al-acecho-208x300.jpg 208w, https:\/\/dharservices.com\/wp-content\/uploads\/2016\/01\/dhar-book-web-Lobods-al-acecho-104x150.jpg 104w, https:\/\/dharservices.com\/wp-content\/uploads\/2016\/01\/dhar-book-web-Lobods-al-acecho-768x1108.jpg 768w, https:\/\/dharservices.com\/wp-content\/uploads\/2016\/01\/dhar-book-web-Lobods-al-acecho-710x1024.jpg 710w\" sizes=\"auto, (max-width: 208px) 100vw, 208px\" \/><\/p>\n","protected":false},"excerpt":{"rendered":"<p>MD en Medicina Tradicional y Msc en Ciencias M\u00e9dicas Bioenerg\u00e9ticas, miembro activo de la Health Experts Leadership Providers. Lic. en Pedagog\u00eda especialista en Historia del ISPEJV-Habana, Profesor de Filosof\u00eda y funcionario de la Instituci\u00f3n Nueva Era, Kriyaban de la SELF yoga. Fue Profesor Instructor en el Pedag\u00f3gico Superior y la Universidad de Ciencias M\u00e9dicas de la Habana. Ha escrito numerosos art\u00edculos y ensayos, por lo cual ha sido invitado a presentar sus ponencias en m\u00e1s de doce congresos internacionales. &nbsp; Obt\u00e9n este libro en: www.amazon.com<\/p>\n","protected":false},"author":1,"featured_media":0,"parent":0,"menu_order":0,"comment_status":"closed","ping_status":"closed","template":"","meta":{"footnotes":""},"class_list":["post-2960","page","type-page","status-publish","hentry"],"_links":{"self":[{"href":"https:\/\/dharservices.com\/index.php?rest_route=\/wp\/v2\/pages\/2960","targetHints":{"allow":["GET"]}}],"collection":[{"href":"https:\/\/dharservices.com\/index.php?rest_route=\/wp\/v2\/pages"}],"about":[{"href":"https:\/\/dharservices.com\/index.php?rest_route=\/wp\/v2\/types\/page"}],"author":[{"embeddable":true,"href":"https:\/\/dharservices.com\/index.php?rest_route=\/wp\/v2\/users\/1"}],"replies":[{"embeddable":true,"href":"https:\/\/dharservices.com\/index.php?rest_route=%2Fwp%2Fv2%2Fcomments&post=2960"}],"version-history":[{"count":4,"href":"https:\/\/dharservices.com\/index.php?rest_route=\/wp\/v2\/pages\/2960\/revisions"}],"predecessor-version":[{"id":3868,"href":"https:\/\/dharservices.com\/index.php?rest_route=\/wp\/v2\/pages\/2960\/revisions\/3868"}],"wp:attachment":[{"href":"https:\/\/dharservices.com\/index.php?rest_route=%2Fwp%2Fv2%2Fmedia&parent=2960"}],"curies":[{"name":"wp","href":"https:\/\/api.w.org\/{rel}","templated":true}]}}