{"id":2964,"date":"2016-01-16T18:53:22","date_gmt":"2016-01-17T02:53:22","guid":{"rendered":"http:\/\/dharservices.com\/?page_id=2964"},"modified":"2016-02-26T11:49:23","modified_gmt":"2016-02-26T19:49:23","slug":"luis-serrano","status":"publish","type":"page","link":"https:\/\/dharservices.com\/?page_id=2964","title":{"rendered":"Serrano, Luis Ren\u00e9"},"content":{"rendered":"<p><img loading=\"lazy\" decoding=\"async\" class=\"alignleft size-medium wp-image-835\" src=\"http:\/\/dharservices.com\/wp-content\/uploads\/2011\/03\/IMGP5753-250x300.jpg\" alt=\"IMGP5753\" width=\"250\" height=\"300\" srcset=\"https:\/\/dharservices.com\/wp-content\/uploads\/2011\/03\/IMGP5753-250x300.jpg 250w, https:\/\/dharservices.com\/wp-content\/uploads\/2011\/03\/IMGP5753-150x180.jpg 150w, https:\/\/dharservices.com\/wp-content\/uploads\/2011\/03\/IMGP5753-853x1024.jpg 853w, https:\/\/dharservices.com\/wp-content\/uploads\/2011\/03\/IMGP5753.jpg 960w\" sizes=\"auto, (max-width: 250px) 100vw, 250px\" \/><\/p>\n<p>Naci\u00f3 en Cuba, en la provincia de Camag\u00fcey, donde comenz\u00f3 sus estudios de m\u00fasica. A comienzos de la Revoluci\u00f3n Castrista, junto a su familia, emigra a los Estados Unidos, donde, joven a\u00fan, contin\u00faa sus estudios. Fiel amante de las artes como la pintura y la poes\u00eda, entre otras, es m\u00fasico de profesi\u00f3n. Es graduado en la especialidad del \u201cBell Canto\u201d. Estudi\u00f3, adem\u00e1s, composici\u00f3n y direcci\u00f3n. Su dominio de varios instrumentos le facilit\u00f3 su afiliaci\u00f3n a diferentes grupos musicales entre ellos The Miami Latin Boys, 1973, convertido m\u00e1s tarde en Miami Sound Machine, como bajista, compositor y cantante. Hoy cuenta con su propia orquesta. Tiene su propia discograf\u00eda con un amplio repertorio en varios idiomas. Es miembro del Club de Literatura Francisca Arg\u00fcelles.<\/p>\n<p>&nbsp;<\/p>\n<p>Particip\u00f3 en las antolog\u00edas:<\/p>\n<p><img loading=\"lazy\" decoding=\"async\" class=\"alignleft size-medium wp-image-3409\" src=\"http:\/\/dharservices.com\/wp-content\/uploads\/2016\/01\/dhar-book-web-Un-horizonte-literario-208x300.jpg\" alt=\"dhar book web Un horizonte literario\" width=\"208\" height=\"300\" srcset=\"https:\/\/dharservices.com\/wp-content\/uploads\/2016\/01\/dhar-book-web-Un-horizonte-literario-208x300.jpg 208w, https:\/\/dharservices.com\/wp-content\/uploads\/2016\/01\/dhar-book-web-Un-horizonte-literario-104x150.jpg 104w, https:\/\/dharservices.com\/wp-content\/uploads\/2016\/01\/dhar-book-web-Un-horizonte-literario-768x1108.jpg 768w, https:\/\/dharservices.com\/wp-content\/uploads\/2016\/01\/dhar-book-web-Un-horizonte-literario-710x1024.jpg 710w\" sizes=\"auto, (max-width: 208px) 100vw, 208px\" \/><img loading=\"lazy\" decoding=\"async\" class=\"alignleft size-medium wp-image-3405\" src=\"http:\/\/dharservices.com\/wp-content\/uploads\/2016\/01\/dhar-book-web-Navegantes-de-palabras-208x300.jpg\" alt=\"dhar book web Navegantes de palabras\" width=\"208\" height=\"300\" srcset=\"https:\/\/dharservices.com\/wp-content\/uploads\/2016\/01\/dhar-book-web-Navegantes-de-palabras-208x300.jpg 208w, https:\/\/dharservices.com\/wp-content\/uploads\/2016\/01\/dhar-book-web-Navegantes-de-palabras-104x150.jpg 104w, https:\/\/dharservices.com\/wp-content\/uploads\/2016\/01\/dhar-book-web-Navegantes-de-palabras-768x1108.jpg 768w, https:\/\/dharservices.com\/wp-content\/uploads\/2016\/01\/dhar-book-web-Navegantes-de-palabras-710x1024.jpg 710w\" sizes=\"auto, (max-width: 208px) 100vw, 208px\" \/><\/p>\n<p><img loading=\"lazy\" decoding=\"async\" class=\"alignleft size-medium wp-image-3396\" src=\"http:\/\/dharservices.com\/wp-content\/uploads\/2016\/01\/dhar-book-web-el-espacio-infinito-del-cuento-208x300.jpg\" alt=\"dhar book web el espacio infinito del cuento\" width=\"208\" height=\"300\" srcset=\"https:\/\/dharservices.com\/wp-content\/uploads\/2016\/01\/dhar-book-web-el-espacio-infinito-del-cuento-208x300.jpg 208w, https:\/\/dharservices.com\/wp-content\/uploads\/2016\/01\/dhar-book-web-el-espacio-infinito-del-cuento-104x150.jpg 104w, https:\/\/dharservices.com\/wp-content\/uploads\/2016\/01\/dhar-book-web-el-espacio-infinito-del-cuento-768x1108.jpg 768w, https:\/\/dharservices.com\/wp-content\/uploads\/2016\/01\/dhar-book-web-el-espacio-infinito-del-cuento-710x1024.jpg 710w\" sizes=\"auto, (max-width: 208px) 100vw, 208px\" \/><\/p>\n","protected":false},"excerpt":{"rendered":"<p>Naci\u00f3 en Cuba, en la provincia de Camag\u00fcey, donde comenz\u00f3 sus estudios de m\u00fasica. A comienzos de la Revoluci\u00f3n Castrista, junto a su familia, emigra a los Estados Unidos, donde, joven a\u00fan, contin\u00faa sus estudios. Fiel amante de las artes como la pintura y la poes\u00eda, entre otras, es m\u00fasico de profesi\u00f3n. Es graduado en la especialidad del \u201cBell Canto\u201d. Estudi\u00f3, adem\u00e1s, composici\u00f3n y direcci\u00f3n. Su dominio de varios instrumentos le facilit\u00f3 su afiliaci\u00f3n a diferentes grupos musicales entre ellos The Miami Latin Boys, 1973, convertido m\u00e1s tarde en Miami Sound Machine, como bajista, compositor y cantante. Hoy cuenta con su propia orquesta. Tiene su propia discograf\u00eda con un amplio repertorio en varios idiomas. Es miembro del Club de Literatura Francisca Arg\u00fcelles. &nbsp; Particip\u00f3 en las antolog\u00edas:<\/p>\n","protected":false},"author":1,"featured_media":0,"parent":0,"menu_order":0,"comment_status":"closed","ping_status":"closed","template":"","meta":{"footnotes":""},"class_list":["post-2964","page","type-page","status-publish","hentry"],"_links":{"self":[{"href":"https:\/\/dharservices.com\/index.php?rest_route=\/wp\/v2\/pages\/2964","targetHints":{"allow":["GET"]}}],"collection":[{"href":"https:\/\/dharservices.com\/index.php?rest_route=\/wp\/v2\/pages"}],"about":[{"href":"https:\/\/dharservices.com\/index.php?rest_route=\/wp\/v2\/types\/page"}],"author":[{"embeddable":true,"href":"https:\/\/dharservices.com\/index.php?rest_route=\/wp\/v2\/users\/1"}],"replies":[{"embeddable":true,"href":"https:\/\/dharservices.com\/index.php?rest_route=%2Fwp%2Fv2%2Fcomments&post=2964"}],"version-history":[{"count":5,"href":"https:\/\/dharservices.com\/index.php?rest_route=\/wp\/v2\/pages\/2964\/revisions"}],"predecessor-version":[{"id":3887,"href":"https:\/\/dharservices.com\/index.php?rest_route=\/wp\/v2\/pages\/2964\/revisions\/3887"}],"wp:attachment":[{"href":"https:\/\/dharservices.com\/index.php?rest_route=%2Fwp%2Fv2%2Fmedia&parent=2964"}],"curies":[{"name":"wp","href":"https:\/\/api.w.org\/{rel}","templated":true}]}}