{"id":2967,"date":"2016-01-16T18:55:42","date_gmt":"2016-01-17T02:55:42","guid":{"rendered":"http:\/\/dharservices.com\/?page_id=2967"},"modified":"2016-02-26T11:58:43","modified_gmt":"2016-02-26T19:58:43","slug":"onelia-suarez","status":"publish","type":"page","link":"https:\/\/dharservices.com\/?page_id=2967","title":{"rendered":"Suarez, Onelia"},"content":{"rendered":"<p><img loading=\"lazy\" decoding=\"async\" class=\"alignleft size-medium wp-image-839\" src=\"http:\/\/dharservices.com\/wp-content\/uploads\/2011\/03\/IMGP5686-300x202.jpg\" alt=\"IMGP5686\" width=\"300\" height=\"202\" srcset=\"https:\/\/dharservices.com\/wp-content\/uploads\/2011\/03\/IMGP5686-300x202.jpg 300w, https:\/\/dharservices.com\/wp-content\/uploads\/2011\/03\/IMGP5686-1024x691.jpg 1024w, https:\/\/dharservices.com\/wp-content\/uploads\/2011\/03\/IMGP5686.jpg 1280w\" sizes=\"auto, (max-width: 300px) 100vw, 300px\" \/>Naci\u00f3 en la provincia de Camag\u00fcey, Cuba. Es cosmet\u00f3loga de la escuela \u201cPark Collage en Albuquerque, Nuevo M\u00e9xico. All\u00ed escribi\u00f3 la mayor\u00eda de sus poemas. En enero de 1998, se traslad\u00f3 para el Estado de La Florida encontrando su habitad como poeta y escritora en el \u201cClub de Literatura\u201d donde ha conocido a personas con las mismas inquietudes.<\/p>\n<p>&nbsp;<\/p>\n<p>&nbsp;<\/p>\n<p>Particip\u00f3 en la antolog\u00eda:<\/p>\n<p><img loading=\"lazy\" decoding=\"async\" class=\"alignleft size-medium wp-image-3409\" src=\"http:\/\/dharservices.com\/wp-content\/uploads\/2016\/01\/dhar-book-web-Un-horizonte-literario-208x300.jpg\" alt=\"dhar book web Un horizonte literario\" width=\"208\" height=\"300\" srcset=\"https:\/\/dharservices.com\/wp-content\/uploads\/2016\/01\/dhar-book-web-Un-horizonte-literario-208x300.jpg 208w, https:\/\/dharservices.com\/wp-content\/uploads\/2016\/01\/dhar-book-web-Un-horizonte-literario-104x150.jpg 104w, https:\/\/dharservices.com\/wp-content\/uploads\/2016\/01\/dhar-book-web-Un-horizonte-literario-768x1108.jpg 768w, https:\/\/dharservices.com\/wp-content\/uploads\/2016\/01\/dhar-book-web-Un-horizonte-literario-710x1024.jpg 710w\" sizes=\"auto, (max-width: 208px) 100vw, 208px\" \/><\/p>\n","protected":false},"excerpt":{"rendered":"<p>Naci\u00f3 en la provincia de Camag\u00fcey, Cuba. Es cosmet\u00f3loga de la escuela \u201cPark Collage en Albuquerque, Nuevo M\u00e9xico. All\u00ed escribi\u00f3 la mayor\u00eda de sus poemas. En enero de 1998, se traslad\u00f3 para el Estado de La Florida encontrando su habitad como poeta y escritora en el \u201cClub de Literatura\u201d donde ha conocido a personas con las mismas inquietudes. &nbsp; &nbsp; Particip\u00f3 en la antolog\u00eda:<\/p>\n","protected":false},"author":1,"featured_media":0,"parent":0,"menu_order":0,"comment_status":"closed","ping_status":"closed","template":"","meta":{"footnotes":""},"class_list":["post-2967","page","type-page","status-publish","hentry"],"_links":{"self":[{"href":"https:\/\/dharservices.com\/index.php?rest_route=\/wp\/v2\/pages\/2967","targetHints":{"allow":["GET"]}}],"collection":[{"href":"https:\/\/dharservices.com\/index.php?rest_route=\/wp\/v2\/pages"}],"about":[{"href":"https:\/\/dharservices.com\/index.php?rest_route=\/wp\/v2\/types\/page"}],"author":[{"embeddable":true,"href":"https:\/\/dharservices.com\/index.php?rest_route=\/wp\/v2\/users\/1"}],"replies":[{"embeddable":true,"href":"https:\/\/dharservices.com\/index.php?rest_route=%2Fwp%2Fv2%2Fcomments&post=2967"}],"version-history":[{"count":3,"href":"https:\/\/dharservices.com\/index.php?rest_route=\/wp\/v2\/pages\/2967\/revisions"}],"predecessor-version":[{"id":3896,"href":"https:\/\/dharservices.com\/index.php?rest_route=\/wp\/v2\/pages\/2967\/revisions\/3896"}],"wp:attachment":[{"href":"https:\/\/dharservices.com\/index.php?rest_route=%2Fwp%2Fv2%2Fmedia&parent=2967"}],"curies":[{"name":"wp","href":"https:\/\/api.w.org\/{rel}","templated":true}]}}