{"id":2971,"date":"2016-01-16T19:05:43","date_gmt":"2016-01-17T03:05:43","guid":{"rendered":"http:\/\/dharservices.com\/?page_id=2971"},"modified":"2016-02-26T11:33:33","modified_gmt":"2016-02-26T19:33:33","slug":"andres-cruz","status":"publish","type":"page","link":"https:\/\/dharservices.com\/?page_id=2971","title":{"rendered":"Cruz, Andr\u00e9s"},"content":{"rendered":"<p><img loading=\"lazy\" decoding=\"async\" class=\"alignleft size-full wp-image-2975\" src=\"http:\/\/dharservices.com\/wp-content\/uploads\/2016\/01\/Andres-Cruz-foto.jpg\" alt=\"Andres Cruz foto\" width=\"207\" height=\"266\" srcset=\"https:\/\/dharservices.com\/wp-content\/uploads\/2016\/01\/Andres-Cruz-foto.jpg 207w, https:\/\/dharservices.com\/wp-content\/uploads\/2016\/01\/Andres-Cruz-foto-117x150.jpg 117w\" sizes=\"auto, (max-width: 207px) 100vw, 207px\" \/>Naci\u00f3 en Cuba, Ciudad de La Habana, el 2 de febrero de 1968,<\/p>\n<p>en el seno de una familia trabajadora.<\/p>\n<p>Desde temprana edad demostr\u00f3 gran inter\u00e9s por la lectura; las asignaturas de letras fueron sus preferidas, principalmente la literatura cl\u00e1sica. En su juventud inicio sus actividades literarias, desarrollando su gran pasi\u00f3n por la poes\u00eda.<\/p>\n<p>Al terminar su etapa preuniversitaria inicio sus estudios de derecho, gradu\u00e1ndose con honores en 1991<\/p>\n<p>Emigra a los Estados Unidos en el a\u00f1o 2000, donde reside actualmente, con su esposa Teresa Hern\u00e1ndez y sus dos hijos Adriana y Alejandro.<\/p>\n<p>Obtenlo en: www.amazon.com<\/p>\n<p><img loading=\"lazy\" decoding=\"async\" class=\"alignleft size-medium wp-image-3388\" src=\"http:\/\/dharservices.com\/wp-content\/uploads\/2016\/01\/dhar-book-web-40-poemas-y-un-cuento-208x300.jpg\" alt=\"dhar book web 40 poemas y un cuento\" width=\"208\" height=\"300\" srcset=\"https:\/\/dharservices.com\/wp-content\/uploads\/2016\/01\/dhar-book-web-40-poemas-y-un-cuento-208x300.jpg 208w, https:\/\/dharservices.com\/wp-content\/uploads\/2016\/01\/dhar-book-web-40-poemas-y-un-cuento-104x150.jpg 104w, https:\/\/dharservices.com\/wp-content\/uploads\/2016\/01\/dhar-book-web-40-poemas-y-un-cuento-768x1108.jpg 768w, https:\/\/dharservices.com\/wp-content\/uploads\/2016\/01\/dhar-book-web-40-poemas-y-un-cuento-710x1024.jpg 710w\" sizes=\"auto, (max-width: 208px) 100vw, 208px\" \/><\/p>\n","protected":false},"excerpt":{"rendered":"<p>Naci\u00f3 en Cuba, Ciudad de La Habana, el 2 de febrero de 1968, en el seno de una familia trabajadora. Desde temprana edad demostr\u00f3 gran inter\u00e9s por la lectura; las asignaturas de letras fueron sus preferidas, principalmente la literatura cl\u00e1sica. En su juventud inicio sus actividades literarias, desarrollando su gran pasi\u00f3n por la poes\u00eda. Al terminar su etapa preuniversitaria inicio sus estudios de derecho, gradu\u00e1ndose con honores en 1991 Emigra a los Estados Unidos en el a\u00f1o 2000, donde reside actualmente, con su esposa Teresa Hern\u00e1ndez y sus dos hijos Adriana y Alejandro. Obtenlo en: www.amazon.com<\/p>\n","protected":false},"author":1,"featured_media":0,"parent":0,"menu_order":0,"comment_status":"closed","ping_status":"closed","template":"","meta":{"footnotes":""},"class_list":["post-2971","page","type-page","status-publish","hentry"],"_links":{"self":[{"href":"https:\/\/dharservices.com\/index.php?rest_route=\/wp\/v2\/pages\/2971","targetHints":{"allow":["GET"]}}],"collection":[{"href":"https:\/\/dharservices.com\/index.php?rest_route=\/wp\/v2\/pages"}],"about":[{"href":"https:\/\/dharservices.com\/index.php?rest_route=\/wp\/v2\/types\/page"}],"author":[{"embeddable":true,"href":"https:\/\/dharservices.com\/index.php?rest_route=\/wp\/v2\/users\/1"}],"replies":[{"embeddable":true,"href":"https:\/\/dharservices.com\/index.php?rest_route=%2Fwp%2Fv2%2Fcomments&post=2971"}],"version-history":[{"count":5,"href":"https:\/\/dharservices.com\/index.php?rest_route=\/wp\/v2\/pages\/2971\/revisions"}],"predecessor-version":[{"id":3861,"href":"https:\/\/dharservices.com\/index.php?rest_route=\/wp\/v2\/pages\/2971\/revisions\/3861"}],"wp:attachment":[{"href":"https:\/\/dharservices.com\/index.php?rest_route=%2Fwp%2Fv2%2Fmedia&parent=2971"}],"curies":[{"name":"wp","href":"https:\/\/api.w.org\/{rel}","templated":true}]}}