{"id":4048,"date":"2016-04-04T20:30:46","date_gmt":"2016-04-05T04:30:46","guid":{"rendered":"http:\/\/dharservices.com\/?page_id=4048"},"modified":"2017-12-13T14:34:51","modified_gmt":"2017-12-13T22:34:51","slug":"entrada","status":"publish","type":"page","link":"https:\/\/dharservices.com\/","title":{"rendered":"Inicio"},"content":{"rendered":"<p><strong>D\u2019har Services<\/strong>, apoya a los escritores noveles.<br \/>\nOfrecemos al autor sus obras en formato de papel (tradicional) o electr\u00f3nico (ebook), con dise\u00f1o profesional y de f\u00e1cil lectura. Damos \u00e9nfasis en la creaci\u00f3n innovadora y profesional de las car\u00e1tulas. Te invitamos a presentar propuestas literarias y participar en nuestros concursos. Valoramos tu talento y tiempo.<\/p>\n<p><span style=\"color: #ff9900;\"><strong>Promovemos sus obras convirti\u00e9ndolas en guiones cinematogr\u00e1ficos, que luego podr\u00e1n ser llevadas al cine o televisi\u00f3n.<\/strong><\/span><\/p>\n<p>D\u2019har Services te guiar\u00e1 paso a paso para que tu sue\u00f1o se haga realidad. Recibimos novelas, ensayos, poemas, cuentos, f\u00e1bulas, narraciones, tesis y nuevos g\u00e9neros literarios. Fluye en tu creatividad, tus obras ser\u00e1n le\u00eddas y reconocidas.<br \/>\n\u00a1Los lectores est\u00e1n \u00e1vidos de nuevas tendencias literarias!<br \/>\nTe invitamos a ver algunos videos de nuestros autores. Como parte de nuestro servicio ofrecemos la creaci\u00f3n de videos o recibimos tus videos y los editamos para subirlos en nuestra web y en YouTube.<\/p>\n<p>Testimonios de nuestros autores:<\/p>\n<p><iframe loading=\"lazy\" width=\"700\" height=\"525\" src=\"https:\/\/www.youtube.com\/embed\/g7b29U_-WcM?feature=oembed\" frameborder=\"0\" gesture=\"media\" allow=\"encrypted-media\" allowfullscreen><\/iframe><\/p>\n<p><iframe loading=\"lazy\" width=\"700\" height=\"394\" src=\"https:\/\/www.youtube.com\/embed\/Ycw3z8DQVUc?feature=oembed\" frameborder=\"0\" gesture=\"media\" allow=\"encrypted-media\" allowfullscreen><\/iframe><br \/>\n<iframe loading=\"lazy\" width=\"700\" height=\"394\" src=\"https:\/\/www.youtube.com\/embed\/_pmFjlr1kJw?feature=oembed\" frameborder=\"0\" gesture=\"media\" allow=\"encrypted-media\" allowfullscreen><\/iframe><br \/>\n<iframe loading=\"lazy\" width=\"700\" height=\"394\" src=\"https:\/\/www.youtube.com\/embed\/n9kAyQPquyo?feature=oembed\" frameborder=\"0\" gesture=\"media\" allow=\"encrypted-media\" allowfullscreen><\/iframe><\/p>\n<p>&nbsp;<\/p>\n<p><iframe loading=\"lazy\" width=\"700\" height=\"394\" src=\"https:\/\/www.youtube.com\/embed\/oc29u6GnUbo?feature=oembed\" frameborder=\"0\" gesture=\"media\" allow=\"encrypted-media\" allowfullscreen><\/iframe><\/p>\n<p><iframe loading=\"lazy\" width=\"700\" height=\"394\" src=\"https:\/\/www.youtube.com\/embed\/AxEfASe-5cY?feature=oembed\" frameborder=\"0\" gesture=\"media\" allow=\"encrypted-media\" allowfullscreen><\/iframe><\/p>\n","protected":false},"excerpt":{"rendered":"<p>D\u2019har Services, apoya a los escritores noveles. Ofrecemos al autor sus obras en formato de papel (tradicional) o electr\u00f3nico (ebook), con dise\u00f1o profesional y de f\u00e1cil lectura. Damos \u00e9nfasis en la creaci\u00f3n innovadora y profesional de las car\u00e1tulas. Te invitamos a presentar propuestas literarias y participar en nuestros concursos. Valoramos tu talento y tiempo. Promovemos sus obras convirti\u00e9ndolas en guiones cinematogr\u00e1ficos, que luego podr\u00e1n ser llevadas al cine o televisi\u00f3n. D\u2019har Services te guiar\u00e1 paso a paso para que tu sue\u00f1o se haga realidad. Recibimos novelas, ensayos, poemas, cuentos, f\u00e1bulas, narraciones, tesis y nuevos g\u00e9neros literarios. Fluye en tu creatividad, tus obras ser\u00e1n le\u00eddas y reconocidas. \u00a1Los lectores est\u00e1n \u00e1vidos de nuevas tendencias literarias! Te invitamos a ver algunos videos de nuestros autores. Como parte de nuestro servicio ofrecemos la creaci\u00f3n de videos o recibimos tus videos y los editamos para subirlos en nuestra web y en YouTube. Testimonios de nuestros autores: &nbsp;<\/p>\n","protected":false},"author":1,"featured_media":0,"parent":0,"menu_order":0,"comment_status":"closed","ping_status":"closed","template":"","meta":{"footnotes":""},"class_list":["post-4048","page","type-page","status-publish","hentry"],"_links":{"self":[{"href":"https:\/\/dharservices.com\/index.php?rest_route=\/wp\/v2\/pages\/4048","targetHints":{"allow":["GET"]}}],"collection":[{"href":"https:\/\/dharservices.com\/index.php?rest_route=\/wp\/v2\/pages"}],"about":[{"href":"https:\/\/dharservices.com\/index.php?rest_route=\/wp\/v2\/types\/page"}],"author":[{"embeddable":true,"href":"https:\/\/dharservices.com\/index.php?rest_route=\/wp\/v2\/users\/1"}],"replies":[{"embeddable":true,"href":"https:\/\/dharservices.com\/index.php?rest_route=%2Fwp%2Fv2%2Fcomments&post=4048"}],"version-history":[{"count":12,"href":"https:\/\/dharservices.com\/index.php?rest_route=\/wp\/v2\/pages\/4048\/revisions"}],"predecessor-version":[{"id":4118,"href":"https:\/\/dharservices.com\/index.php?rest_route=\/wp\/v2\/pages\/4048\/revisions\/4118"}],"wp:attachment":[{"href":"https:\/\/dharservices.com\/index.php?rest_route=%2Fwp%2Fv2%2Fmedia&parent=4048"}],"curies":[{"name":"wp","href":"https:\/\/api.w.org\/{rel}","templated":true}]}}