{"id":4122,"date":"2017-12-13T15:02:46","date_gmt":"2017-12-13T23:02:46","guid":{"rendered":"http:\/\/dharservices.com\/?page_id=4122"},"modified":"2017-12-13T15:02:46","modified_gmt":"2017-12-13T23:02:46","slug":"otero-alba","status":"publish","type":"page","link":"https:\/\/dharservices.com\/?page_id=4122","title":{"rendered":"Otero, Alba"},"content":{"rendered":"<p><img loading=\"lazy\" decoding=\"async\" class=\"alignleft size-full wp-image-4125\" src=\"https:\/\/dharservices.com\/wp-content\/uploads\/2017\/12\/alba-fotografia-autora-de-libro.jpg\" alt=\"\" width=\"141\" height=\"196\" srcset=\"https:\/\/dharservices.com\/wp-content\/uploads\/2017\/12\/alba-fotografia-autora-de-libro.jpg 141w, https:\/\/dharservices.com\/wp-content\/uploads\/2017\/12\/alba-fotografia-autora-de-libro-108x150.jpg 108w\" sizes=\"auto, (max-width: 141px) 100vw, 141px\" \/>Alba Otero es Colombo estadounidense, inmigr\u00f3 a EE.UU en 1964, complet\u00f3 estudios secundarios en Sheridan Technical Center.\u00a0 \u00a0Fue alumna visitante de teolog\u00edas mundiales en Fl. International University.\u00a0 Es autora de dos libros; <em>Visiones Astrales<\/em> y \u201cMis Senderos.\u201d<\/p>\n<p>Premios en poes\u00edas y cuentos publicados en diversas antolog\u00edas.<\/p>\n<p>Motivaci\u00f3n a escribir la obra: El constante inter\u00e9s del mundo religioso y secular en conocer la verdadera misi\u00f3n de Judas Iscariote.<\/p>\n<p>Retos: Especial dedicaci\u00f3n al estudio de libros Can\u00f3nicos, Deuterocanonicos, aficionada a viajes intercontinentales y a la lectura de autores profesionales de la mente e investigaci\u00f3n etimol\u00f3gica de nombres y rituales b\u00edblicos. M\u00e9todos: Observaci\u00f3n, comparaci\u00f3n de paradigmas culturales y transiciones humanas.<\/p>\n<p>Esta obra descubre estrangulamiento de Judas Iscariote y su misi\u00f3n sacerdotal entregando al Cordero Pascual.<\/p>\n<p>Sub T\u00edtulo: El Evangelio Seg\u00fan el Libro de Ester:\u00a0 Despierta inter\u00e9s en descubrir el porqu\u00e9 del antisemitismo y el intento de diezmar a jud\u00edos desde AEC.\u00a0 Descubrir\u00e1 el \u00a0paralelo entre el libro de Ester con el Evangelio Seg\u00fan San Mateo, la verdadera misi\u00f3n del odiado personaje Am\u00e1n y su relaci\u00f3n con Hitler.<\/p>\n<p>Detonaci\u00f3n Universal y Escalera del Genoma en G\u00e9nesis:\u00a0 Se\u00f1ala transferencia de informaci\u00f3n del Verbo Divino al humano y el ADN emergente como vida unicelular; registrada por Mois\u00e9s, teol\u00f3gicamente como Ad\u00e1n-Eva.\u00a0 \u00a0 \u00a0 \u00a0 \u00a0 \u00a0 \u00a0 \u00a0 \u00a0 La condensaci\u00f3n universal y su posterior desarrollo, es comparada con el proceso de cromatina celular embrionaria para proliferaci\u00f3n y constante transformaci\u00f3n universal y su semejanza a la evoluci\u00f3n en hemisferios cerebrales.\u00a0 Esta obra es presentada como ficci\u00f3n en di\u00e1logos entre neuronas a trav\u00e9s de personajes con seud\u00f3nimos b\u00edblicos decodificando Escrituras Sagradas\u00a0 .<\/p>\n<p>La teor\u00eda del origen universal causada por la detonaci\u00f3n de un punto infinitesimal, o ex nihilo<\/p>\n<p>(creaci\u00f3n de algo de la nada), y el descubrimiento cient\u00edfico del genoma humano, est\u00e1n magistralmente registrados aleg\u00f3ricamente en el libro del G\u00e9nesis, seg\u00fan la percepci\u00f3n de la autora.<\/p>\n<p>En este relato, ella cree que navegar la Biblia con receptividad a la realidad cient\u00edfica, reafirma la fe en Dios y expande el intelecto.<\/p>\n<p>Esta original obra trae un enfoque de paralelos entre: la teor\u00eda de evoluci\u00f3n, afinaciones cient\u00edficas y las alegor\u00edas escritas en el libro del G\u00e9nesis.<\/p>\n<p><img loading=\"lazy\" decoding=\"async\" class=\"alignleft size-medium wp-image-4126\" src=\"https:\/\/dharservices.com\/wp-content\/uploads\/2017\/12\/Judas-Cover-para-cortar-web-202x300.png\" alt=\"\" width=\"202\" height=\"300\" srcset=\"https:\/\/dharservices.com\/wp-content\/uploads\/2017\/12\/Judas-Cover-para-cortar-web-202x300.png 202w, https:\/\/dharservices.com\/wp-content\/uploads\/2017\/12\/Judas-Cover-para-cortar-web-101x150.png 101w, https:\/\/dharservices.com\/wp-content\/uploads\/2017\/12\/Judas-Cover-para-cortar-web.png 444w\" sizes=\"auto, (max-width: 202px) 100vw, 202px\" \/><\/p>\n<p>&nbsp;<\/p>\n<p>&nbsp;<\/p>\n<p>Adquieralo en: wwww.amazon.com<\/p>\n","protected":false},"excerpt":{"rendered":"<p>Alba Otero es Colombo estadounidense, inmigr\u00f3 a EE.UU en 1964, complet\u00f3 estudios secundarios en Sheridan Technical Center.\u00a0 \u00a0Fue alumna visitante de teolog\u00edas mundiales en Fl. International University.\u00a0 Es autora de dos libros; Visiones Astrales y \u201cMis Senderos.\u201d Premios en poes\u00edas y cuentos publicados en diversas antolog\u00edas. Motivaci\u00f3n a escribir la obra: El constante inter\u00e9s del mundo religioso y secular en conocer la verdadera misi\u00f3n de Judas Iscariote. Retos: Especial dedicaci\u00f3n al estudio de libros Can\u00f3nicos, Deuterocanonicos, aficionada a viajes intercontinentales y a la lectura de autores profesionales de la mente e investigaci\u00f3n etimol\u00f3gica de nombres y rituales b\u00edblicos. M\u00e9todos: Observaci\u00f3n, comparaci\u00f3n de paradigmas culturales y transiciones humanas. Esta obra descubre estrangulamiento de Judas Iscariote y su misi\u00f3n sacerdotal entregando al Cordero Pascual. Sub T\u00edtulo: El Evangelio Seg\u00fan el Libro de Ester:\u00a0 Despierta inter\u00e9s en descubrir el porqu\u00e9 del antisemitismo y el intento de diezmar a jud\u00edos desde AEC.\u00a0 Descubrir\u00e1 el \u00a0paralelo entre el libro de Ester con el Evangelio Seg\u00fan San Mateo, la verdadera misi\u00f3n del odiado personaje Am\u00e1n y su relaci\u00f3n con Hitler. Detonaci\u00f3n Universal y Escalera del Genoma en G\u00e9nesis:\u00a0 Se\u00f1ala transferencia de informaci\u00f3n del Verbo Divino al humano y el ADN emergente como vida unicelular; registrada por Mois\u00e9s, teol\u00f3gicamente como Ad\u00e1n-Eva.\u00a0 \u00a0 \u00a0 \u00a0 \u00a0 \u00a0 \u00a0 \u00a0 \u00a0 La condensaci\u00f3n universal y su posterior desarrollo, es comparada con el proceso de cromatina celular embrionaria para proliferaci\u00f3n y constante transformaci\u00f3n universal y su semejanza a la evoluci\u00f3n en hemisferios cerebrales.\u00a0 Esta obra es presentada como ficci\u00f3n en di\u00e1logos entre neuronas a trav\u00e9s de personajes con seud\u00f3nimos b\u00edblicos decodificando Escrituras Sagradas\u00a0 . La teor\u00eda del origen universal causada por la detonaci\u00f3n de un punto infinitesimal, o ex nihilo (creaci\u00f3n de algo de la nada), y el descubrimiento cient\u00edfico del genoma humano, est\u00e1n magistralmente registrados aleg\u00f3ricamente en el libro del G\u00e9nesis, seg\u00fan la percepci\u00f3n de la autora. En este relato, ella cree que navegar la Biblia con receptividad a la realidad cient\u00edfica, reafirma la fe en Dios y expande el intelecto. Esta original obra trae un enfoque de paralelos entre: la teor\u00eda de evoluci\u00f3n, afinaciones cient\u00edficas y las alegor\u00edas escritas en el libro del G\u00e9nesis. &nbsp; &nbsp; Adquieralo en: wwww.amazon.com<\/p>\n","protected":false},"author":1,"featured_media":0,"parent":0,"menu_order":0,"comment_status":"closed","ping_status":"closed","template":"","meta":{"footnotes":""},"class_list":["post-4122","page","type-page","status-publish","hentry"],"_links":{"self":[{"href":"https:\/\/dharservices.com\/index.php?rest_route=\/wp\/v2\/pages\/4122","targetHints":{"allow":["GET"]}}],"collection":[{"href":"https:\/\/dharservices.com\/index.php?rest_route=\/wp\/v2\/pages"}],"about":[{"href":"https:\/\/dharservices.com\/index.php?rest_route=\/wp\/v2\/types\/page"}],"author":[{"embeddable":true,"href":"https:\/\/dharservices.com\/index.php?rest_route=\/wp\/v2\/users\/1"}],"replies":[{"embeddable":true,"href":"https:\/\/dharservices.com\/index.php?rest_route=%2Fwp%2Fv2%2Fcomments&post=4122"}],"version-history":[{"count":2,"href":"https:\/\/dharservices.com\/index.php?rest_route=\/wp\/v2\/pages\/4122\/revisions"}],"predecessor-version":[{"id":4127,"href":"https:\/\/dharservices.com\/index.php?rest_route=\/wp\/v2\/pages\/4122\/revisions\/4127"}],"wp:attachment":[{"href":"https:\/\/dharservices.com\/index.php?rest_route=%2Fwp%2Fv2%2Fmedia&parent=4122"}],"curies":[{"name":"wp","href":"https:\/\/api.w.org\/{rel}","templated":true}]}}