{"id":4161,"date":"2019-12-08T19:47:15","date_gmt":"2019-12-09T03:47:15","guid":{"rendered":"http:\/\/dharservices.com\/?page_id=4161"},"modified":"2019-12-08T19:48:06","modified_gmt":"2019-12-09T03:48:06","slug":"dr-grigori-grabovoi","status":"publish","type":"page","link":"https:\/\/dharservices.com\/?page_id=4161","title":{"rendered":"Dr. Grigori Grabovoi"},"content":{"rendered":"<p><img loading=\"lazy\" decoding=\"async\" class=\"alignleft size-full wp-image-4162\" src=\"https:\/\/dharservices.com\/wp-content\/uploads\/2019\/12\/20140506074047757_1.jpg\" alt=\"Dr. Grigori Grabovoi\" width=\"200\" height=\"200\" srcset=\"https:\/\/dharservices.com\/wp-content\/uploads\/2019\/12\/20140506074047757_1.jpg 200w, https:\/\/dharservices.com\/wp-content\/uploads\/2019\/12\/20140506074047757_1-150x150.jpg 150w\" sizes=\"auto, (max-width: 200px) 100vw, 200px\" \/>GRIGORI PETROVICH GRABOVOI<br \/>\nNaci\u00f3 el 14 de noviembre de 1963 en la ciudad de Bogara, distrito de Kirov, en la regi\u00f3n de Chimkent, en Kazajst\u00e1n. Estudi\u00f3 en la facultad de matem\u00e1ticas aplicadas de la Universidad de Tashkent, gradu\u00e1ndose en 1986. Es acad\u00e9mico de la Academia Internacional de Informatizaci\u00f3n y consejero del servicio de aviaci\u00f3n federal ruso. Sus extraordinarias dotes de clarividencia y sanaci\u00f3n lo han convertido en una figura mundialmente famosa. Ha sido condecorado por la Academia Rusa de Ciencias con la medalla de plata I. P. Pavlov por su contribuci\u00f3n en \u201cLa mejora de la medicina y de la salud p\u00fablica\u201d, tambi\u00e9n con la medalla Pedro el Grande por su contribuci\u00f3n al \u201crenacer de la ciencia y la econom\u00eda en Rusia\u201d.<br \/>\nSus habilidades \u00fanicas van m\u00e1s all\u00e1 de nuestra comprensi\u00f3n com\u00fan. Se puede f\u00e1cilmente navegar por el pasado de cualquier persona y predecir el futuro, predecir terremotos. \u00c9l es capaz de hacer diagn\u00f3sticos nos solo de la gente, sino tambi\u00e9n predice los defectos tecnol\u00f3gicos en los autom\u00f3viles, aviones y otros sistemas mec\u00e1nicos y todo lo hace a trav\u00e9s de larga distancia.<br \/>\n\u2022 Acad\u00e9mico de la Academia de Ciencias de Rusia<br \/>\n\u2022 Acad\u00e9mico de la Academia Internacional de la Informaci\u00f3n<br \/>\n\u2022 Acad\u00e9mico de la Academia Rusa de Ciencias Naturales<br \/>\n\u2022 Acad\u00e9mico de la Academia Italiana de Ciencias<br \/>\n\u2022 Honrado por el acad\u00e9mico de la Academia Rusa de la tecnolog\u00eda espacial<br \/>\n\u2022 Doctor en Ciencias<br \/>\n\u2022 Doctor en Filosof\u00eda<br \/>\n\u2022 Doctor en Ciencias T\u00e9cnicas<br \/>\n\u2022 Miembro asociado de las Naciones Unidas<br \/>\n\u2022 Miembro de la Liga Profesional psicoterap\u00e9utic<br \/>\n\u2022 Gran Maestro de la Ciencia y la Educaci\u00f3n Mundial<br \/>\nAlgunas de sus habilidades son:<br \/>\n\u2022 La capacidad de describir con precisi\u00f3n el aspecto y el car\u00e1cter de alguien, al conocer el primero y segundo apellido de la persona.<br \/>\n\u2022 Tiene la capacidad de seguimiento de la informaci\u00f3n entre las personas sin importar la distancia o idioma que utilicen.<br \/>\n\u2022 La capacidad de diagnosticar los defectos tecnol\u00f3gicos a larga distancia.<br \/>\n\u2022 La capacidad de materializar y desmaterializar diferentes objetos.<br \/>\n\u2022 La capacidad de curar el c\u00e1ncer, el sida y resucitar a los muertos.<br \/>\nAcerca de su ense\u00f1anza: Se ha registrado en las Naciones Unidas y aprobada como disciplina independiente, por el Ministerio de Educaci\u00f3n de Rusia. La nueva tecnolog\u00eda de la conciencia desarrollada por Grabovoi confirma que, mediante el uso de la concentraci\u00f3n en la combinaci\u00f3n espec\u00edfica de n\u00fameros, pueden ayudar a curar muchas enfermedades y condiciones relacionadas con la enfermedad. Grabovoi dice que la conciencia humana es capaz de reflejar la realidad a trav\u00e9s de la percepci\u00f3n y la sensaci\u00f3n, tambi\u00e9n se trata de una sustancia creativa a trav\u00e9s del cual el ser humano puede ser un creador.<br \/>\nLa base fundamental en la ense\u00f1anza Grabovoi est\u00e1 determinada por la creaci\u00f3n divina del Universo. Seg\u00fan Grabovoi Dios es la fuente b\u00e1sica, y la esencia de todo. Dios hace hincapi\u00e9 en las emociones, especialmente Alegr\u00eda, Luz y Amor, como base principal para la creaci\u00f3n del Universo. S\u00f3lo la comprensi\u00f3n adecuada del mundo, con \u00e9nfasis en Alegr\u00eda, Luz y Amor proporcionar\u00e1 significados de vivir la vida feliz. El crecimiento espiritual de la conciencia es un verdadero camino hacia Dios y hacia el conocimiento de su creaci\u00f3n. Para alguien que es capaz de lograr un mayor nivel de conciencia la verdad se abre. La conciencia de Dios determina toda nuestra existencia en este mundo. Nuestra conciencia parece ser un gran poder creativo. A trav\u00e9s de nuestra conciencia se puede lograr el control de los procesos creativos y en lo f\u00edsico (cuerpo), donde nuestra alma realiza el papel de factor de control (estructura). El alma es capaz de regenerar y sanar en el nivel celular.<br \/>\nTodo en el mundo puede ser considerado como objetos de informaci\u00f3n. La informaci\u00f3n tambi\u00e9n est\u00e1 jugando un papel importante en nuestra vida cotidiana. Todo en este mundo est\u00e1 conectado a trav\u00e9s de los canales informativos. Por alteraci\u00f3n de las conexiones se puede cambiar el sistema mundial de una manera hol\u00edstica. Grabovoi ha descubierto un mecanismo de control y tecnolog\u00edas que pueden ser directamente aplicado a influir en el sistema global de informaci\u00f3n. La conciencia y las sensaciones son herramientas para cambiar la informaci\u00f3n. Lleg\u00f3 a la conclusi\u00f3n de que en determinadas condiciones de un tipo de informaci\u00f3n puede convertirse en otro tipo de informaci\u00f3n. Al influir en la informaci\u00f3n a trav\u00e9s de la conciencia y las sensaciones de otra forma de informaci\u00f3n puede ser creado (control de la informaci\u00f3n). EL control de la informaci\u00f3n permite la gesti\u00f3n de eventos.<br \/>\nLos principios fundamentales de la doctrina \u201csobre la Salvaci\u00f3n y el<br \/>\nDesarrollo Arm\u00f3nico\u201d, se centra en la salvaci\u00f3n mundial, la salvaci\u00f3n de cada individuo, y proporcionar un desarrollo armonioso eterno.<br \/>\n\u2022 El objetivo m\u00e1s importante de las tecnolog\u00edas de Grigori Grabovoi es prevenir al Mundo de una posible destrucci\u00f3n catastr\u00f3fica.<br \/>\n\u2022 El principal m\u00e9todo para lograr este objetivo es proporcionar educaci\u00f3n a los dem\u00e1s sobre las tecnolog\u00edas de Grigori Grabovoi<br \/>\n\u2022 De acuerdo con el plan del Creador sobre el desarrollo eterno en la conciencia de cada individuo, como un elemento de la conciencia del mundo, es un factor muy importante en la creaci\u00f3n de eventos futuros<br \/>\n\u2022 Destaca Grigori Grabovoi, que la moral de la ense\u00f1anza en cada individuo se recibe de la verdadera libertad del Creador, a trav\u00e9s de una forma personal creativa de participantes en eventos futuros<br \/>\n\u2022 La necesidad de difusi\u00f3n de la ense\u00f1anza, integrada con la salvaci\u00f3n mundial y prestaci\u00f3n de un desarrollo armonioso eterno, en la que cada individuo es un participante creativo en los eventos del Mundo de acuerdo a la ley del Creador.<br \/>\nLa ense\u00f1anza Grabovoi no est\u00e1 en contradicci\u00f3n con los principios de la religiones fundamentales o conceptos que se tienen, se centra en una forma creativa, del desarrollo eterno sin destrucci\u00f3n. Seg\u00fan Grabovoi a trav\u00e9s de la concentraci\u00f3n mental y comprensi\u00f3n de la din\u00e1mica entre los acontecimientos externos y el mundo es posible dominar la tecnolog\u00eda de control de eventos. \u00c9l desarroll\u00f3 ejercicios mentales de concentraci\u00f3n que se aplican a diferentes partes del cuerpo. Cada secuencia num\u00e9rica es una combinaci\u00f3n espec\u00edfica de d\u00edgitos as\u00ed la concentraci\u00f3n con secuencias num\u00e9ricas permite la curaci\u00f3n debido a que cada secuencia num\u00e9rica representa un c\u00f3digo de vibraci\u00f3n para la normalizaci\u00f3n de las condiciones en el organismo.<\/p>\n<p>LIBROS DEL AUTOR, Publicados por\u00a0 EDILMA ANGEL : Estos libros se pueden adquirir solamente en www.amazon.com<\/p>\n<p><img loading=\"lazy\" decoding=\"async\" class=\"wp-image-4165 size-medium\" src=\"https:\/\/dharservices.com\/wp-content\/uploads\/2019\/12\/Hayr\u00fakulus-200x300.jpg\" alt=\"\" width=\"200\" height=\"300\" srcset=\"https:\/\/dharservices.com\/wp-content\/uploads\/2019\/12\/Hayr\u00fakulus-200x300.jpg 200w, https:\/\/dharservices.com\/wp-content\/uploads\/2019\/12\/Hayr\u00fakulus-100x150.jpg 100w, https:\/\/dharservices.com\/wp-content\/uploads\/2019\/12\/Hayr\u00fakulus.jpg 429w\" sizes=\"auto, (max-width: 200px) 100vw, 200px\" \/><img loading=\"lazy\" decoding=\"async\" class=\"alignleft size-medium wp-image-4171\" style=\"color: #333333; float: left; font-family: Georgia,&amp;quot; times new roman&amp;quot;,&amp;quot;bitstream charter&amp;quot;,times,serif; font-size: 16px; font-style: normal; font-variant: normal; font-weight: 400; height: auto; letter-spacing: normal; max-width: 100%; orphans: 2; text-align: left; text-decoration: none; text-indent: 0px; text-transform: none; -webkit-text-stroke-width: 0px; white-space: normal; word-spacing: 0px; margin: 0.5em 1em 0.5em 0px;\" src=\"https:\/\/dharservices.com\/wp-content\/uploads\/2019\/12\/M\u00e9todos-para-el-control...-191x300.jpg\" alt=\"\" width=\"191\" height=\"300\" srcset=\"https:\/\/dharservices.com\/wp-content\/uploads\/2019\/12\/M\u00e9todos-para-el-control...-191x300.jpg 191w, https:\/\/dharservices.com\/wp-content\/uploads\/2019\/12\/M\u00e9todos-para-el-control...-96x150.jpg 96w, https:\/\/dharservices.com\/wp-content\/uploads\/2019\/12\/M\u00e9todos-para-el-control....jpg 328w\" sizes=\"auto, (max-width: 191px) 100vw, 191px\" \/><img loading=\"lazy\" decoding=\"async\" class=\"alignleft size-medium wp-image-4164\" style=\"color: #333333; float: left; font-family: Georgia,&amp;quot; times new roman&amp;quot;,&amp;quot;bitstream charter&amp;quot;,times,serif; font-size: 16px; font-style: normal; font-variant: normal; font-weight: 400; height: auto; letter-spacing: normal; max-width: 100%; orphans: 2; outline-color: #72777c; outline-style: solid; outline-width: 1px; text-align: left; text-decoration: none; text-indent: 0px; text-transform: none; -webkit-text-stroke-width: 0px; white-space: normal; word-spacing: 0px; margin: 0.5em 1em 0.5em 0px;\" src=\"https:\/\/dharservices.com\/wp-content\/uploads\/2019\/12\/programa-de-rejuvenecimiento-200x300.jpg\" alt=\"\" width=\"200\" height=\"300\" srcset=\"https:\/\/dharservices.com\/wp-content\/uploads\/2019\/12\/programa-de-rejuvenecimiento-200x300.jpg 200w, https:\/\/dharservices.com\/wp-content\/uploads\/2019\/12\/programa-de-rejuvenecimiento-100x150.jpg 100w, https:\/\/dharservices.com\/wp-content\/uploads\/2019\/12\/programa-de-rejuvenecimiento.jpg 575w\" sizes=\"auto, (max-width: 200px) 100vw, 200px\" \/><img loading=\"lazy\" decoding=\"async\" class=\"alignleft size-medium wp-image-4169\" style=\"color: #333333; float: left; font-family: Georgia,&amp;quot; times new roman&amp;quot;,&amp;quot;bitstream charter&amp;quot;,times,serif; font-size: 16px; font-style: normal; font-variant: normal; font-weight: 400; height: auto; letter-spacing: normal; max-width: 100%; orphans: 2; text-align: left; text-decoration: none; text-indent: 0px; text-transform: none; -webkit-text-stroke-width: 0px; white-space: normal; word-spacing: 0px; margin: 0.5em 1em 0.5em 0px;\" src=\"https:\/\/dharservices.com\/wp-content\/uploads\/2019\/12\/Creaci\u00f3n-del-objetivo-de-control-200x300.jpg\" alt=\"\" width=\"200\" height=\"300\" srcset=\"https:\/\/dharservices.com\/wp-content\/uploads\/2019\/12\/Creaci\u00f3n-del-objetivo-de-control-200x300.jpg 200w, https:\/\/dharservices.com\/wp-content\/uploads\/2019\/12\/Creaci\u00f3n-del-objetivo-de-control-100x150.jpg 100w, https:\/\/dharservices.com\/wp-content\/uploads\/2019\/12\/Creaci\u00f3n-del-objetivo-de-control.jpg 401w\" sizes=\"auto, (max-width: 200px) 100vw, 200px\" \/><img loading=\"lazy\" decoding=\"async\" class=\"alignleft size-medium wp-image-4167\" style=\"color: #333333; float: left; font-family: Georgia,&amp;quot; times new roman&amp;quot;,&amp;quot;bitstream charter&amp;quot;,times,serif; font-size: 16px; font-style: normal; font-variant: normal; font-weight: 400; height: auto; letter-spacing: normal; max-width: 100%; orphans: 2; outline-color: #72777c; outline-style: solid; outline-width: 1px; text-align: left; text-decoration: none; text-indent: 0px; text-transform: none; -webkit-text-stroke-width: 0px; white-space: normal; word-spacing: 0px; margin: 0.5em 1em 0.5em 0px;\" src=\"https:\/\/dharservices.com\/wp-content\/uploads\/2019\/12\/Gu\u00eda-Pr\u00e1ctica-del-uso-de-secuencias-numeicas-209x300.jpg\" alt=\"\" width=\"209\" height=\"300\" srcset=\"https:\/\/dharservices.com\/wp-content\/uploads\/2019\/12\/Gu\u00eda-Pr\u00e1ctica-del-uso-de-secuencias-numeicas-209x300.jpg 209w, https:\/\/dharservices.com\/wp-content\/uploads\/2019\/12\/Gu\u00eda-Pr\u00e1ctica-del-uso-de-secuencias-numeicas-105x150.jpg 105w, https:\/\/dharservices.com\/wp-content\/uploads\/2019\/12\/Gu\u00eda-Pr\u00e1ctica-del-uso-de-secuencias-numeicas-768x1102.jpg 768w, https:\/\/dharservices.com\/wp-content\/uploads\/2019\/12\/Gu\u00eda-Pr\u00e1ctica-del-uso-de-secuencias-numeicas-713x1024.jpg 713w, https:\/\/dharservices.com\/wp-content\/uploads\/2019\/12\/Gu\u00eda-Pr\u00e1ctica-del-uso-de-secuencias-numeicas.jpg 1068w\" sizes=\"auto, (max-width: 209px) 100vw, 209px\" \/><\/p>\n<p><img loading=\"lazy\" decoding=\"async\" class=\"alignleft size-medium wp-image-4163\" src=\"https:\/\/dharservices.com\/wp-content\/uploads\/2019\/12\/rescue-control-198x300.jpg\" alt=\"\" width=\"198\" height=\"300\" srcset=\"https:\/\/dharservices.com\/wp-content\/uploads\/2019\/12\/rescue-control-198x300.jpg 198w, https:\/\/dharservices.com\/wp-content\/uploads\/2019\/12\/rescue-control-99x150.jpg 99w, https:\/\/dharservices.com\/wp-content\/uploads\/2019\/12\/rescue-control.jpg 438w\" sizes=\"auto, (max-width: 198px) 100vw, 198px\" \/><img loading=\"lazy\" decoding=\"async\" class=\"alignleft size-medium wp-image-4166\" src=\"https:\/\/dharservices.com\/wp-content\/uploads\/2019\/12\/guia-Pr\u00e1ctico-do-uso-de-sequenciass-numericas-209x300.jpg\" alt=\"\" width=\"209\" height=\"300\" srcset=\"https:\/\/dharservices.com\/wp-content\/uploads\/2019\/12\/guia-Pr\u00e1ctico-do-uso-de-sequenciass-numericas-209x300.jpg 209w, https:\/\/dharservices.com\/wp-content\/uploads\/2019\/12\/guia-Pr\u00e1ctico-do-uso-de-sequenciass-numericas-105x150.jpg 105w, https:\/\/dharservices.com\/wp-content\/uploads\/2019\/12\/guia-Pr\u00e1ctico-do-uso-de-sequenciass-numericas-768x1102.jpg 768w, https:\/\/dharservices.com\/wp-content\/uploads\/2019\/12\/guia-Pr\u00e1ctico-do-uso-de-sequenciass-numericas-714x1024.jpg 714w, https:\/\/dharservices.com\/wp-content\/uploads\/2019\/12\/guia-Pr\u00e1ctico-do-uso-de-sequenciass-numericas.jpg 810w\" sizes=\"auto, (max-width: 209px) 100vw, 209px\" \/><img loading=\"lazy\" decoding=\"async\" class=\"alignleft size-medium wp-image-4168\" src=\"https:\/\/dharservices.com\/wp-content\/uploads\/2019\/12\/Creation-of-control-goal-200x300.jpg\" alt=\"\" width=\"200\" height=\"300\" srcset=\"https:\/\/dharservices.com\/wp-content\/uploads\/2019\/12\/Creation-of-control-goal-200x300.jpg 200w, https:\/\/dharservices.com\/wp-content\/uploads\/2019\/12\/Creation-of-control-goal-100x150.jpg 100w, https:\/\/dharservices.com\/wp-content\/uploads\/2019\/12\/Creation-of-control-goal.jpg 309w\" sizes=\"auto, (max-width: 200px) 100vw, 200px\" \/><img loading=\"lazy\" decoding=\"async\" class=\"alignleft size-medium wp-image-4170\" src=\"https:\/\/dharservices.com\/wp-content\/uploads\/2019\/12\/Controlling-the-goals-197x300.jpg\" alt=\"\" width=\"197\" height=\"300\" srcset=\"https:\/\/dharservices.com\/wp-content\/uploads\/2019\/12\/Controlling-the-goals-197x300.jpg 197w, https:\/\/dharservices.com\/wp-content\/uploads\/2019\/12\/Controlling-the-goals-98x150.jpg 98w, https:\/\/dharservices.com\/wp-content\/uploads\/2019\/12\/Controlling-the-goals.jpg 303w\" sizes=\"auto, (max-width: 197px) 100vw, 197px\" \/><\/p>\n","protected":false},"excerpt":{"rendered":"<p>GRIGORI PETROVICH GRABOVOI Naci\u00f3 el 14 de noviembre de 1963 en la ciudad de Bogara, distrito de Kirov, en la regi\u00f3n de Chimkent, en Kazajst\u00e1n. Estudi\u00f3 en la facultad de matem\u00e1ticas aplicadas de la Universidad de Tashkent, gradu\u00e1ndose en 1986. Es acad\u00e9mico de la Academia Internacional de Informatizaci\u00f3n y consejero del servicio de aviaci\u00f3n federal ruso. Sus extraordinarias dotes de clarividencia y sanaci\u00f3n lo han convertido en una figura mundialmente famosa. Ha sido condecorado por la Academia Rusa de Ciencias con la medalla de plata I. P. Pavlov por su contribuci\u00f3n en \u201cLa mejora de la medicina y de la salud p\u00fablica\u201d, tambi\u00e9n con la medalla Pedro el Grande por su contribuci\u00f3n al \u201crenacer de la ciencia y la econom\u00eda en Rusia\u201d. Sus habilidades \u00fanicas van m\u00e1s all\u00e1 de nuestra comprensi\u00f3n com\u00fan. Se puede f\u00e1cilmente navegar por el pasado de cualquier persona y predecir el futuro, predecir terremotos. \u00c9l es capaz de hacer diagn\u00f3sticos nos solo de la gente, sino tambi\u00e9n predice los defectos tecnol\u00f3gicos en los autom\u00f3viles, aviones y otros sistemas mec\u00e1nicos y todo lo hace a trav\u00e9s de larga distancia. \u2022 Acad\u00e9mico de la Academia de Ciencias de Rusia \u2022 Acad\u00e9mico de la Academia Internacional de la Informaci\u00f3n \u2022 Acad\u00e9mico de la Academia Rusa de Ciencias Naturales \u2022 Acad\u00e9mico de la Academia Italiana de Ciencias \u2022 Honrado por el acad\u00e9mico de la Academia Rusa de la tecnolog\u00eda espacial \u2022 Doctor en Ciencias \u2022 Doctor en Filosof\u00eda \u2022 Doctor en Ciencias T\u00e9cnicas \u2022 Miembro asociado de las Naciones Unidas \u2022 Miembro de la Liga Profesional psicoterap\u00e9utic \u2022 Gran Maestro de la Ciencia y la Educaci\u00f3n Mundial Algunas de sus habilidades son: \u2022 La capacidad de describir con precisi\u00f3n el aspecto y el car\u00e1cter de alguien, al conocer el primero y segundo apellido de la persona. \u2022 Tiene la capacidad de seguimiento de la informaci\u00f3n entre las personas sin importar la distancia o idioma que utilicen. \u2022 La capacidad de diagnosticar los defectos tecnol\u00f3gicos a larga distancia. \u2022 La capacidad de materializar y desmaterializar diferentes objetos. \u2022 La capacidad de curar el c\u00e1ncer, el sida y resucitar a los muertos. Acerca de su ense\u00f1anza: Se ha registrado en las Naciones Unidas y aprobada como disciplina independiente, por el Ministerio de Educaci\u00f3n de Rusia. La nueva tecnolog\u00eda de la conciencia desarrollada por Grabovoi confirma que, mediante el uso de la concentraci\u00f3n en la combinaci\u00f3n espec\u00edfica de n\u00fameros, pueden ayudar a curar muchas enfermedades y condiciones relacionadas con la enfermedad. Grabovoi dice que la conciencia humana es capaz de reflejar la realidad a trav\u00e9s de la percepci\u00f3n y la sensaci\u00f3n, tambi\u00e9n se trata de una sustancia creativa a trav\u00e9s del cual el ser humano puede ser un creador. La base fundamental en la ense\u00f1anza Grabovoi est\u00e1 determinada por la creaci\u00f3n divina del Universo. Seg\u00fan Grabovoi Dios es la fuente b\u00e1sica, y la esencia de todo. Dios hace hincapi\u00e9 en las emociones, especialmente Alegr\u00eda, Luz y Amor, como base principal para la creaci\u00f3n del Universo. S\u00f3lo la comprensi\u00f3n adecuada del mundo, con \u00e9nfasis en Alegr\u00eda, Luz y Amor proporcionar\u00e1 significados de vivir la vida feliz. El crecimiento espiritual de la conciencia es un verdadero camino hacia Dios y hacia el conocimiento de su creaci\u00f3n. Para alguien que es capaz de lograr un mayor nivel de conciencia la verdad se abre. La conciencia de Dios determina toda nuestra existencia en este mundo. Nuestra conciencia parece ser un gran poder creativo. A trav\u00e9s de nuestra conciencia se puede lograr el control de los procesos creativos y en lo f\u00edsico (cuerpo), donde nuestra alma realiza el papel de factor de control (estructura). El alma es capaz de regenerar y sanar en el nivel celular. Todo en el mundo puede ser considerado como objetos de informaci\u00f3n. La informaci\u00f3n tambi\u00e9n est\u00e1 jugando un papel importante en nuestra vida cotidiana. Todo en este mundo est\u00e1 conectado a trav\u00e9s de los canales informativos. Por alteraci\u00f3n de las conexiones se puede cambiar el sistema mundial de una manera hol\u00edstica. Grabovoi ha descubierto un mecanismo de control y tecnolog\u00edas que pueden ser directamente aplicado a influir en el sistema global de informaci\u00f3n. La conciencia y las sensaciones son herramientas para cambiar la informaci\u00f3n. Lleg\u00f3 a la conclusi\u00f3n de que en determinadas condiciones de un tipo de informaci\u00f3n puede convertirse en otro tipo de informaci\u00f3n. Al influir en la informaci\u00f3n a trav\u00e9s de la conciencia y las sensaciones de otra forma de informaci\u00f3n puede ser creado (control de la informaci\u00f3n). EL control de la informaci\u00f3n permite la gesti\u00f3n de eventos. Los principios fundamentales de la doctrina \u201csobre la Salvaci\u00f3n y el Desarrollo Arm\u00f3nico\u201d, se centra en la salvaci\u00f3n mundial, la salvaci\u00f3n de cada individuo, y proporcionar un desarrollo armonioso eterno. \u2022 El objetivo m\u00e1s importante de las tecnolog\u00edas de Grigori Grabovoi es prevenir al Mundo de una posible destrucci\u00f3n catastr\u00f3fica. \u2022 El principal m\u00e9todo para lograr este objetivo es proporcionar educaci\u00f3n a los dem\u00e1s sobre las tecnolog\u00edas de Grigori Grabovoi \u2022 De acuerdo con el plan del Creador sobre el desarrollo eterno en la conciencia de cada individuo, como un elemento de la conciencia del mundo, es un factor muy importante en la creaci\u00f3n de eventos futuros \u2022 Destaca Grigori Grabovoi, que la moral de la ense\u00f1anza en cada individuo se recibe de la verdadera libertad del Creador, a trav\u00e9s de una forma personal creativa de participantes en eventos futuros \u2022 La necesidad de difusi\u00f3n de la ense\u00f1anza, integrada con la salvaci\u00f3n mundial y prestaci\u00f3n de un desarrollo armonioso eterno, en la que cada individuo es un participante creativo en los eventos del Mundo de acuerdo a la ley del Creador. La ense\u00f1anza Grabovoi no est\u00e1 en contradicci\u00f3n con los principios de la religiones fundamentales o conceptos que se tienen, se centra en una forma creativa, del desarrollo eterno sin destrucci\u00f3n. Seg\u00fan Grabovoi a trav\u00e9s de la concentraci\u00f3n mental y comprensi\u00f3n de la din\u00e1mica entre los acontecimientos externos y el mundo es posible dominar la tecnolog\u00eda de control de eventos. \u00c9l desarroll\u00f3 ejercicios mentales de concentraci\u00f3n que se aplican a diferentes partes del&hellip;<\/p>\n","protected":false},"author":1,"featured_media":0,"parent":0,"menu_order":0,"comment_status":"closed","ping_status":"closed","template":"","meta":{"footnotes":""},"class_list":["post-4161","page","type-page","status-publish","hentry"],"_links":{"self":[{"href":"https:\/\/dharservices.com\/index.php?rest_route=\/wp\/v2\/pages\/4161","targetHints":{"allow":["GET"]}}],"collection":[{"href":"https:\/\/dharservices.com\/index.php?rest_route=\/wp\/v2\/pages"}],"about":[{"href":"https:\/\/dharservices.com\/index.php?rest_route=\/wp\/v2\/types\/page"}],"author":[{"embeddable":true,"href":"https:\/\/dharservices.com\/index.php?rest_route=\/wp\/v2\/users\/1"}],"replies":[{"embeddable":true,"href":"https:\/\/dharservices.com\/index.php?rest_route=%2Fwp%2Fv2%2Fcomments&post=4161"}],"version-history":[{"count":2,"href":"https:\/\/dharservices.com\/index.php?rest_route=\/wp\/v2\/pages\/4161\/revisions"}],"predecessor-version":[{"id":4173,"href":"https:\/\/dharservices.com\/index.php?rest_route=\/wp\/v2\/pages\/4161\/revisions\/4173"}],"wp:attachment":[{"href":"https:\/\/dharservices.com\/index.php?rest_route=%2Fwp%2Fv2%2Fmedia&parent=4161"}],"curies":[{"name":"wp","href":"https:\/\/api.w.org\/{rel}","templated":true}]}}