{"id":4183,"date":"2019-12-08T20:17:48","date_gmt":"2019-12-09T04:17:48","guid":{"rendered":"http:\/\/dharservices.com\/?page_id=4183"},"modified":"2019-12-08T20:17:51","modified_gmt":"2019-12-09T04:17:51","slug":"dr-dora-soler","status":"publish","type":"page","link":"https:\/\/dharservices.com\/?page_id=4183","title":{"rendered":"Dr. Dora Soler"},"content":{"rendered":"<p><img loading=\"lazy\" decoding=\"async\" class=\"alignleft size-medium wp-image-4185\" src=\"https:\/\/dharservices.com\/wp-content\/uploads\/2019\/12\/Dora-Soler-e1575864854776-225x300.jpg\" alt=\"\" width=\"225\" height=\"300\" srcset=\"https:\/\/dharservices.com\/wp-content\/uploads\/2019\/12\/Dora-Soler-e1575864854776-225x300.jpg 225w, https:\/\/dharservices.com\/wp-content\/uploads\/2019\/12\/Dora-Soler-e1575864854776-113x150.jpg 113w, https:\/\/dharservices.com\/wp-content\/uploads\/2019\/12\/Dora-Soler-e1575864854776.jpg 688w\" sizes=\"auto, (max-width: 225px) 100vw, 225px\" \/><\/p>\n<p>Escritora Colombiana, naci\u00f3 en San Gil, Santander.<br \/>\nPediatra Integrativa de Universidad Nacional y en la Universidad de Buenos Aires Argentina.<\/p>\n<p>Con estudios en:<\/p>\n<p>Coaching ontol\u00f3gico<br \/>\nMedicina biol\u00f3gica, Universidad del Bosque<br \/>\nMedicina Tradicional China<br \/>\nHomeopat\u00eda.<br \/>\nSinterg\u00e9tica<br \/>\nMedicina C\u00f3smica<br \/>\nOtros.<\/p>\n<p>Servidora de la Luz para la Luz.<\/p>\n<p>Libros de la autora:<\/p>\n<p>DISFRACMENTACI\u00d3N DEL SER VS. DROGADICI\u00d3N<\/p>\n<p>PREGUNTAS Y RESPUESTAS C\u00d3SMICAS<br \/>\nMANUAL DINAMICO C\u00d3SMICO<\/p>\n<p>FRECUENCIAS C\u00d3SMICAS (CO-AUTORA)<\/p>\n<p>Enkuentroscosmicos10@gmail.com <img loading=\"lazy\" decoding=\"async\" class=\"alignleft size-medium wp-image-4187\" style=\"color: #333333; float: left; font-family: Georgia,&amp;quot; times new roman&amp;quot;,&amp;quot;bitstream charter&amp;quot;,times,serif; font-size: 16px; font-style: normal; font-variant: normal; font-weight: 400; height: auto; letter-spacing: normal; max-width: 100%; orphans: 2; text-align: left; text-decoration: none; text-indent: 0px; text-transform: none; -webkit-text-stroke-width: 0px; white-space: normal; word-spacing: 0px; margin: 0.5em 1em 0.5em 0px;\" src=\"https:\/\/dharservices.com\/wp-content\/uploads\/2019\/12\/Dora-cove-desfrac-kindle-copy-200x300.jpg\" alt=\"\" width=\"200\" height=\"300\" srcset=\"https:\/\/dharservices.com\/wp-content\/uploads\/2019\/12\/Dora-cove-desfrac-kindle-copy-200x300.jpg 200w, https:\/\/dharservices.com\/wp-content\/uploads\/2019\/12\/Dora-cove-desfrac-kindle-copy-100x150.jpg 100w, https:\/\/dharservices.com\/wp-content\/uploads\/2019\/12\/Dora-cove-desfrac-kindle-copy-768x1152.jpg 768w, https:\/\/dharservices.com\/wp-content\/uploads\/2019\/12\/Dora-cove-desfrac-kindle-copy-683x1024.jpg 683w\" sizes=\"auto, (max-width: 200px) 100vw, 200px\" \/><b><\/b><i><\/i><u><\/u><\/p>\n<p>sus libros se encuentran en Amazon.com<\/p>\n<p><img loading=\"lazy\" decoding=\"async\" class=\"alignleft size-medium wp-image-4186\" src=\"https:\/\/dharservices.com\/wp-content\/uploads\/2019\/12\/Dora-cover-Kanser-Kindle-200x300.jpg\" alt=\"\" width=\"200\" height=\"300\" srcset=\"https:\/\/dharservices.com\/wp-content\/uploads\/2019\/12\/Dora-cover-Kanser-Kindle-200x300.jpg 200w, https:\/\/dharservices.com\/wp-content\/uploads\/2019\/12\/Dora-cover-Kanser-Kindle-100x150.jpg 100w, https:\/\/dharservices.com\/wp-content\/uploads\/2019\/12\/Dora-cover-Kanser-Kindle-768x1152.jpg 768w, https:\/\/dharservices.com\/wp-content\/uploads\/2019\/12\/Dora-cover-Kanser-Kindle-683x1024.jpg 683w\" sizes=\"auto, (max-width: 200px) 100vw, 200px\" \/><\/p>\n","protected":false},"excerpt":{"rendered":"<p>Escritora Colombiana, naci\u00f3 en San Gil, Santander. Pediatra Integrativa de Universidad Nacional y en la Universidad de Buenos Aires Argentina. Con estudios en: Coaching ontol\u00f3gico Medicina biol\u00f3gica, Universidad del Bosque Medicina Tradicional China Homeopat\u00eda. Sinterg\u00e9tica Medicina C\u00f3smica Otros. Servidora de la Luz para la Luz. Libros de la autora: DISFRACMENTACI\u00d3N DEL SER VS. DROGADICI\u00d3N PREGUNTAS Y RESPUESTAS C\u00d3SMICAS MANUAL DINAMICO C\u00d3SMICO FRECUENCIAS C\u00d3SMICAS (CO-AUTORA) Enkuentroscosmicos10@gmail.com sus libros se encuentran en Amazon.com<\/p>\n","protected":false},"author":1,"featured_media":0,"parent":0,"menu_order":0,"comment_status":"closed","ping_status":"closed","template":"","meta":{"footnotes":""},"class_list":["post-4183","page","type-page","status-publish","hentry"],"_links":{"self":[{"href":"https:\/\/dharservices.com\/index.php?rest_route=\/wp\/v2\/pages\/4183","targetHints":{"allow":["GET"]}}],"collection":[{"href":"https:\/\/dharservices.com\/index.php?rest_route=\/wp\/v2\/pages"}],"about":[{"href":"https:\/\/dharservices.com\/index.php?rest_route=\/wp\/v2\/types\/page"}],"author":[{"embeddable":true,"href":"https:\/\/dharservices.com\/index.php?rest_route=\/wp\/v2\/users\/1"}],"replies":[{"embeddable":true,"href":"https:\/\/dharservices.com\/index.php?rest_route=%2Fwp%2Fv2%2Fcomments&post=4183"}],"version-history":[{"count":1,"href":"https:\/\/dharservices.com\/index.php?rest_route=\/wp\/v2\/pages\/4183\/revisions"}],"predecessor-version":[{"id":4188,"href":"https:\/\/dharservices.com\/index.php?rest_route=\/wp\/v2\/pages\/4183\/revisions\/4188"}],"wp:attachment":[{"href":"https:\/\/dharservices.com\/index.php?rest_route=%2Fwp%2Fv2%2Fmedia&parent=4183"}],"curies":[{"name":"wp","href":"https:\/\/api.w.org\/{rel}","templated":true}]}}